{"id":325,"date":"2025-04-15T10:13:11","date_gmt":"2025-04-15T08:13:11","guid":{"rendered":"https:\/\/immobilien-lindstedt-2.bendit.de\/leibrente-finanziell-sorglos-im-alltag\/"},"modified":"2025-04-15T11:57:37","modified_gmt":"2025-04-15T09:57:37","slug":"leibrente-finanziell-sorglos-im-alltag","status":"publish","type":"page","link":"https:\/\/immobilien-lindstedt.bendit.de\/en\/financially-carefree-in-everyday-life\/","title":{"rendered":"Life annuity: Financially carefree in everyday life"},"content":{"rendered":"<div data-elementor-type=\"wp-page\" data-elementor-id=\"325\" class=\"elementor elementor-325\">\n\t\t\t\t\t\t<section class=\"elementor-section elementor-top-section elementor-element elementor-element-5b1c4577 elementor-section-boxed elementor-section-height-default elementor-section-height-default\" data-id=\"5b1c4577\" data-element_type=\"section\">\n\t\t\t\t\t\t<div class=\"elementor-container elementor-column-gap-default\">\n\t\t\t\t\t<div class=\"elementor-column elementor-col-100 elementor-top-column elementor-element elementor-element-29ea974e\" data-id=\"29ea974e\" data-element_type=\"column\">\n\t\t\t<div class=\"elementor-widget-wrap elementor-element-populated\">\n\t\t\t\t\t\t<div class=\"elementor-element elementor-element-6aa430d2 elementor-widget elementor-widget-heading\" data-id=\"6aa430d2\" data-element_type=\"widget\" data-widget_type=\"heading.default\">\n\t\t\t\t<div class=\"elementor-widget-container\">\n\t\t\t\t\t<h4 class=\"elementor-heading-title elementor-size-default\">What is possible for me?<\/h4>\t\t\t\t<\/div>\n\t\t\t\t<\/div>\n\t\t\t\t<div class=\"elementor-element elementor-element-5e9e4c16 elementor-widget elementor-widget-text-editor\" data-id=\"5e9e4c16\" data-element_type=\"widget\" data-widget_type=\"text-editor.default\">\n\t\t\t\t<div class=\"elementor-widget-container\">\n\t\t\t\t\t\t\t\t\t<p>Is the \"life annuity\" model also an option for you to secure your standard of living in old age? Check now - simply, quickly and without obligation.<\/p><p>Retire and stay in your home instead of selling and moving out. A model that may be of interest to many owners.<\/p><p>The test is completely non-binding and secure for you.<\/p>\t\t\t\t\t\t\t\t<\/div>\n\t\t\t\t<\/div>\n\t\t\t\t\t<\/div>\n\t\t<\/div>\n\t\t\t\t\t<\/div>\n\t\t<\/section>\n\t\t\t\t<section class=\"elementor-section elementor-top-section elementor-element elementor-element-70b56b50 elementor-section-boxed elementor-section-height-default elementor-section-height-default\" data-id=\"70b56b50\" data-element_type=\"section\">\n\t\t\t\t\t\t<div class=\"elementor-container elementor-column-gap-default\">\n\t\t\t\t\t<div class=\"elementor-column elementor-col-100 elementor-top-column elementor-element elementor-element-567f41e\" data-id=\"567f41e\" data-element_type=\"column\">\n\t\t\t<div class=\"elementor-widget-wrap elementor-element-populated\">\n\t\t\t\t\t\t<div class=\"elementor-element elementor-element-293581fa elementor-widget elementor-widget-text-editor\" data-id=\"293581fa\" data-element_type=\"widget\" data-widget_type=\"text-editor.default\">\n\t\t\t\t<div class=\"elementor-widget-container\">\n\t\t\t\t\t\t\t\t\t<script src=\"https:\/\/iframe.immowissen.org\/loader.min.js\" data-company=\"immobilien-lindstedt\" data-slug=\"leibrenten-check\"  data-bottimmo defer><\/script>\t\t\t\t\t\t\t\t<\/div>\n\t\t\t\t<\/div>\n\t\t\t\t\t<\/div>\n\t\t<\/div>\n\t\t\t\t\t<\/div>\n\t\t<\/section>\n\t\t\t\t<section class=\"elementor-section elementor-top-section elementor-element elementor-element-2120dd0 elementor-section-boxed elementor-section-height-default elementor-section-height-default\" data-id=\"2120dd0\" data-element_type=\"section\" data-settings=\"{&quot;background_background&quot;:&quot;classic&quot;}\">\n\t\t\t\t\t\t<div class=\"elementor-container elementor-column-gap-default\">\n\t\t\t\t\t<div class=\"elementor-column elementor-col-33 elementor-top-column elementor-element elementor-element-683f050\" data-id=\"683f050\" data-element_type=\"column\">\n\t\t\t<div class=\"elementor-widget-wrap elementor-element-populated\">\n\t\t\t\t\t\t<div class=\"elementor-element elementor-element-4de14c79 elementor-position-inline-start elementor-view-default elementor-mobile-position-block-start elementor-widget elementor-widget-icon-box\" data-id=\"4de14c79\" data-element_type=\"widget\" data-widget_type=\"icon-box.default\">\n\t\t\t\t<div class=\"elementor-widget-container\">\n\t\t\t\t\t\t\t<div class=\"elementor-icon-box-wrapper\">\n\n\t\t\t\t\t\t<div class=\"elementor-icon-box-icon\">\n\t\t\t\t<span  class=\"elementor-icon\">\n\t\t\t\t<svg aria-hidden=\"true\" class=\"e-font-icon-svg e-fas-piggy-bank\" viewbox=\"0 0 576 512\" xmlns=\"http:\/\/www.w3.org\/2000\/svg\"><path d=\"M560 224h-29.5c-8.8-20-21.6-37.7-37.4-52.5L512 96h-32c-29.4 0-55.4 13.5-73 34.3-7.6-1.1-15.1-2.3-23-2.3H256c-77.4 0-141.9 55-156.8 128H56c-14.8 0-26.5-13.5-23.5-28.8C34.7 215.8 45.4 208 57 208h1c3.3 0 6-2.7 6-6v-20c0-3.3-2.7-6-6-6-28.5 0-53.9 20.4-57.5 48.6C-3.9 258.8 22.7 288 56 288h40c0 52.2 25.4 98.1 64 127.3V496c0 8.8 7.2 16 16 16h64c8.8 0 16-7.2 16-16v-48h128v48c0 8.8 7.2 16 16 16h64c8.8 0 16-7.2 16-16v-80.7c11.8-8.9 22.3-19.4 31.3-31.3H560c8.8 0 16-7.2 16-16V240c0-8.8-7.2-16-16-16zm-128 64c-8.8 0-16-7.2-16-16s7.2-16 16-16 16 7.2 16 16-7.2 16-16 16zM256 96h128c5.4 0 10.7.4 15.9.8 0-.3.1-.5.1-.8 0-53-43-96-96-96s-96 43-96 96c0 2.1.5 4.1.6 6.2 15.2-3.9 31-6.2 47.4-6.2z\"><\/path><\/svg>\t\t\t\t<\/span>\n\t\t\t<\/div>\n\t\t\t\n\t\t\t\t\t\t<div class=\"elementor-icon-box-content\">\n\n\t\t\t\t\n\t\t\t\t\t\t\t\t\t<p class=\"elementor-icon-box-description\">\n\t\t\t\t\t\tNon-binding &amp; secure\t\t\t\t\t<\/p>\n\t\t\t\t\n\t\t\t<\/div>\n\t\t\t\n\t\t<\/div>\n\t\t\t\t\t\t<\/div>\n\t\t\t\t<\/div>\n\t\t\t\t\t<\/div>\n\t\t<\/div>\n\t\t\t\t<div class=\"elementor-column elementor-col-33 elementor-top-column elementor-element elementor-element-4adaa6ef\" data-id=\"4adaa6ef\" data-element_type=\"column\">\n\t\t\t<div class=\"elementor-widget-wrap elementor-element-populated\">\n\t\t\t\t\t\t<div class=\"elementor-element elementor-element-7e5d4ca1 elementor-position-inline-start elementor-view-default elementor-mobile-position-block-start elementor-widget elementor-widget-icon-box\" data-id=\"7e5d4ca1\" data-element_type=\"widget\" data-widget_type=\"icon-box.default\">\n\t\t\t\t<div class=\"elementor-widget-container\">\n\t\t\t\t\t\t\t<div class=\"elementor-icon-box-wrapper\">\n\n\t\t\t\t\t\t<div class=\"elementor-icon-box-icon\">\n\t\t\t\t<span  class=\"elementor-icon\">\n\t\t\t\t<svg aria-hidden=\"true\" class=\"e-font-icon-svg e-fas-globe-americas\" viewbox=\"0 0 496 512\" xmlns=\"http:\/\/www.w3.org\/2000\/svg\"><path d=\"M248 8C111.03 8 0 119.03 0 256s111.03 248 248 248 248-111.03 248-248S384.97 8 248 8zm82.29 357.6c-3.9 3.88-7.99 7.95-11.31 11.28-2.99 3-5.1 6.7-6.17 10.71-1.51 5.66-2.73 11.38-4.77 16.87l-17.39 46.85c-13.76 3-28 4.69-42.65 4.69v-27.38c1.69-12.62-7.64-36.26-22.63-51.25-6-6-9.37-14.14-9.37-22.63v-32.01c0-11.64-6.27-22.34-16.46-27.97-14.37-7.95-34.81-19.06-48.81-26.11-11.48-5.78-22.1-13.14-31.65-21.75l-.8-.72a114.792 114.792 0 0 1-18.06-20.74c-9.38-13.77-24.66-36.42-34.59-51.14 20.47-45.5 57.36-82.04 103.2-101.89l24.01 12.01C203.48 89.74 216 82.01 216 70.11v-11.3c7.99-1.29 16.12-2.11 24.39-2.42l28.3 28.3c6.25 6.25 6.25 16.38 0 22.63L264 112l-10.34 10.34c-3.12 3.12-3.12 8.19 0 11.31l4.69 4.69c3.12 3.12 3.12 8.19 0 11.31l-8 8a8.008 8.008 0 0 1-5.66 2.34h-8.99c-2.08 0-4.08.81-5.58 2.27l-9.92 9.65a8.008 8.008 0 0 0-1.58 9.31l15.59 31.19c2.66 5.32-1.21 11.58-7.15 11.58h-5.64c-1.93 0-3.79-.7-5.24-1.96l-9.28-8.06a16.017 16.017 0 0 0-15.55-3.1l-31.17 10.39a11.95 11.95 0 0 0-8.17 11.34c0 4.53 2.56 8.66 6.61 10.69l11.08 5.54c9.41 4.71 19.79 7.16 30.31 7.16s22.59 27.29 32 32h66.75c8.49 0 16.62 3.37 22.63 9.37l13.69 13.69a30.503 30.503 0 0 1 8.93 21.57 46.536 46.536 0 0 1-13.72 32.98zM417 274.25c-5.79-1.45-10.84-5-14.15-9.97l-17.98-26.97a23.97 23.97 0 0 1 0-26.62l19.59-29.38c2.32-3.47 5.5-6.29 9.24-8.15l12.98-6.49C440.2 193.59 448 223.87 448 256c0 8.67-.74 17.16-1.82 25.54L417 274.25z\"><\/path><\/svg>\t\t\t\t<\/span>\n\t\t\t<\/div>\n\t\t\t\n\t\t\t\t\t\t<div class=\"elementor-icon-box-content\">\n\n\t\t\t\t\n\t\t\t\t\t\t\t\t\t<p class=\"elementor-icon-box-description\">\n\t\t\t\t\t\tOnline &amp; fast\t\t\t\t\t<\/p>\n\t\t\t\t\n\t\t\t<\/div>\n\t\t\t\n\t\t<\/div>\n\t\t\t\t\t\t<\/div>\n\t\t\t\t<\/div>\n\t\t\t\t\t<\/div>\n\t\t<\/div>\n\t\t\t\t<div class=\"elementor-column elementor-col-33 elementor-top-column elementor-element elementor-element-ccefc1d\" data-id=\"ccefc1d\" data-element_type=\"column\">\n\t\t\t<div class=\"elementor-widget-wrap elementor-element-populated\">\n\t\t\t\t\t\t<div class=\"elementor-element elementor-element-48382859 elementor-position-inline-start elementor-view-default elementor-mobile-position-block-start elementor-widget elementor-widget-icon-box\" data-id=\"48382859\" data-element_type=\"widget\" data-widget_type=\"icon-box.default\">\n\t\t\t\t<div class=\"elementor-widget-container\">\n\t\t\t\t\t\t\t<div class=\"elementor-icon-box-wrapper\">\n\n\t\t\t\t\t\t<div class=\"elementor-icon-box-icon\">\n\t\t\t\t<span  class=\"elementor-icon\">\n\t\t\t\t<svg aria-hidden=\"true\" class=\"e-font-icon-svg e-far-money-bill-alt\" viewbox=\"0 0 640 512\" xmlns=\"http:\/\/www.w3.org\/2000\/svg\"><path d=\"M320 144c-53.02 0-96 50.14-96 112 0 61.85 42.98 112 96 112 53 0 96-50.13 96-112 0-61.86-42.98-112-96-112zm40 168c0 4.42-3.58 8-8 8h-64c-4.42 0-8-3.58-8-8v-16c0-4.42 3.58-8 8-8h16v-55.44l-.47.31a7.992 7.992 0 0 1-11.09-2.22l-8.88-13.31a7.992 7.992 0 0 1 2.22-11.09l15.33-10.22a23.99 23.99 0 0 1 13.31-4.03H328c4.42 0 8 3.58 8 8v88h16c4.42 0 8 3.58 8 8v16zM608 64H32C14.33 64 0 78.33 0 96v320c0 17.67 14.33 32 32 32h576c17.67 0 32-14.33 32-32V96c0-17.67-14.33-32-32-32zm-16 272c-35.35 0-64 28.65-64 64H112c0-35.35-28.65-64-64-64V176c35.35 0 64-28.65 64-64h416c0 35.35 28.65 64 64 64v160z\"><\/path><\/svg>\t\t\t\t<\/span>\n\t\t\t<\/div>\n\t\t\t\n\t\t\t\t\t\t<div class=\"elementor-icon-box-content\">\n\n\t\t\t\t\n\t\t\t\t\t\t\t\t\t<p class=\"elementor-icon-box-description\">\n\t\t\t\t\t\t0,- EUR\t\t\t\t\t<\/p>\n\t\t\t\t\n\t\t\t<\/div>\n\t\t\t\n\t\t<\/div>\n\t\t\t\t\t\t<\/div>\n\t\t\t\t<\/div>\n\t\t\t\t\t<\/div>\n\t\t<\/div>\n\t\t\t\t\t<\/div>\n\t\t<\/section>\n\t\t\t\t<section class=\"elementor-section elementor-top-section elementor-element elementor-element-1bf18186 elementor-section-boxed elementor-section-height-default elementor-section-height-default\" data-id=\"1bf18186\" data-element_type=\"section\">\n\t\t\t\t\t\t<div class=\"elementor-container elementor-column-gap-default\">\n\t\t\t\t\t<div class=\"elementor-column elementor-col-100 elementor-top-column elementor-element elementor-element-472d2d62\" data-id=\"472d2d62\" data-element_type=\"column\">\n\t\t\t<div class=\"elementor-widget-wrap elementor-element-populated\">\n\t\t\t\t\t\t<div class=\"elementor-element elementor-element-6ea4fd8d elementor-widget elementor-widget-spacer\" data-id=\"6ea4fd8d\" data-element_type=\"widget\" data-widget_type=\"spacer.default\">\n\t\t\t\t<div class=\"elementor-widget-container\">\n\t\t\t\t\t\t\t<div class=\"elementor-spacer\">\n\t\t\t<div class=\"elementor-spacer-inner\"><\/div>\n\t\t<\/div>\n\t\t\t\t\t\t<\/div>\n\t\t\t\t<\/div>\n\t\t\t\t<div class=\"elementor-element elementor-element-227f8025 elementor-widget elementor-widget-heading\" data-id=\"227f8025\" data-element_type=\"widget\" data-widget_type=\"heading.default\">\n\t\t\t\t<div class=\"elementor-widget-container\">\n\t\t\t\t\t<h4 class=\"elementor-heading-title elementor-size-default\">Financial security + staying in your own home? That's possible!<\/h4>\t\t\t\t<\/div>\n\t\t\t\t<\/div>\n\t\t\t\t<div class=\"elementor-element elementor-element-2294a86d elementor-widget elementor-widget-text-editor\" data-id=\"2294a86d\" data-element_type=\"widget\" data-widget_type=\"text-editor.default\">\n\t\t\t\t<div class=\"elementor-widget-container\">\n\t\t\t\t\t\t\t\t\t<p>Would you like to stay in your property while benefiting from the increase in value over the past few years? Then annuitizing your property may be an attractive option. But beware - there are a few things to bear in mind. In this guide, we show you all the opportunities and risks. We only need a few details from you to check whether the annuity model works for you. Do the quick check.<\/p>\t\t\t\t\t\t\t\t<\/div>\n\t\t\t\t<\/div>\n\t\t\t\t<div class=\"elementor-element elementor-element-56218371 elementor-widget elementor-widget-text-editor\" data-id=\"56218371\" data-element_type=\"widget\" data-widget_type=\"text-editor.default\">\n\t\t\t\t<div class=\"elementor-widget-container\">\n\t\t\t\t\t\t\t\t\t<script src=\"https:\/\/iframe.immowissen.org\/loader.min.js\" data-company=\"immobilien-lindstedt\" data-slug=\"telefonische-beratung\" data-variant=\"wizard\" data-bottimmo defer><\/script>\t\t\t\t\t\t\t\t<\/div>\n\t\t\t\t<\/div>\n\t\t\t\t\t<\/div>\n\t\t<\/div>\n\t\t\t\t\t<\/div>\n\t\t<\/section>\n\t\t\t\t<\/div>","protected":false},"excerpt":{"rendered":"<p>What is possible for me? Is the \"life annuity\" model a way for you to secure your standard of living in old age? Check now - simply, quickly and without obligation. Annuitize and stay in your home instead of selling and moving out. A model that may be of interest to many owners. The check is completely non-binding and secure for you. Non-binding &amp; [...]<\/p>","protected":false},"author":2,"featured_media":0,"parent":0,"menu_order":0,"comment_status":"closed","ping_status":"closed","template":"","meta":{"footnotes":""},"class_list":["post-325","page","type-page","status-publish","hentry"],"yoast_head":"<!-- This site is optimized with the Yoast SEO plugin v26.8 - https:\/\/yoast.com\/product\/yoast-seo-wordpress\/ -->\n<title>Leibrente: Finanziell sorglos im Alltag - Immobilien Lindstedt<\/title>\n<meta name=\"robots\" content=\"index, follow, max-snippet:-1, max-image-preview:large, max-video-preview:-1\" \/>\n<link rel=\"canonical\" href=\"https:\/\/immobilien-lindstedt.bendit.de\/en\/financially-carefree-in-everyday-life\/\" \/>\n<meta property=\"og:locale\" content=\"en_US\" \/>\n<meta property=\"og:type\" content=\"article\" \/>\n<meta property=\"og:title\" content=\"Leibrente: Finanziell sorglos im Alltag - Immobilien Lindstedt\" \/>\n<meta property=\"og:description\" content=\"Was ist f\u00fcr mich m\u00f6glich? Ist das Modell &#8220;Leibrente&#8221; auch f\u00fcr Sie eine M\u00f6glichkeit, Ihren Lebensstandard im Alter zu sichern? Jetzt \u00fcberpr\u00fcfen &#8211; einfach, schnell und unverbindlich. Verrenten und wohnen bleiben anstatt verkaufen und ausziehen. Ein Modell, das f\u00fcr viele\u00a0 Eigent\u00fcmer interessant sein kann. Die Pr\u00fcfung ist f\u00fcr Sie komplett unverbindlich und sicher. Unverbindlich &#038; [&hellip;]\" \/>\n<meta property=\"og:url\" content=\"https:\/\/immobilien-lindstedt.bendit.de\/en\/financially-carefree-in-everyday-life\/\" \/>\n<meta property=\"og:site_name\" content=\"Immobilien Lindstedt\" \/>\n<meta property=\"article:publisher\" content=\"https:\/\/www.facebook.com\/immobilienlindstedt\/\" \/>\n<meta property=\"article:modified_time\" content=\"2025-04-15T09:57:37+00:00\" \/>\n<meta property=\"og:image\" content=\"https:\/\/immobilien-lindstedt.bendit.de\/wp-content\/uploads\/2025\/04\/logo-mit-vip-transparent.png\" \/>\n\t<meta property=\"og:image:width\" content=\"1018\" \/>\n\t<meta property=\"og:image:height\" content=\"166\" \/>\n\t<meta property=\"og:image:type\" content=\"image\/png\" \/>\n<meta name=\"twitter:card\" content=\"summary_large_image\" \/>\n<meta name=\"twitter:site\" content=\"@ImmoLindstedt\" \/>\n<meta name=\"twitter:label1\" content=\"Est. reading time\" \/>\n\t<meta name=\"twitter:data1\" content=\"1 minute\" \/>\n<script type=\"application\/ld+json\" class=\"yoast-schema-graph\">{\"@context\":\"https:\/\/schema.org\",\"@graph\":[{\"@type\":\"WebPage\",\"@id\":\"https:\/\/immobilien-lindstedt.bendit.de\/leibrente-finanziell-sorglos-im-alltag\/\",\"url\":\"https:\/\/immobilien-lindstedt.bendit.de\/leibrente-finanziell-sorglos-im-alltag\/\",\"name\":\"Leibrente: Finanziell sorglos im Alltag - Immobilien Lindstedt\",\"isPartOf\":{\"@id\":\"https:\/\/immobilien-lindstedt.bendit.de\/en\/#website\"},\"datePublished\":\"2025-04-15T08:13:11+00:00\",\"dateModified\":\"2025-04-15T09:57:37+00:00\",\"breadcrumb\":{\"@id\":\"https:\/\/immobilien-lindstedt.bendit.de\/leibrente-finanziell-sorglos-im-alltag\/#breadcrumb\"},\"inLanguage\":\"en-US\",\"potentialAction\":[{\"@type\":\"ReadAction\",\"target\":[\"https:\/\/immobilien-lindstedt.bendit.de\/leibrente-finanziell-sorglos-im-alltag\/\"]}]},{\"@type\":\"BreadcrumbList\",\"@id\":\"https:\/\/immobilien-lindstedt.bendit.de\/leibrente-finanziell-sorglos-im-alltag\/#breadcrumb\",\"itemListElement\":[{\"@type\":\"ListItem\",\"position\":1,\"name\":\"Startseite\",\"item\":\"https:\/\/immobilien-lindstedt.bendit.de\/en\/\"},{\"@type\":\"ListItem\",\"position\":2,\"name\":\"Leibrente: Finanziell sorglos im Alltag\"}]},{\"@type\":\"WebSite\",\"@id\":\"https:\/\/immobilien-lindstedt.bendit.de\/en\/#website\",\"url\":\"https:\/\/immobilien-lindstedt.bendit.de\/en\/\",\"name\":\"Immobilien Lindstedt\",\"description\":\"\",\"publisher\":{\"@id\":\"https:\/\/immobilien-lindstedt.bendit.de\/en\/#organization\"},\"potentialAction\":[{\"@type\":\"SearchAction\",\"target\":{\"@type\":\"EntryPoint\",\"urlTemplate\":\"https:\/\/immobilien-lindstedt.bendit.de\/en\/?s={search_term_string}\"},\"query-input\":{\"@type\":\"PropertyValueSpecification\",\"valueRequired\":true,\"valueName\":\"search_term_string\"}}],\"inLanguage\":\"en-US\"},{\"@type\":\"Organization\",\"@id\":\"https:\/\/immobilien-lindstedt.bendit.de\/en\/#organization\",\"name\":\"Immobilien Lindstedt\",\"url\":\"https:\/\/immobilien-lindstedt.bendit.de\/en\/\",\"logo\":{\"@type\":\"ImageObject\",\"inLanguage\":\"en-US\",\"@id\":\"https:\/\/immobilien-lindstedt.bendit.de\/en\/#\/schema\/logo\/image\/\",\"url\":\"https:\/\/immobilien-lindstedt.bendit.de\/wp-content\/uploads\/2025\/04\/logo-mit-vip-transparent.png\",\"contentUrl\":\"https:\/\/immobilien-lindstedt.bendit.de\/wp-content\/uploads\/2025\/04\/logo-mit-vip-transparent.png\",\"width\":1018,\"height\":166,\"caption\":\"Immobilien Lindstedt\"},\"image\":{\"@id\":\"https:\/\/immobilien-lindstedt.bendit.de\/en\/#\/schema\/logo\/image\/\"},\"sameAs\":[\"https:\/\/www.facebook.com\/immobilienlindstedt\/\",\"https:\/\/x.com\/ImmoLindstedt\",\"https:\/\/www.linkedin.com\/in\/christian-lindstedt-8b7044b0\/\",\"https:\/\/www.instagram.com\/immobilien_lindstedt_gmbh\/\",\"https:\/\/www.youtube.com\/c\/ImmobilienLindstedt\"]}]}<\/script>\n<!-- \/ Yoast SEO plugin. -->","yoast_head_json":{"title":"Life annuity: Financially carefree in everyday life - Immobilien Lindstedt","robots":{"index":"index","follow":"follow","max-snippet":"max-snippet:-1","max-image-preview":"max-image-preview:large","max-video-preview":"max-video-preview:-1"},"canonical":"https:\/\/immobilien-lindstedt.bendit.de\/en\/financially-carefree-in-everyday-life\/","og_locale":"en_US","og_type":"article","og_title":"Leibrente: Finanziell sorglos im Alltag - Immobilien Lindstedt","og_description":"Was ist f\u00fcr mich m\u00f6glich? Ist das Modell &#8220;Leibrente&#8221; auch f\u00fcr Sie eine M\u00f6glichkeit, Ihren Lebensstandard im Alter zu sichern? Jetzt \u00fcberpr\u00fcfen &#8211; einfach, schnell und unverbindlich. Verrenten und wohnen bleiben anstatt verkaufen und ausziehen. Ein Modell, das f\u00fcr viele\u00a0 Eigent\u00fcmer interessant sein kann. Die Pr\u00fcfung ist f\u00fcr Sie komplett unverbindlich und sicher. Unverbindlich &#038; [&hellip;]","og_url":"https:\/\/immobilien-lindstedt.bendit.de\/en\/financially-carefree-in-everyday-life\/","og_site_name":"Immobilien Lindstedt","article_publisher":"https:\/\/www.facebook.com\/immobilienlindstedt\/","article_modified_time":"2025-04-15T09:57:37+00:00","og_image":[{"width":1018,"height":166,"url":"https:\/\/immobilien-lindstedt.bendit.de\/wp-content\/uploads\/2025\/04\/logo-mit-vip-transparent.png","type":"image\/png"}],"twitter_card":"summary_large_image","twitter_site":"@ImmoLindstedt","twitter_misc":{"Est. reading time":"1 minute"},"schema":{"@context":"https:\/\/schema.org","@graph":[{"@type":"WebPage","@id":"https:\/\/immobilien-lindstedt.bendit.de\/leibrente-finanziell-sorglos-im-alltag\/","url":"https:\/\/immobilien-lindstedt.bendit.de\/leibrente-finanziell-sorglos-im-alltag\/","name":"Life annuity: Financially carefree in everyday life - Immobilien Lindstedt","isPartOf":{"@id":"https:\/\/immobilien-lindstedt.bendit.de\/en\/#website"},"datePublished":"2025-04-15T08:13:11+00:00","dateModified":"2025-04-15T09:57:37+00:00","breadcrumb":{"@id":"https:\/\/immobilien-lindstedt.bendit.de\/leibrente-finanziell-sorglos-im-alltag\/#breadcrumb"},"inLanguage":"en-US","potentialAction":[{"@type":"ReadAction","target":["https:\/\/immobilien-lindstedt.bendit.de\/leibrente-finanziell-sorglos-im-alltag\/"]}]},{"@type":"BreadcrumbList","@id":"https:\/\/immobilien-lindstedt.bendit.de\/leibrente-finanziell-sorglos-im-alltag\/#breadcrumb","itemListElement":[{"@type":"ListItem","position":1,"name":"Startseite","item":"https:\/\/immobilien-lindstedt.bendit.de\/en\/"},{"@type":"ListItem","position":2,"name":"Leibrente: Finanziell sorglos im Alltag"}]},{"@type":"WebSite","@id":"https:\/\/immobilien-lindstedt.bendit.de\/en\/#website","url":"https:\/\/immobilien-lindstedt.bendit.de\/en\/","name":"Real Estate Lindstedt","description":"","publisher":{"@id":"https:\/\/immobilien-lindstedt.bendit.de\/en\/#organization"},"potentialAction":[{"@type":"SearchAction","target":{"@type":"EntryPoint","urlTemplate":"https:\/\/immobilien-lindstedt.bendit.de\/en\/?s={search_term_string}"},"query-input":{"@type":"PropertyValueSpecification","valueRequired":true,"valueName":"search_term_string"}}],"inLanguage":"en-US"},{"@type":"Organization","@id":"https:\/\/immobilien-lindstedt.bendit.de\/en\/#organization","name":"Real Estate Lindstedt","url":"https:\/\/immobilien-lindstedt.bendit.de\/en\/","logo":{"@type":"ImageObject","inLanguage":"en-US","@id":"https:\/\/immobilien-lindstedt.bendit.de\/en\/#\/schema\/logo\/image\/","url":"https:\/\/immobilien-lindstedt.bendit.de\/wp-content\/uploads\/2025\/04\/logo-mit-vip-transparent.png","contentUrl":"https:\/\/immobilien-lindstedt.bendit.de\/wp-content\/uploads\/2025\/04\/logo-mit-vip-transparent.png","width":1018,"height":166,"caption":"Immobilien Lindstedt"},"image":{"@id":"https:\/\/immobilien-lindstedt.bendit.de\/en\/#\/schema\/logo\/image\/"},"sameAs":["https:\/\/www.facebook.com\/immobilienlindstedt\/","https:\/\/x.com\/ImmoLindstedt","https:\/\/www.linkedin.com\/in\/christian-lindstedt-8b7044b0\/","https:\/\/www.instagram.com\/immobilien_lindstedt_gmbh\/","https:\/\/www.youtube.com\/c\/ImmobilienLindstedt"]}]}},"_links":{"self":[{"href":"https:\/\/immobilien-lindstedt.bendit.de\/en\/wp-json\/wp\/v2\/pages\/325","targetHints":{"allow":["GET"]}}],"collection":[{"href":"https:\/\/immobilien-lindstedt.bendit.de\/en\/wp-json\/wp\/v2\/pages"}],"about":[{"href":"https:\/\/immobilien-lindstedt.bendit.de\/en\/wp-json\/wp\/v2\/types\/page"}],"author":[{"embeddable":true,"href":"https:\/\/immobilien-lindstedt.bendit.de\/en\/wp-json\/wp\/v2\/users\/2"}],"replies":[{"embeddable":true,"href":"https:\/\/immobilien-lindstedt.bendit.de\/en\/wp-json\/wp\/v2\/comments?post=325"}],"version-history":[{"count":0,"href":"https:\/\/immobilien-lindstedt.bendit.de\/en\/wp-json\/wp\/v2\/pages\/325\/revisions"}],"wp:attachment":[{"href":"https:\/\/immobilien-lindstedt.bendit.de\/en\/wp-json\/wp\/v2\/media?parent=325"}],"curies":[{"name":"wp","href":"https:\/\/api.w.org\/{rel}","templated":true}]}}