{"id":306,"date":"2025-04-15T10:13:03","date_gmt":"2025-04-15T08:13:03","guid":{"rendered":"https:\/\/immobilien-lindstedt-2.bendit.de\/was-gehoert-in-ein-expose\/"},"modified":"2025-04-15T12:05:43","modified_gmt":"2025-04-15T10:05:43","slug":"was-gehoert-in-ein-expose","status":"publish","type":"page","link":"https:\/\/immobilien-lindstedt.bendit.de\/en\/what-belongs-in-an-expose\/","title":{"rendered":"What belongs in an expos\u00e9"},"content":{"rendered":"<div data-elementor-type=\"wp-page\" data-elementor-id=\"306\" class=\"elementor elementor-306\">\n\t\t\t\t\t\t<section class=\"elementor-section elementor-top-section elementor-element elementor-element-5fb26abb elementor-section-boxed elementor-section-height-default elementor-section-height-default\" data-id=\"5fb26abb\" data-element_type=\"section\">\n\t\t\t\t\t\t<div class=\"elementor-container elementor-column-gap-default\">\n\t\t\t\t\t<div class=\"elementor-column elementor-col-50 elementor-top-column elementor-element elementor-element-b9ea9ae\" data-id=\"b9ea9ae\" data-element_type=\"column\">\n\t\t\t<div class=\"elementor-widget-wrap elementor-element-populated\">\n\t\t\t\t\t\t<div class=\"elementor-element elementor-element-903f578 elementor-widget elementor-widget-heading\" data-id=\"903f578\" data-element_type=\"widget\" data-widget_type=\"heading.default\">\n\t\t\t\t<div class=\"elementor-widget-container\">\n\t\t\t\t\t<div class=\"elementor-heading-title elementor-size-default\">Personal PDF download<\/div>\t\t\t\t<\/div>\n\t\t\t\t<\/div>\n\t\t\t\t<div class=\"elementor-element elementor-element-401fccbb elementor-widget elementor-widget-heading\" data-id=\"401fccbb\" data-element_type=\"widget\" data-widget_type=\"heading.default\">\n\t\t\t\t<div class=\"elementor-widget-container\">\n\t\t\t\t\t<h5 class=\"elementor-heading-title elementor-size-default\">Increase the value of your property<\/h5>\t\t\t\t<\/div>\n\t\t\t\t<\/div>\n\t\t\t\t<div class=\"elementor-element elementor-element-3e46bb9b elementor-widget elementor-widget-text-editor\" data-id=\"3e46bb9b\" data-element_type=\"widget\" data-widget_type=\"text-editor.default\">\n\t\t\t\t<div class=\"elementor-widget-container\">\n\t\t\t\t\t\t\t\t\t<p>The sales success rises or falls with the expos\u00e9: With this checklist you will learn what makes a good expos\u00e9.<\/p>\t\t\t\t\t\t\t\t<\/div>\n\t\t\t\t<\/div>\n\t\t\t\t<div class=\"elementor-element elementor-element-521cfda7 elementor-widget elementor-widget-image\" data-id=\"521cfda7\" data-element_type=\"widget\" data-widget_type=\"image.default\">\n\t\t\t\t<div class=\"elementor-widget-container\">\n\t\t\t\t\t\t\t\t\t\t\t\t\t\t\t<img fetchpriority=\"high\" decoding=\"async\" width=\"300\" height=\"300\" src=\"https:\/\/immobilien-lindstedt.bendit.de\/wp-content\/uploads\/2025\/04\/BOTTIMMO-GWsocialbild-Checkliste-was-gehoert-in-ein-expose_Version-1_2021-01-15-300x300.jpeg\" class=\"attachment-medium size-medium wp-image-307\" alt=\"\" srcset=\"https:\/\/immobilien-lindstedt.bendit.de\/wp-content\/uploads\/2025\/04\/BOTTIMMO-GWsocialbild-Checkliste-was-gehoert-in-ein-expose_Version-1_2021-01-15-300x300.jpeg 300w, https:\/\/immobilien-lindstedt.bendit.de\/wp-content\/uploads\/2025\/04\/BOTTIMMO-GWsocialbild-Checkliste-was-gehoert-in-ein-expose_Version-1_2021-01-15-1024x1024.jpeg 1024w, https:\/\/immobilien-lindstedt.bendit.de\/wp-content\/uploads\/2025\/04\/BOTTIMMO-GWsocialbild-Checkliste-was-gehoert-in-ein-expose_Version-1_2021-01-15-150x150.jpeg 150w, https:\/\/immobilien-lindstedt.bendit.de\/wp-content\/uploads\/2025\/04\/BOTTIMMO-GWsocialbild-Checkliste-was-gehoert-in-ein-expose_Version-1_2021-01-15-768x768.jpeg 768w, https:\/\/immobilien-lindstedt.bendit.de\/wp-content\/uploads\/2025\/04\/BOTTIMMO-GWsocialbild-Checkliste-was-gehoert-in-ein-expose_Version-1_2021-01-15-12x12.jpeg 12w, https:\/\/immobilien-lindstedt.bendit.de\/wp-content\/uploads\/2025\/04\/BOTTIMMO-GWsocialbild-Checkliste-was-gehoert-in-ein-expose_Version-1_2021-01-15-700x700.jpeg 700w, https:\/\/immobilien-lindstedt.bendit.de\/wp-content\/uploads\/2025\/04\/BOTTIMMO-GWsocialbild-Checkliste-was-gehoert-in-ein-expose_Version-1_2021-01-15-780x780.jpeg 780w, https:\/\/immobilien-lindstedt.bendit.de\/wp-content\/uploads\/2025\/04\/BOTTIMMO-GWsocialbild-Checkliste-was-gehoert-in-ein-expose_Version-1_2021-01-15-600x600.jpeg 600w, https:\/\/immobilien-lindstedt.bendit.de\/wp-content\/uploads\/2025\/04\/BOTTIMMO-GWsocialbild-Checkliste-was-gehoert-in-ein-expose_Version-1_2021-01-15-496x496.jpeg 496w, https:\/\/immobilien-lindstedt.bendit.de\/wp-content\/uploads\/2025\/04\/BOTTIMMO-GWsocialbild-Checkliste-was-gehoert-in-ein-expose_Version-1_2021-01-15.jpeg 1200w\" sizes=\"(max-width: 300px) 100vw, 300px\" \/>\t\t\t\t\t\t\t\t\t\t\t\t\t\t\t<\/div>\n\t\t\t\t<\/div>\n\t\t\t\t\t<\/div>\n\t\t<\/div>\n\t\t\t\t<div class=\"elementor-column elementor-col-50 elementor-top-column elementor-element elementor-element-557ed68\" data-id=\"557ed68\" data-element_type=\"column\">\n\t\t\t<div class=\"elementor-widget-wrap elementor-element-populated\">\n\t\t\t\t\t\t<div class=\"elementor-element elementor-element-460936be elementor-widget elementor-widget-heading\" data-id=\"460936be\" data-element_type=\"widget\" data-widget_type=\"heading.default\">\n\t\t\t\t<div class=\"elementor-widget-container\">\n\t\t\t\t\t<div class=\"elementor-heading-title elementor-size-default\">Current expert knowledge<\/div>\t\t\t\t<\/div>\n\t\t\t\t<\/div>\n\t\t\t\t<div class=\"elementor-element elementor-element-1946013f elementor-widget elementor-widget-heading\" data-id=\"1946013f\" data-element_type=\"widget\" data-widget_type=\"heading.default\">\n\t\t\t\t<div class=\"elementor-widget-container\">\n\t\t\t\t\t<h5 class=\"elementor-heading-title elementor-size-default\">In this checklist you will find out:<\/h5>\t\t\t\t<\/div>\n\t\t\t\t<\/div>\n\t\t\t\t<div class=\"elementor-element elementor-element-699774b1 checkliste elementor-widget elementor-widget-text-editor\" data-id=\"699774b1\" data-element_type=\"widget\" data-settings=\"{&quot;_animation&quot;:&quot;none&quot;}\" data-widget_type=\"text-editor.default\">\n\t\t\t\t<div class=\"elementor-widget-container\">\n\t\t\t\t\t\t\t\t\t<ul><li>how to get a financial overview.<\/li><li>which key figures are required for your property.<\/li><li>that information about the location of your property is decisive for many prospective buyers.<\/li><li>how to set the offer price.<\/li><li>which current fixed costs are to be stated.<\/li><li>which contact details you should provide.<\/li><\/ul>\t\t\t\t\t\t\t\t<\/div>\n\t\t\t\t<\/div>\n\t\t\t\t<div class=\"elementor-element elementor-element-388ce474 elementor-widget elementor-widget-text-editor\" data-id=\"388ce474\" data-element_type=\"widget\" data-widget_type=\"text-editor.default\">\n\t\t\t\t<div class=\"elementor-widget-container\">\n\t\t\t\t\t\t\t\t\t<p>The correct preparation of the expos\u00e9 increases the sales price. The current property value also plays an important role. If you have not yet determined the value, you can calculate it quickly and without obligation online with our market value analysis.<\/p>\t\t\t\t\t\t\t\t<\/div>\n\t\t\t\t<\/div>\n\t\t\t\t\t<\/div>\n\t\t<\/div>\n\t\t\t\t\t<\/div>\n\t\t<\/section>\n\t\t\t\t<section class=\"elementor-section elementor-top-section elementor-element elementor-element-31a26458 elementor-section-boxed elementor-section-height-default elementor-section-height-default\" data-id=\"31a26458\" data-element_type=\"section\">\n\t\t\t\t\t\t<div class=\"elementor-container elementor-column-gap-default\">\n\t\t\t\t\t<div class=\"elementor-column elementor-col-100 elementor-top-column elementor-element elementor-element-698120a4\" data-id=\"698120a4\" data-element_type=\"column\">\n\t\t\t<div class=\"elementor-widget-wrap elementor-element-populated\">\n\t\t\t\t\t\t<div class=\"elementor-element elementor-element-11468bf4 elementor-widget elementor-widget-text-editor\" data-id=\"11468bf4\" data-element_type=\"widget\" data-widget_type=\"text-editor.default\">\n\t\t\t\t<div class=\"elementor-widget-container\">\n\t\t\t\t\t\t\t\t\t<script src=\"https:\/\/iframe.immowissen.org\/loader.min.js\" data-company=\"immobilien-lindstedt\" data-slug=\"was-gehoert-in-ein-expose\"  data-bottimmo defer><\/script>\t\t\t\t\t\t\t\t<\/div>\n\t\t\t\t<\/div>\n\t\t\t\t<div class=\"elementor-element elementor-element-5f2e73c7 elementor-widget elementor-widget-text-editor\" data-id=\"5f2e73c7\" data-element_type=\"widget\" data-widget_type=\"text-editor.default\">\n\t\t\t\t<div class=\"elementor-widget-container\">\n\t\t\t\t\t\t\t\t\t<script src=\"https:\/\/iframe.immowissen.org\/loader.min.js\" data-company=\"immobilien-lindstedt\" data-slug=\"telefonische-beratung\" data-variant=\"wizard\" data-bottimmo defer><\/script>\t\t\t\t\t\t\t\t<\/div>\n\t\t\t\t<\/div>\n\t\t\t\t\t<\/div>\n\t\t<\/div>\n\t\t\t\t\t<\/div>\n\t\t<\/section>\n\t\t\t\t<\/div>","protected":false},"excerpt":{"rendered":"<p>Personal PDF download Increasing the value of your property The success of a sale rises or falls with the expos\u00e9: With this checklist you will learn what makes a good expos\u00e9. Up-to-date expert knowledge In this checklist you will learn: how to get a financial overview. which key figures of your property are necessary. that the information about the location of your property is important for many [...]<\/p>","protected":false},"author":2,"featured_media":310,"parent":0,"menu_order":0,"comment_status":"closed","ping_status":"closed","template":"","meta":{"footnotes":""},"class_list":["post-306","page","type-page","status-publish","has-post-thumbnail","hentry"],"yoast_head":"<!-- This site is optimized with the Yoast SEO plugin v26.8 - https:\/\/yoast.com\/product\/yoast-seo-wordpress\/ -->\n<title>Was geh\u00f6rt in ein Expos\u00e9 - Immobilien Lindstedt<\/title>\n<meta name=\"robots\" content=\"index, follow, max-snippet:-1, max-image-preview:large, max-video-preview:-1\" \/>\n<link rel=\"canonical\" href=\"https:\/\/immobilien-lindstedt.bendit.de\/en\/what-belongs-in-an-expose\/\" \/>\n<meta property=\"og:locale\" content=\"en_US\" \/>\n<meta property=\"og:type\" content=\"article\" \/>\n<meta property=\"og:title\" content=\"Was geh\u00f6rt in ein Expos\u00e9 - Immobilien Lindstedt\" \/>\n<meta property=\"og:description\" content=\"Pers\u00f6nlicher PDF-Download Den Wert Ihrer Immobilie erh\u00f6hen Mit dem Expos\u00e9 steigt oder f\u00e4llt der Verkaufserfolg: Mit dieser Checkliste lernen Sie, was ein gutes Expos\u00e9 ausmacht. Aktuelles Expertenwissen In dieser Checkliste erfahren Sie: wie Sie sich einen finanziellen \u00dcberblick verschaffen. welche Kennzahlen Ihrer Immobilie vonn\u00f6ten sind. dass die Angabe \u00fcber die Lage Ihrer Immobilie f\u00fcr viele [&hellip;]\" \/>\n<meta property=\"og:url\" content=\"https:\/\/immobilien-lindstedt.bendit.de\/en\/what-belongs-in-an-expose\/\" \/>\n<meta property=\"og:site_name\" content=\"Immobilien Lindstedt\" \/>\n<meta property=\"article:publisher\" content=\"https:\/\/www.facebook.com\/immobilienlindstedt\/\" \/>\n<meta property=\"article:modified_time\" content=\"2025-04-15T10:05:43+00:00\" \/>\n<meta property=\"og:image\" content=\"https:\/\/immobilien-lindstedt.bendit.de\/wp-content\/uploads\/2025\/04\/BOTTIMMO-GWsocialbild-Checkliste-was-gehoert-in-ein-expose_Version-1_2021-01-15-1.jpeg\" \/>\n\t<meta property=\"og:image:width\" content=\"1200\" \/>\n\t<meta property=\"og:image:height\" content=\"1200\" \/>\n\t<meta property=\"og:image:type\" content=\"image\/jpeg\" \/>\n<meta name=\"twitter:card\" content=\"summary_large_image\" \/>\n<meta name=\"twitter:site\" content=\"@ImmoLindstedt\" \/>\n<meta name=\"twitter:label1\" content=\"Est. reading time\" \/>\n\t<meta name=\"twitter:data1\" content=\"1 minute\" \/>\n<script type=\"application\/ld+json\" class=\"yoast-schema-graph\">{\"@context\":\"https:\/\/schema.org\",\"@graph\":[{\"@type\":\"WebPage\",\"@id\":\"https:\/\/immobilien-lindstedt.bendit.de\/was-gehoert-in-ein-expose\/\",\"url\":\"https:\/\/immobilien-lindstedt.bendit.de\/was-gehoert-in-ein-expose\/\",\"name\":\"Was geh\u00f6rt in ein Expos\u00e9 - Immobilien Lindstedt\",\"isPartOf\":{\"@id\":\"https:\/\/immobilien-lindstedt.bendit.de\/en\/#website\"},\"primaryImageOfPage\":{\"@id\":\"https:\/\/immobilien-lindstedt.bendit.de\/was-gehoert-in-ein-expose\/#primaryimage\"},\"image\":{\"@id\":\"https:\/\/immobilien-lindstedt.bendit.de\/was-gehoert-in-ein-expose\/#primaryimage\"},\"thumbnailUrl\":\"https:\/\/immobilien-lindstedt.bendit.de\/wp-content\/uploads\/2025\/04\/BOTTIMMO-GWsocialbild-Checkliste-was-gehoert-in-ein-expose_Version-1_2021-01-15-1.jpeg\",\"datePublished\":\"2025-04-15T08:13:03+00:00\",\"dateModified\":\"2025-04-15T10:05:43+00:00\",\"breadcrumb\":{\"@id\":\"https:\/\/immobilien-lindstedt.bendit.de\/was-gehoert-in-ein-expose\/#breadcrumb\"},\"inLanguage\":\"en-US\",\"potentialAction\":[{\"@type\":\"ReadAction\",\"target\":[\"https:\/\/immobilien-lindstedt.bendit.de\/was-gehoert-in-ein-expose\/\"]}]},{\"@type\":\"ImageObject\",\"inLanguage\":\"en-US\",\"@id\":\"https:\/\/immobilien-lindstedt.bendit.de\/was-gehoert-in-ein-expose\/#primaryimage\",\"url\":\"https:\/\/immobilien-lindstedt.bendit.de\/wp-content\/uploads\/2025\/04\/BOTTIMMO-GWsocialbild-Checkliste-was-gehoert-in-ein-expose_Version-1_2021-01-15-1.jpeg\",\"contentUrl\":\"https:\/\/immobilien-lindstedt.bendit.de\/wp-content\/uploads\/2025\/04\/BOTTIMMO-GWsocialbild-Checkliste-was-gehoert-in-ein-expose_Version-1_2021-01-15-1.jpeg\",\"width\":1200,\"height\":1200},{\"@type\":\"BreadcrumbList\",\"@id\":\"https:\/\/immobilien-lindstedt.bendit.de\/was-gehoert-in-ein-expose\/#breadcrumb\",\"itemListElement\":[{\"@type\":\"ListItem\",\"position\":1,\"name\":\"Startseite\",\"item\":\"https:\/\/immobilien-lindstedt.bendit.de\/en\/\"},{\"@type\":\"ListItem\",\"position\":2,\"name\":\"Was geh\u00f6rt in ein Expos\u00e9\"}]},{\"@type\":\"WebSite\",\"@id\":\"https:\/\/immobilien-lindstedt.bendit.de\/en\/#website\",\"url\":\"https:\/\/immobilien-lindstedt.bendit.de\/en\/\",\"name\":\"Immobilien Lindstedt\",\"description\":\"\",\"publisher\":{\"@id\":\"https:\/\/immobilien-lindstedt.bendit.de\/en\/#organization\"},\"potentialAction\":[{\"@type\":\"SearchAction\",\"target\":{\"@type\":\"EntryPoint\",\"urlTemplate\":\"https:\/\/immobilien-lindstedt.bendit.de\/en\/?s={search_term_string}\"},\"query-input\":{\"@type\":\"PropertyValueSpecification\",\"valueRequired\":true,\"valueName\":\"search_term_string\"}}],\"inLanguage\":\"en-US\"},{\"@type\":\"Organization\",\"@id\":\"https:\/\/immobilien-lindstedt.bendit.de\/en\/#organization\",\"name\":\"Immobilien Lindstedt\",\"url\":\"https:\/\/immobilien-lindstedt.bendit.de\/en\/\",\"logo\":{\"@type\":\"ImageObject\",\"inLanguage\":\"en-US\",\"@id\":\"https:\/\/immobilien-lindstedt.bendit.de\/en\/#\/schema\/logo\/image\/\",\"url\":\"https:\/\/immobilien-lindstedt.bendit.de\/wp-content\/uploads\/2025\/04\/logo-mit-vip-transparent.png\",\"contentUrl\":\"https:\/\/immobilien-lindstedt.bendit.de\/wp-content\/uploads\/2025\/04\/logo-mit-vip-transparent.png\",\"width\":1018,\"height\":166,\"caption\":\"Immobilien Lindstedt\"},\"image\":{\"@id\":\"https:\/\/immobilien-lindstedt.bendit.de\/en\/#\/schema\/logo\/image\/\"},\"sameAs\":[\"https:\/\/www.facebook.com\/immobilienlindstedt\/\",\"https:\/\/x.com\/ImmoLindstedt\",\"https:\/\/www.linkedin.com\/in\/christian-lindstedt-8b7044b0\/\",\"https:\/\/www.instagram.com\/immobilien_lindstedt_gmbh\/\",\"https:\/\/www.youtube.com\/c\/ImmobilienLindstedt\"]}]}<\/script>\n<!-- \/ Yoast SEO plugin. -->","yoast_head_json":{"title":"What belongs in an expos\u00e9 - Immobilien Lindstedt","robots":{"index":"index","follow":"follow","max-snippet":"max-snippet:-1","max-image-preview":"max-image-preview:large","max-video-preview":"max-video-preview:-1"},"canonical":"https:\/\/immobilien-lindstedt.bendit.de\/en\/what-belongs-in-an-expose\/","og_locale":"en_US","og_type":"article","og_title":"Was geh\u00f6rt in ein Expos\u00e9 - Immobilien Lindstedt","og_description":"Pers\u00f6nlicher PDF-Download Den Wert Ihrer Immobilie erh\u00f6hen Mit dem Expos\u00e9 steigt oder f\u00e4llt der Verkaufserfolg: Mit dieser Checkliste lernen Sie, was ein gutes Expos\u00e9 ausmacht. Aktuelles Expertenwissen In dieser Checkliste erfahren Sie: wie Sie sich einen finanziellen \u00dcberblick verschaffen. welche Kennzahlen Ihrer Immobilie vonn\u00f6ten sind. dass die Angabe \u00fcber die Lage Ihrer Immobilie f\u00fcr viele [&hellip;]","og_url":"https:\/\/immobilien-lindstedt.bendit.de\/en\/what-belongs-in-an-expose\/","og_site_name":"Immobilien Lindstedt","article_publisher":"https:\/\/www.facebook.com\/immobilienlindstedt\/","article_modified_time":"2025-04-15T10:05:43+00:00","og_image":[{"width":1200,"height":1200,"url":"https:\/\/immobilien-lindstedt.bendit.de\/wp-content\/uploads\/2025\/04\/BOTTIMMO-GWsocialbild-Checkliste-was-gehoert-in-ein-expose_Version-1_2021-01-15-1.jpeg","type":"image\/jpeg"}],"twitter_card":"summary_large_image","twitter_site":"@ImmoLindstedt","twitter_misc":{"Est. reading time":"1 minute"},"schema":{"@context":"https:\/\/schema.org","@graph":[{"@type":"WebPage","@id":"https:\/\/immobilien-lindstedt.bendit.de\/was-gehoert-in-ein-expose\/","url":"https:\/\/immobilien-lindstedt.bendit.de\/was-gehoert-in-ein-expose\/","name":"What belongs in an expos\u00e9 - Immobilien Lindstedt","isPartOf":{"@id":"https:\/\/immobilien-lindstedt.bendit.de\/en\/#website"},"primaryImageOfPage":{"@id":"https:\/\/immobilien-lindstedt.bendit.de\/was-gehoert-in-ein-expose\/#primaryimage"},"image":{"@id":"https:\/\/immobilien-lindstedt.bendit.de\/was-gehoert-in-ein-expose\/#primaryimage"},"thumbnailUrl":"https:\/\/immobilien-lindstedt.bendit.de\/wp-content\/uploads\/2025\/04\/BOTTIMMO-GWsocialbild-Checkliste-was-gehoert-in-ein-expose_Version-1_2021-01-15-1.jpeg","datePublished":"2025-04-15T08:13:03+00:00","dateModified":"2025-04-15T10:05:43+00:00","breadcrumb":{"@id":"https:\/\/immobilien-lindstedt.bendit.de\/was-gehoert-in-ein-expose\/#breadcrumb"},"inLanguage":"en-US","potentialAction":[{"@type":"ReadAction","target":["https:\/\/immobilien-lindstedt.bendit.de\/was-gehoert-in-ein-expose\/"]}]},{"@type":"ImageObject","inLanguage":"en-US","@id":"https:\/\/immobilien-lindstedt.bendit.de\/was-gehoert-in-ein-expose\/#primaryimage","url":"https:\/\/immobilien-lindstedt.bendit.de\/wp-content\/uploads\/2025\/04\/BOTTIMMO-GWsocialbild-Checkliste-was-gehoert-in-ein-expose_Version-1_2021-01-15-1.jpeg","contentUrl":"https:\/\/immobilien-lindstedt.bendit.de\/wp-content\/uploads\/2025\/04\/BOTTIMMO-GWsocialbild-Checkliste-was-gehoert-in-ein-expose_Version-1_2021-01-15-1.jpeg","width":1200,"height":1200},{"@type":"BreadcrumbList","@id":"https:\/\/immobilien-lindstedt.bendit.de\/was-gehoert-in-ein-expose\/#breadcrumb","itemListElement":[{"@type":"ListItem","position":1,"name":"Startseite","item":"https:\/\/immobilien-lindstedt.bendit.de\/en\/"},{"@type":"ListItem","position":2,"name":"Was geh\u00f6rt in ein Expos\u00e9"}]},{"@type":"WebSite","@id":"https:\/\/immobilien-lindstedt.bendit.de\/en\/#website","url":"https:\/\/immobilien-lindstedt.bendit.de\/en\/","name":"Real Estate Lindstedt","description":"","publisher":{"@id":"https:\/\/immobilien-lindstedt.bendit.de\/en\/#organization"},"potentialAction":[{"@type":"SearchAction","target":{"@type":"EntryPoint","urlTemplate":"https:\/\/immobilien-lindstedt.bendit.de\/en\/?s={search_term_string}"},"query-input":{"@type":"PropertyValueSpecification","valueRequired":true,"valueName":"search_term_string"}}],"inLanguage":"en-US"},{"@type":"Organization","@id":"https:\/\/immobilien-lindstedt.bendit.de\/en\/#organization","name":"Real Estate Lindstedt","url":"https:\/\/immobilien-lindstedt.bendit.de\/en\/","logo":{"@type":"ImageObject","inLanguage":"en-US","@id":"https:\/\/immobilien-lindstedt.bendit.de\/en\/#\/schema\/logo\/image\/","url":"https:\/\/immobilien-lindstedt.bendit.de\/wp-content\/uploads\/2025\/04\/logo-mit-vip-transparent.png","contentUrl":"https:\/\/immobilien-lindstedt.bendit.de\/wp-content\/uploads\/2025\/04\/logo-mit-vip-transparent.png","width":1018,"height":166,"caption":"Immobilien Lindstedt"},"image":{"@id":"https:\/\/immobilien-lindstedt.bendit.de\/en\/#\/schema\/logo\/image\/"},"sameAs":["https:\/\/www.facebook.com\/immobilienlindstedt\/","https:\/\/x.com\/ImmoLindstedt","https:\/\/www.linkedin.com\/in\/christian-lindstedt-8b7044b0\/","https:\/\/www.instagram.com\/immobilien_lindstedt_gmbh\/","https:\/\/www.youtube.com\/c\/ImmobilienLindstedt"]}]}},"_links":{"self":[{"href":"https:\/\/immobilien-lindstedt.bendit.de\/en\/wp-json\/wp\/v2\/pages\/306","targetHints":{"allow":["GET"]}}],"collection":[{"href":"https:\/\/immobilien-lindstedt.bendit.de\/en\/wp-json\/wp\/v2\/pages"}],"about":[{"href":"https:\/\/immobilien-lindstedt.bendit.de\/en\/wp-json\/wp\/v2\/types\/page"}],"author":[{"embeddable":true,"href":"https:\/\/immobilien-lindstedt.bendit.de\/en\/wp-json\/wp\/v2\/users\/2"}],"replies":[{"embeddable":true,"href":"https:\/\/immobilien-lindstedt.bendit.de\/en\/wp-json\/wp\/v2\/comments?post=306"}],"version-history":[{"count":0,"href":"https:\/\/immobilien-lindstedt.bendit.de\/en\/wp-json\/wp\/v2\/pages\/306\/revisions"}],"wp:featuredmedia":[{"embeddable":true,"href":"https:\/\/immobilien-lindstedt.bendit.de\/en\/wp-json\/wp\/v2\/media\/310"}],"wp:attachment":[{"href":"https:\/\/immobilien-lindstedt.bendit.de\/en\/wp-json\/wp\/v2\/media?parent=306"}],"curies":[{"name":"wp","href":"https:\/\/api.w.org\/{rel}","templated":true}]}}