{"id":298,"date":"2025-04-15T10:13:00","date_gmt":"2025-04-15T08:13:00","guid":{"rendered":"https:\/\/immobilien-lindstedt-2.bendit.de\/immobilie-geerbt-sorgfaeltig-handeln\/"},"modified":"2025-04-15T11:54:07","modified_gmt":"2025-04-15T09:54:07","slug":"immobilie-geerbt-sorgfaeltig-handeln","status":"publish","type":"page","link":"https:\/\/immobilien-lindstedt.bendit.de\/en\/advisor\/act-carefully-when-inheriting-a-property\/","title":{"rendered":"Inherited property - act carefully"},"content":{"rendered":"<div data-elementor-type=\"wp-page\" data-elementor-id=\"298\" class=\"elementor elementor-298\">\n\t\t\t\t\t\t<section class=\"elementor-section elementor-top-section elementor-element elementor-element-584d5a42 elementor-section-boxed elementor-section-height-default elementor-section-height-default\" data-id=\"584d5a42\" data-element_type=\"section\">\n\t\t\t\t\t\t<div class=\"elementor-container elementor-column-gap-default\">\n\t\t\t\t\t<div class=\"elementor-column elementor-col-50 elementor-top-column elementor-element elementor-element-7f41b211\" data-id=\"7f41b211\" data-element_type=\"column\">\n\t\t\t<div class=\"elementor-widget-wrap elementor-element-populated\">\n\t\t\t\t\t\t<div class=\"elementor-element elementor-element-2a32990d elementor-widget elementor-widget-heading\" data-id=\"2a32990d\" data-element_type=\"widget\" data-widget_type=\"heading.default\">\n\t\t\t\t<div class=\"elementor-widget-container\">\n\t\t\t\t\t<div class=\"elementor-heading-title elementor-size-default\">Personal PDF download<\/div>\t\t\t\t<\/div>\n\t\t\t\t<\/div>\n\t\t\t\t<div class=\"elementor-element elementor-element-20ae9beb elementor-widget elementor-widget-heading\" data-id=\"20ae9beb\" data-element_type=\"widget\" data-widget_type=\"heading.default\">\n\t\t\t\t<div class=\"elementor-widget-container\">\n\t\t\t\t\t<h5 class=\"elementor-heading-title elementor-size-default\">A few things should be considered when inheriting real estate<\/h5>\t\t\t\t<\/div>\n\t\t\t\t<\/div>\n\t\t\t\t<div class=\"elementor-element elementor-element-5061373c elementor-widget elementor-widget-text-editor\" data-id=\"5061373c\" data-element_type=\"widget\" data-widget_type=\"text-editor.default\">\n\t\t\t\t<div class=\"elementor-widget-container\">\n\t\t\t\t\t\t\t\t\t<p>Carefully compiled expert knowledge on inherited real estate. Which laws and deadlines need to be observed? Which options for using an apartment or house are the most advantageous for you?<\/p>\t\t\t\t\t\t\t\t<\/div>\n\t\t\t\t<\/div>\n\t\t\t\t<div class=\"elementor-element elementor-element-3f3baff2 elementor-widget elementor-widget-image\" data-id=\"3f3baff2\" data-element_type=\"widget\" data-widget_type=\"image.default\">\n\t\t\t\t<div class=\"elementor-widget-container\">\n\t\t\t\t\t\t\t\t\t\t\t\t\t\t\t<img fetchpriority=\"high\" decoding=\"async\" width=\"300\" height=\"300\" src=\"https:\/\/immobilien-lindstedt.bendit.de\/wp-content\/uploads\/2025\/04\/BOTTIMMO-GWsocialbild-Ratgeber-immobilie-geerbt_Version-1_2021-01-15-300x300.jpeg\" class=\"attachment-medium size-medium wp-image-299\" alt=\"\" srcset=\"https:\/\/immobilien-lindstedt.bendit.de\/wp-content\/uploads\/2025\/04\/BOTTIMMO-GWsocialbild-Ratgeber-immobilie-geerbt_Version-1_2021-01-15-300x300.jpeg 300w, https:\/\/immobilien-lindstedt.bendit.de\/wp-content\/uploads\/2025\/04\/BOTTIMMO-GWsocialbild-Ratgeber-immobilie-geerbt_Version-1_2021-01-15-1024x1024.jpeg 1024w, https:\/\/immobilien-lindstedt.bendit.de\/wp-content\/uploads\/2025\/04\/BOTTIMMO-GWsocialbild-Ratgeber-immobilie-geerbt_Version-1_2021-01-15-150x150.jpeg 150w, https:\/\/immobilien-lindstedt.bendit.de\/wp-content\/uploads\/2025\/04\/BOTTIMMO-GWsocialbild-Ratgeber-immobilie-geerbt_Version-1_2021-01-15-768x768.jpeg 768w, https:\/\/immobilien-lindstedt.bendit.de\/wp-content\/uploads\/2025\/04\/BOTTIMMO-GWsocialbild-Ratgeber-immobilie-geerbt_Version-1_2021-01-15-12x12.jpeg 12w, https:\/\/immobilien-lindstedt.bendit.de\/wp-content\/uploads\/2025\/04\/BOTTIMMO-GWsocialbild-Ratgeber-immobilie-geerbt_Version-1_2021-01-15-700x700.jpeg 700w, https:\/\/immobilien-lindstedt.bendit.de\/wp-content\/uploads\/2025\/04\/BOTTIMMO-GWsocialbild-Ratgeber-immobilie-geerbt_Version-1_2021-01-15-780x780.jpeg 780w, https:\/\/immobilien-lindstedt.bendit.de\/wp-content\/uploads\/2025\/04\/BOTTIMMO-GWsocialbild-Ratgeber-immobilie-geerbt_Version-1_2021-01-15-600x600.jpeg 600w, https:\/\/immobilien-lindstedt.bendit.de\/wp-content\/uploads\/2025\/04\/BOTTIMMO-GWsocialbild-Ratgeber-immobilie-geerbt_Version-1_2021-01-15-496x496.jpeg 496w, https:\/\/immobilien-lindstedt.bendit.de\/wp-content\/uploads\/2025\/04\/BOTTIMMO-GWsocialbild-Ratgeber-immobilie-geerbt_Version-1_2021-01-15.jpeg 1200w\" sizes=\"(max-width: 300px) 100vw, 300px\" \/>\t\t\t\t\t\t\t\t\t\t\t\t\t\t\t<\/div>\n\t\t\t\t<\/div>\n\t\t\t\t\t<\/div>\n\t\t<\/div>\n\t\t\t\t<div class=\"elementor-column elementor-col-50 elementor-top-column elementor-element elementor-element-7fb5b8d4\" data-id=\"7fb5b8d4\" data-element_type=\"column\">\n\t\t\t<div class=\"elementor-widget-wrap elementor-element-populated\">\n\t\t\t\t\t\t<div class=\"elementor-element elementor-element-6be82abd elementor-widget elementor-widget-heading\" data-id=\"6be82abd\" data-element_type=\"widget\" data-widget_type=\"heading.default\">\n\t\t\t\t<div class=\"elementor-widget-container\">\n\t\t\t\t\t<div class=\"elementor-heading-title elementor-size-default\">Current expert knowledge<\/div>\t\t\t\t<\/div>\n\t\t\t\t<\/div>\n\t\t\t\t<div class=\"elementor-element elementor-element-1792a2f7 elementor-widget elementor-widget-heading\" data-id=\"1792a2f7\" data-element_type=\"widget\" data-widget_type=\"heading.default\">\n\t\t\t\t<div class=\"elementor-widget-container\">\n\t\t\t\t\t<h5 class=\"elementor-heading-title elementor-size-default\">This guide provides information:<\/h5>\t\t\t\t<\/div>\n\t\t\t\t<\/div>\n\t\t\t\t<div class=\"elementor-element elementor-element-62297fb2 checkliste elementor-widget elementor-widget-text-editor\" data-id=\"62297fb2\" data-element_type=\"widget\" data-settings=\"{&quot;_animation&quot;:&quot;none&quot;}\" data-widget_type=\"text-editor.default\">\n\t\t\t\t<div class=\"elementor-widget-container\">\n\t\t\t\t\t\t\t\t\t<ul><li>about hidden risks, paragraphs and deadlines.<\/li><li>how to optimize inheritance tax.<\/li><li>what a certificate of inheritance is.<\/li><li>how to gain an overview of legal aspects.<\/li><li>that you have various options for action: e.g. selling, renting, moving in yourself, etc.<\/li><\/ul>\t\t\t\t\t\t\t\t<\/div>\n\t\t\t\t<\/div>\n\t\t\t\t\t<\/div>\n\t\t<\/div>\n\t\t\t\t\t<\/div>\n\t\t<\/section>\n\t\t\t\t<section class=\"elementor-section elementor-top-section elementor-element elementor-element-2624068 elementor-section-boxed elementor-section-height-default elementor-section-height-default\" data-id=\"2624068\" data-element_type=\"section\">\n\t\t\t\t\t\t<div class=\"elementor-container elementor-column-gap-default\">\n\t\t\t\t\t<div class=\"elementor-column elementor-col-100 elementor-top-column elementor-element elementor-element-21b34ee5\" data-id=\"21b34ee5\" data-element_type=\"column\">\n\t\t\t<div class=\"elementor-widget-wrap elementor-element-populated\">\n\t\t\t\t\t\t<div class=\"elementor-element elementor-element-487ec440 elementor-widget elementor-widget-text-editor\" data-id=\"487ec440\" data-element_type=\"widget\" data-widget_type=\"text-editor.default\">\n\t\t\t\t<div class=\"elementor-widget-container\">\n\t\t\t\t\t\t\t\t\t<p>An inherited property can change your family and financial situation. In this guide, we will show you how to find your way through the jungle of options and share the current state of knowledge with you. Property value also plays an important role. If you have not yet determined the value, you can do this\u00a0<a class=\"underline text-primary\" href=\"https:\/\/immobilien-lindstedt.bendit.de\/en\/real-estate-market-value-analysis\/\">with our market value analysis<\/a>\u00a0quickly and without obligation online.<\/p>\t\t\t\t\t\t\t\t<\/div>\n\t\t\t\t<\/div>\n\t\t\t\t<div class=\"elementor-element elementor-element-34fc9546 elementor-widget elementor-widget-text-editor\" data-id=\"34fc9546\" data-element_type=\"widget\" data-widget_type=\"text-editor.default\">\n\t\t\t\t<div class=\"elementor-widget-container\">\n\t\t\t\t\t\t\t\t\t<script src=\"https:\/\/iframe.immowissen.org\/loader.min.js\" data-company=\"immobilien-lindstedt\" data-slug=\"immobilie-geerbt\"  data-bottimmo defer><\/script>\t\t\t\t\t\t\t\t<\/div>\n\t\t\t\t<\/div>\n\t\t\t\t<div class=\"elementor-element elementor-element-1f4482ab elementor-widget elementor-widget-text-editor\" data-id=\"1f4482ab\" data-element_type=\"widget\" data-widget_type=\"text-editor.default\">\n\t\t\t\t<div class=\"elementor-widget-container\">\n\t\t\t\t\t\t\t\t\t<p><script src=\"https:\/\/iframe.immowissen.org\/loader.min.js\" data-company=\"immobilien-lindstedt\" data-slug=\"telefonische-beratung\" data-variant=\"wizard\" data-bottimmo defer><\/script><\/p>\t\t\t\t\t\t\t\t<\/div>\n\t\t\t\t<\/div>\n\t\t\t\t\t<\/div>\n\t\t<\/div>\n\t\t\t\t\t<\/div>\n\t\t<\/section>\n\t\t\t\t<\/div>","protected":false},"excerpt":{"rendered":"<p>Personal PDF download When inheriting real estate, there are a few things to bear in mind Carefully compiled expert knowledge on inherited real estate. Which laws and deadlines need to be observed? Which options for using an apartment or house are the most advantageous for you? Up-to-date expert knowledge This guide explains: hidden risks, paragraphs and deadlines. how to optimize inheritance tax. what a [...]<\/p>","protected":false},"author":2,"featured_media":302,"parent":328,"menu_order":0,"comment_status":"closed","ping_status":"closed","template":"","meta":{"footnotes":""},"class_list":["post-298","page","type-page","status-publish","has-post-thumbnail","hentry"],"yoast_head":"<!-- This site is optimized with the Yoast SEO plugin v26.8 - https:\/\/yoast.com\/product\/yoast-seo-wordpress\/ -->\n<title>Immobilie geerbt - sorgf\u00e4ltig Handeln - Immobilien Lindstedt<\/title>\n<meta name=\"robots\" content=\"index, follow, max-snippet:-1, max-image-preview:large, max-video-preview:-1\" \/>\n<link rel=\"canonical\" href=\"https:\/\/immobilien-lindstedt.bendit.de\/en\/advisor\/act-carefully-when-inheriting-a-property\/\" \/>\n<meta property=\"og:locale\" content=\"en_US\" \/>\n<meta property=\"og:type\" content=\"article\" \/>\n<meta property=\"og:title\" content=\"Immobilie geerbt - sorgf\u00e4ltig Handeln - Immobilien Lindstedt\" \/>\n<meta property=\"og:description\" content=\"Pers\u00f6nlicher PDF-Download Bei einer Immobilien-Erbschaft sollte einiges beachtet werden Sorgf\u00e4ltig zusammengestelltes Expertenwissen zu geerbten Immobilien. Welche Gesetze und Fristen gilt es einzuhalten? Welche Optionen der Nutzung einer Wohnung oder eines Hauses ist die vorteilhafteste f\u00fcr Sie? Aktuelles Expertenwissen Dieser Ratgeber kl\u00e4rt auf: \u00fcber verborgene Risiken, Paragrafen und Fristen. wie man die Erbschaftssteuer optimiert. was ein [&hellip;]\" \/>\n<meta property=\"og:url\" content=\"https:\/\/immobilien-lindstedt.bendit.de\/en\/advisor\/act-carefully-when-inheriting-a-property\/\" \/>\n<meta property=\"og:site_name\" content=\"Immobilien Lindstedt\" \/>\n<meta property=\"article:publisher\" content=\"https:\/\/www.facebook.com\/immobilienlindstedt\/\" \/>\n<meta property=\"article:modified_time\" content=\"2025-04-15T09:54:07+00:00\" \/>\n<meta property=\"og:image\" content=\"https:\/\/immobilien-lindstedt.bendit.de\/wp-content\/uploads\/2025\/04\/BOTTIMMO-GWsocialbild-Ratgeber-immobilie-geerbt_Version-1_2021-01-15-1.jpeg\" \/>\n\t<meta property=\"og:image:width\" content=\"1200\" \/>\n\t<meta property=\"og:image:height\" content=\"1200\" \/>\n\t<meta property=\"og:image:type\" content=\"image\/jpeg\" \/>\n<meta name=\"twitter:card\" content=\"summary_large_image\" \/>\n<meta name=\"twitter:site\" content=\"@ImmoLindstedt\" \/>\n<meta name=\"twitter:label1\" content=\"Est. reading time\" \/>\n\t<meta name=\"twitter:data1\" content=\"1 minute\" \/>\n<script type=\"application\/ld+json\" class=\"yoast-schema-graph\">{\"@context\":\"https:\/\/schema.org\",\"@graph\":[{\"@type\":\"WebPage\",\"@id\":\"https:\/\/immobilien-lindstedt.bendit.de\/en\/advisor\/act-carefully-when-inheriting-a-property\/\",\"url\":\"https:\/\/immobilien-lindstedt.bendit.de\/en\/advisor\/act-carefully-when-inheriting-a-property\/\",\"name\":\"Immobilie geerbt - sorgf\u00e4ltig Handeln - Immobilien Lindstedt\",\"isPartOf\":{\"@id\":\"https:\/\/immobilien-lindstedt.bendit.de\/en\/#website\"},\"primaryImageOfPage\":{\"@id\":\"https:\/\/immobilien-lindstedt.bendit.de\/en\/advisor\/act-carefully-when-inheriting-a-property\/#primaryimage\"},\"image\":{\"@id\":\"https:\/\/immobilien-lindstedt.bendit.de\/en\/advisor\/act-carefully-when-inheriting-a-property\/#primaryimage\"},\"thumbnailUrl\":\"https:\/\/immobilien-lindstedt.bendit.de\/wp-content\/uploads\/2025\/04\/BOTTIMMO-GWsocialbild-Ratgeber-immobilie-geerbt_Version-1_2021-01-15-1.jpeg\",\"datePublished\":\"2025-04-15T08:13:00+00:00\",\"dateModified\":\"2025-04-15T09:54:07+00:00\",\"breadcrumb\":{\"@id\":\"https:\/\/immobilien-lindstedt.bendit.de\/en\/advisor\/act-carefully-when-inheriting-a-property\/#breadcrumb\"},\"inLanguage\":\"en-US\",\"potentialAction\":[{\"@type\":\"ReadAction\",\"target\":[\"https:\/\/immobilien-lindstedt.bendit.de\/en\/advisor\/act-carefully-when-inheriting-a-property\/\"]}]},{\"@type\":\"ImageObject\",\"inLanguage\":\"en-US\",\"@id\":\"https:\/\/immobilien-lindstedt.bendit.de\/en\/advisor\/act-carefully-when-inheriting-a-property\/#primaryimage\",\"url\":\"https:\/\/immobilien-lindstedt.bendit.de\/wp-content\/uploads\/2025\/04\/BOTTIMMO-GWsocialbild-Ratgeber-immobilie-geerbt_Version-1_2021-01-15-1.jpeg\",\"contentUrl\":\"https:\/\/immobilien-lindstedt.bendit.de\/wp-content\/uploads\/2025\/04\/BOTTIMMO-GWsocialbild-Ratgeber-immobilie-geerbt_Version-1_2021-01-15-1.jpeg\",\"width\":1200,\"height\":1200},{\"@type\":\"BreadcrumbList\",\"@id\":\"https:\/\/immobilien-lindstedt.bendit.de\/en\/advisor\/act-carefully-when-inheriting-a-property\/#breadcrumb\",\"itemListElement\":[{\"@type\":\"ListItem\",\"position\":1,\"name\":\"Startseite\",\"item\":\"https:\/\/immobilien-lindstedt.bendit.de\/en\/\"},{\"@type\":\"ListItem\",\"position\":2,\"name\":\"Ratgeber\",\"item\":\"https:\/\/immobilien-lindstedt.bendit.de\/en\/advisor\/\"},{\"@type\":\"ListItem\",\"position\":3,\"name\":\"Immobilie geerbt &#8211; sorgf\u00e4ltig Handeln\"}]},{\"@type\":\"WebSite\",\"@id\":\"https:\/\/immobilien-lindstedt.bendit.de\/en\/#website\",\"url\":\"https:\/\/immobilien-lindstedt.bendit.de\/en\/\",\"name\":\"Immobilien Lindstedt\",\"description\":\"\",\"publisher\":{\"@id\":\"https:\/\/immobilien-lindstedt.bendit.de\/en\/#organization\"},\"potentialAction\":[{\"@type\":\"SearchAction\",\"target\":{\"@type\":\"EntryPoint\",\"urlTemplate\":\"https:\/\/immobilien-lindstedt.bendit.de\/en\/?s={search_term_string}\"},\"query-input\":{\"@type\":\"PropertyValueSpecification\",\"valueRequired\":true,\"valueName\":\"search_term_string\"}}],\"inLanguage\":\"en-US\"},{\"@type\":\"Organization\",\"@id\":\"https:\/\/immobilien-lindstedt.bendit.de\/en\/#organization\",\"name\":\"Immobilien Lindstedt\",\"url\":\"https:\/\/immobilien-lindstedt.bendit.de\/en\/\",\"logo\":{\"@type\":\"ImageObject\",\"inLanguage\":\"en-US\",\"@id\":\"https:\/\/immobilien-lindstedt.bendit.de\/en\/#\/schema\/logo\/image\/\",\"url\":\"https:\/\/immobilien-lindstedt.bendit.de\/wp-content\/uploads\/2025\/04\/logo-mit-vip-transparent.png\",\"contentUrl\":\"https:\/\/immobilien-lindstedt.bendit.de\/wp-content\/uploads\/2025\/04\/logo-mit-vip-transparent.png\",\"width\":1018,\"height\":166,\"caption\":\"Immobilien Lindstedt\"},\"image\":{\"@id\":\"https:\/\/immobilien-lindstedt.bendit.de\/en\/#\/schema\/logo\/image\/\"},\"sameAs\":[\"https:\/\/www.facebook.com\/immobilienlindstedt\/\",\"https:\/\/x.com\/ImmoLindstedt\",\"https:\/\/www.linkedin.com\/in\/christian-lindstedt-8b7044b0\/\",\"https:\/\/www.instagram.com\/immobilien_lindstedt_gmbh\/\",\"https:\/\/www.youtube.com\/c\/ImmobilienLindstedt\"]}]}<\/script>\n<!-- \/ Yoast SEO plugin. -->","yoast_head_json":{"title":"Inherited property - act carefully - Immobilien Lindstedt","robots":{"index":"index","follow":"follow","max-snippet":"max-snippet:-1","max-image-preview":"max-image-preview:large","max-video-preview":"max-video-preview:-1"},"canonical":"https:\/\/immobilien-lindstedt.bendit.de\/en\/advisor\/act-carefully-when-inheriting-a-property\/","og_locale":"en_US","og_type":"article","og_title":"Immobilie geerbt - sorgf\u00e4ltig Handeln - Immobilien Lindstedt","og_description":"Pers\u00f6nlicher PDF-Download Bei einer Immobilien-Erbschaft sollte einiges beachtet werden Sorgf\u00e4ltig zusammengestelltes Expertenwissen zu geerbten Immobilien. Welche Gesetze und Fristen gilt es einzuhalten? Welche Optionen der Nutzung einer Wohnung oder eines Hauses ist die vorteilhafteste f\u00fcr Sie? Aktuelles Expertenwissen Dieser Ratgeber kl\u00e4rt auf: \u00fcber verborgene Risiken, Paragrafen und Fristen. wie man die Erbschaftssteuer optimiert. was ein [&hellip;]","og_url":"https:\/\/immobilien-lindstedt.bendit.de\/en\/advisor\/act-carefully-when-inheriting-a-property\/","og_site_name":"Immobilien Lindstedt","article_publisher":"https:\/\/www.facebook.com\/immobilienlindstedt\/","article_modified_time":"2025-04-15T09:54:07+00:00","og_image":[{"width":1200,"height":1200,"url":"https:\/\/immobilien-lindstedt.bendit.de\/wp-content\/uploads\/2025\/04\/BOTTIMMO-GWsocialbild-Ratgeber-immobilie-geerbt_Version-1_2021-01-15-1.jpeg","type":"image\/jpeg"}],"twitter_card":"summary_large_image","twitter_site":"@ImmoLindstedt","twitter_misc":{"Est. reading time":"1 minute"},"schema":{"@context":"https:\/\/schema.org","@graph":[{"@type":"WebPage","@id":"https:\/\/immobilien-lindstedt.bendit.de\/en\/advisor\/act-carefully-when-inheriting-a-property\/","url":"https:\/\/immobilien-lindstedt.bendit.de\/en\/advisor\/act-carefully-when-inheriting-a-property\/","name":"Inherited property - act carefully - Immobilien Lindstedt","isPartOf":{"@id":"https:\/\/immobilien-lindstedt.bendit.de\/en\/#website"},"primaryImageOfPage":{"@id":"https:\/\/immobilien-lindstedt.bendit.de\/en\/advisor\/act-carefully-when-inheriting-a-property\/#primaryimage"},"image":{"@id":"https:\/\/immobilien-lindstedt.bendit.de\/en\/advisor\/act-carefully-when-inheriting-a-property\/#primaryimage"},"thumbnailUrl":"https:\/\/immobilien-lindstedt.bendit.de\/wp-content\/uploads\/2025\/04\/BOTTIMMO-GWsocialbild-Ratgeber-immobilie-geerbt_Version-1_2021-01-15-1.jpeg","datePublished":"2025-04-15T08:13:00+00:00","dateModified":"2025-04-15T09:54:07+00:00","breadcrumb":{"@id":"https:\/\/immobilien-lindstedt.bendit.de\/en\/advisor\/act-carefully-when-inheriting-a-property\/#breadcrumb"},"inLanguage":"en-US","potentialAction":[{"@type":"ReadAction","target":["https:\/\/immobilien-lindstedt.bendit.de\/en\/advisor\/act-carefully-when-inheriting-a-property\/"]}]},{"@type":"ImageObject","inLanguage":"en-US","@id":"https:\/\/immobilien-lindstedt.bendit.de\/en\/advisor\/act-carefully-when-inheriting-a-property\/#primaryimage","url":"https:\/\/immobilien-lindstedt.bendit.de\/wp-content\/uploads\/2025\/04\/BOTTIMMO-GWsocialbild-Ratgeber-immobilie-geerbt_Version-1_2021-01-15-1.jpeg","contentUrl":"https:\/\/immobilien-lindstedt.bendit.de\/wp-content\/uploads\/2025\/04\/BOTTIMMO-GWsocialbild-Ratgeber-immobilie-geerbt_Version-1_2021-01-15-1.jpeg","width":1200,"height":1200},{"@type":"BreadcrumbList","@id":"https:\/\/immobilien-lindstedt.bendit.de\/en\/advisor\/act-carefully-when-inheriting-a-property\/#breadcrumb","itemListElement":[{"@type":"ListItem","position":1,"name":"Startseite","item":"https:\/\/immobilien-lindstedt.bendit.de\/en\/"},{"@type":"ListItem","position":2,"name":"Ratgeber","item":"https:\/\/immobilien-lindstedt.bendit.de\/en\/advisor\/"},{"@type":"ListItem","position":3,"name":"Immobilie geerbt &#8211; sorgf\u00e4ltig Handeln"}]},{"@type":"WebSite","@id":"https:\/\/immobilien-lindstedt.bendit.de\/en\/#website","url":"https:\/\/immobilien-lindstedt.bendit.de\/en\/","name":"Real Estate Lindstedt","description":"","publisher":{"@id":"https:\/\/immobilien-lindstedt.bendit.de\/en\/#organization"},"potentialAction":[{"@type":"SearchAction","target":{"@type":"EntryPoint","urlTemplate":"https:\/\/immobilien-lindstedt.bendit.de\/en\/?s={search_term_string}"},"query-input":{"@type":"PropertyValueSpecification","valueRequired":true,"valueName":"search_term_string"}}],"inLanguage":"en-US"},{"@type":"Organization","@id":"https:\/\/immobilien-lindstedt.bendit.de\/en\/#organization","name":"Real Estate Lindstedt","url":"https:\/\/immobilien-lindstedt.bendit.de\/en\/","logo":{"@type":"ImageObject","inLanguage":"en-US","@id":"https:\/\/immobilien-lindstedt.bendit.de\/en\/#\/schema\/logo\/image\/","url":"https:\/\/immobilien-lindstedt.bendit.de\/wp-content\/uploads\/2025\/04\/logo-mit-vip-transparent.png","contentUrl":"https:\/\/immobilien-lindstedt.bendit.de\/wp-content\/uploads\/2025\/04\/logo-mit-vip-transparent.png","width":1018,"height":166,"caption":"Immobilien Lindstedt"},"image":{"@id":"https:\/\/immobilien-lindstedt.bendit.de\/en\/#\/schema\/logo\/image\/"},"sameAs":["https:\/\/www.facebook.com\/immobilienlindstedt\/","https:\/\/x.com\/ImmoLindstedt","https:\/\/www.linkedin.com\/in\/christian-lindstedt-8b7044b0\/","https:\/\/www.instagram.com\/immobilien_lindstedt_gmbh\/","https:\/\/www.youtube.com\/c\/ImmobilienLindstedt"]}]}},"_links":{"self":[{"href":"https:\/\/immobilien-lindstedt.bendit.de\/en\/wp-json\/wp\/v2\/pages\/298","targetHints":{"allow":["GET"]}}],"collection":[{"href":"https:\/\/immobilien-lindstedt.bendit.de\/en\/wp-json\/wp\/v2\/pages"}],"about":[{"href":"https:\/\/immobilien-lindstedt.bendit.de\/en\/wp-json\/wp\/v2\/types\/page"}],"author":[{"embeddable":true,"href":"https:\/\/immobilien-lindstedt.bendit.de\/en\/wp-json\/wp\/v2\/users\/2"}],"replies":[{"embeddable":true,"href":"https:\/\/immobilien-lindstedt.bendit.de\/en\/wp-json\/wp\/v2\/comments?post=298"}],"version-history":[{"count":0,"href":"https:\/\/immobilien-lindstedt.bendit.de\/en\/wp-json\/wp\/v2\/pages\/298\/revisions"}],"up":[{"embeddable":true,"href":"https:\/\/immobilien-lindstedt.bendit.de\/en\/wp-json\/wp\/v2\/pages\/328"}],"wp:featuredmedia":[{"embeddable":true,"href":"https:\/\/immobilien-lindstedt.bendit.de\/en\/wp-json\/wp\/v2\/media\/302"}],"wp:attachment":[{"href":"https:\/\/immobilien-lindstedt.bendit.de\/en\/wp-json\/wp\/v2\/media?parent=298"}],"curies":[{"name":"wp","href":"https:\/\/api.w.org\/{rel}","templated":true}]}}