{"id":293,"date":"2025-04-15T10:12:58","date_gmt":"2025-04-15T08:12:58","guid":{"rendered":"https:\/\/immobilien-lindstedt-2.bendit.de\/immobilie-in-der-scheidung\/"},"modified":"2025-04-15T11:54:15","modified_gmt":"2025-04-15T09:54:15","slug":"immobilie-in-der-scheidung","status":"publish","type":"page","link":"https:\/\/immobilien-lindstedt.bendit.de\/en\/advisor\/property-in-the-divorce\/","title":{"rendered":"Real estate in divorce proceedings"},"content":{"rendered":"<div data-elementor-type=\"wp-page\" data-elementor-id=\"293\" class=\"elementor elementor-293\">\n\t\t\t\t\t\t<section class=\"elementor-section elementor-top-section elementor-element elementor-element-8d02456 elementor-section-boxed elementor-section-height-default elementor-section-height-default\" data-id=\"8d02456\" data-element_type=\"section\">\n\t\t\t\t\t\t<div class=\"elementor-container elementor-column-gap-default\">\n\t\t\t\t\t<div class=\"elementor-column elementor-col-50 elementor-top-column elementor-element elementor-element-4edfe8b4\" data-id=\"4edfe8b4\" data-element_type=\"column\">\n\t\t\t<div class=\"elementor-widget-wrap elementor-element-populated\">\n\t\t\t\t\t\t<div class=\"elementor-element elementor-element-17190eea elementor-widget elementor-widget-heading\" data-id=\"17190eea\" data-element_type=\"widget\" data-widget_type=\"heading.default\">\n\t\t\t\t<div class=\"elementor-widget-container\">\n\t\t\t\t\t<div class=\"elementor-heading-title elementor-size-default\">Personal PDF download<\/div>\t\t\t\t<\/div>\n\t\t\t\t<\/div>\n\t\t\t\t<div class=\"elementor-element elementor-element-382f0a1d elementor-widget elementor-widget-heading\" data-id=\"382f0a1d\" data-element_type=\"widget\" data-widget_type=\"heading.default\">\n\t\t\t\t<div class=\"elementor-widget-container\">\n\t\t\t\t\t<h5 class=\"elementor-heading-title elementor-size-default\">Real estate in divorce? Avoid these mistakes!<\/h5>\t\t\t\t<\/div>\n\t\t\t\t<\/div>\n\t\t\t\t<div class=\"elementor-element elementor-element-c36eeff elementor-widget elementor-widget-text-editor\" data-id=\"c36eeff\" data-element_type=\"widget\" data-widget_type=\"text-editor.default\">\n\t\t\t\t<div class=\"elementor-widget-container\">\n\t\t\t\t\t\t\t\t\t<p>Save nerves and time. Equip yourself with the latest expert knowledge and avoid the most common mistakes in the divorce war.<\/p>\t\t\t\t\t\t\t\t<\/div>\n\t\t\t\t<\/div>\n\t\t\t\t<div class=\"elementor-element elementor-element-443c7a5c elementor-widget elementor-widget-image\" data-id=\"443c7a5c\" data-element_type=\"widget\" data-widget_type=\"image.default\">\n\t\t\t\t<div class=\"elementor-widget-container\">\n\t\t\t\t\t\t\t\t\t\t\t\t\t\t\t<img fetchpriority=\"high\" decoding=\"async\" width=\"300\" height=\"300\" src=\"https:\/\/immobilien-lindstedt.bendit.de\/wp-content\/uploads\/2025\/04\/BOTTIMMO-GWsocialbild-Ratgeber-immobilie-in-der-scheidung_Version-1_2021-01-15-300x300.jpeg\" class=\"attachment-medium size-medium wp-image-294\" alt=\"\" srcset=\"https:\/\/immobilien-lindstedt.bendit.de\/wp-content\/uploads\/2025\/04\/BOTTIMMO-GWsocialbild-Ratgeber-immobilie-in-der-scheidung_Version-1_2021-01-15-300x300.jpeg 300w, https:\/\/immobilien-lindstedt.bendit.de\/wp-content\/uploads\/2025\/04\/BOTTIMMO-GWsocialbild-Ratgeber-immobilie-in-der-scheidung_Version-1_2021-01-15-1024x1024.jpeg 1024w, https:\/\/immobilien-lindstedt.bendit.de\/wp-content\/uploads\/2025\/04\/BOTTIMMO-GWsocialbild-Ratgeber-immobilie-in-der-scheidung_Version-1_2021-01-15-150x150.jpeg 150w, https:\/\/immobilien-lindstedt.bendit.de\/wp-content\/uploads\/2025\/04\/BOTTIMMO-GWsocialbild-Ratgeber-immobilie-in-der-scheidung_Version-1_2021-01-15-768x768.jpeg 768w, https:\/\/immobilien-lindstedt.bendit.de\/wp-content\/uploads\/2025\/04\/BOTTIMMO-GWsocialbild-Ratgeber-immobilie-in-der-scheidung_Version-1_2021-01-15-12x12.jpeg 12w, https:\/\/immobilien-lindstedt.bendit.de\/wp-content\/uploads\/2025\/04\/BOTTIMMO-GWsocialbild-Ratgeber-immobilie-in-der-scheidung_Version-1_2021-01-15-700x700.jpeg 700w, https:\/\/immobilien-lindstedt.bendit.de\/wp-content\/uploads\/2025\/04\/BOTTIMMO-GWsocialbild-Ratgeber-immobilie-in-der-scheidung_Version-1_2021-01-15-780x780.jpeg 780w, https:\/\/immobilien-lindstedt.bendit.de\/wp-content\/uploads\/2025\/04\/BOTTIMMO-GWsocialbild-Ratgeber-immobilie-in-der-scheidung_Version-1_2021-01-15-600x600.jpeg 600w, https:\/\/immobilien-lindstedt.bendit.de\/wp-content\/uploads\/2025\/04\/BOTTIMMO-GWsocialbild-Ratgeber-immobilie-in-der-scheidung_Version-1_2021-01-15-496x496.jpeg 496w, https:\/\/immobilien-lindstedt.bendit.de\/wp-content\/uploads\/2025\/04\/BOTTIMMO-GWsocialbild-Ratgeber-immobilie-in-der-scheidung_Version-1_2021-01-15.jpeg 1200w\" sizes=\"(max-width: 300px) 100vw, 300px\" \/>\t\t\t\t\t\t\t\t\t\t\t\t\t\t\t<\/div>\n\t\t\t\t<\/div>\n\t\t\t\t\t<\/div>\n\t\t<\/div>\n\t\t\t\t<div class=\"elementor-column elementor-col-50 elementor-top-column elementor-element elementor-element-67f163e1\" data-id=\"67f163e1\" data-element_type=\"column\">\n\t\t\t<div class=\"elementor-widget-wrap elementor-element-populated\">\n\t\t\t\t\t\t<div class=\"elementor-element elementor-element-711360d9 elementor-widget elementor-widget-heading\" data-id=\"711360d9\" data-element_type=\"widget\" data-widget_type=\"heading.default\">\n\t\t\t\t<div class=\"elementor-widget-container\">\n\t\t\t\t\t<div class=\"elementor-heading-title elementor-size-default\">Current expert knowledge<\/div>\t\t\t\t<\/div>\n\t\t\t\t<\/div>\n\t\t\t\t<div class=\"elementor-element elementor-element-6533d8e elementor-widget elementor-widget-heading\" data-id=\"6533d8e\" data-element_type=\"widget\" data-widget_type=\"heading.default\">\n\t\t\t\t<div class=\"elementor-widget-container\">\n\t\t\t\t\t<h5 class=\"elementor-heading-title elementor-size-default\">This guide provides information:<\/h5>\t\t\t\t<\/div>\n\t\t\t\t<\/div>\n\t\t\t\t<div class=\"elementor-element elementor-element-77cc09ba checkliste elementor-widget elementor-widget-text-editor\" data-id=\"77cc09ba\" data-element_type=\"widget\" data-settings=\"{&quot;_animation&quot;:&quot;none&quot;}\" data-widget_type=\"text-editor.default\">\n\t\t\t\t<div class=\"elementor-widget-container\">\n\t\t\t\t\t\t\t\t\t<ul><li>Separation of property or community of accrued gains?<\/li><li>Traps in the transfer of ownership.<\/li><li>Real division - simply explained.<\/li><li>When does a partition auction take place?<\/li><li>Arguments for selling or renting.<\/li><\/ul>\t\t\t\t\t\t\t\t<\/div>\n\t\t\t\t<\/div>\n\t\t\t\t\t<\/div>\n\t\t<\/div>\n\t\t\t\t\t<\/div>\n\t\t<\/section>\n\t\t\t\t<section class=\"elementor-section elementor-top-section elementor-element elementor-element-26381337 elementor-section-boxed elementor-section-height-default elementor-section-height-default\" data-id=\"26381337\" data-element_type=\"section\">\n\t\t\t\t\t\t<div class=\"elementor-container elementor-column-gap-default\">\n\t\t\t\t\t<div class=\"elementor-column elementor-col-100 elementor-top-column elementor-element elementor-element-7eb29e88\" data-id=\"7eb29e88\" data-element_type=\"column\">\n\t\t\t<div class=\"elementor-widget-wrap elementor-element-populated\">\n\t\t\t\t\t\t<div class=\"elementor-element elementor-element-5a2fdec8 elementor-widget elementor-widget-text-editor\" data-id=\"5a2fdec8\" data-element_type=\"widget\" data-widget_type=\"text-editor.default\">\n\t\t\t\t<div class=\"elementor-widget-container\">\n\t\t\t\t\t\t\t\t\t<p>In the event of a divorce, the joint property quickly becomes a source of problems and can change the economic situation.<\/p><p>In this guide, we tell you how you can protect yourself in the <b>A jungle of options for action<\/b> and share the current state of knowledge with you.<\/p><p>The <strong>Real estate value<\/strong> plays an important role. If you have not yet determined the value, you can do so with our <a href=\"https:\/\/immobilien-lindstedt.bendit.de\/en\/real-estate-market-value-analysis\/\">Market value analysis<\/a> quickly and without obligation online.<\/p>\t\t\t\t\t\t\t\t<\/div>\n\t\t\t\t<\/div>\n\t\t\t\t<div class=\"elementor-element elementor-element-b9407f0 elementor-widget elementor-widget-text-editor\" data-id=\"b9407f0\" data-element_type=\"widget\" data-widget_type=\"text-editor.default\">\n\t\t\t\t<div class=\"elementor-widget-container\">\n\t\t\t\t\t\t\t\t\t<script src=\"https:\/\/iframe.immowissen.org\/loader.min.js\" data-company=\"immobilien-lindstedt\" data-slug=\"immobilie-in-der-scheidung\" data-bottimmo defer><span data-mce-type=\"bookmark\" style=\"display: inline-block; width: 0px; overflow: hidden; line-height: 0;\" class=\"mce_SELRES_start\">\ufeff<\/span><\/script>\t\t\t\t\t\t\t\t<\/div>\n\t\t\t\t<\/div>\n\t\t\t\t<div class=\"elementor-element elementor-element-1cf933e6 elementor-widget elementor-widget-text-editor\" data-id=\"1cf933e6\" data-element_type=\"widget\" data-widget_type=\"text-editor.default\">\n\t\t\t\t<div class=\"elementor-widget-container\">\n\t\t\t\t\t\t\t\t\t<p><script src=\"https:\/\/iframe.immowissen.org\/loader.min.js\" data-company=\"immobilien-lindstedt\" data-slug=\"telefonische-beratung\" data-variant=\"wizard\" data-bottimmo defer><\/script><\/p>\t\t\t\t\t\t\t\t<\/div>\n\t\t\t\t<\/div>\n\t\t\t\t\t<\/div>\n\t\t<\/div>\n\t\t\t\t\t<\/div>\n\t\t<\/section>\n\t\t\t\t<\/div>","protected":false},"excerpt":{"rendered":"<p>Personal PDF download Real estate in divorce? Avoid these mistakes! Save nerves and time. Equip yourself with the latest expert knowledge and avoid the most common mistakes in the divorce battle. Current expert knowledge This guide clarifies: Separation of property or community of accrued gains? Pitfalls in the transfer of property. Real division - simply explained. When does a partition auction take place? Arguments for the sale [...]<\/p>","protected":false},"author":2,"featured_media":297,"parent":328,"menu_order":0,"comment_status":"closed","ping_status":"closed","template":"","meta":{"footnotes":""},"class_list":["post-293","page","type-page","status-publish","has-post-thumbnail","hentry"],"yoast_head":"<!-- This site is optimized with the Yoast SEO plugin v26.8 - https:\/\/yoast.com\/product\/yoast-seo-wordpress\/ -->\n<title>Immobilie in der Scheidung - Immobilien Lindstedt<\/title>\n<meta name=\"robots\" content=\"index, follow, max-snippet:-1, max-image-preview:large, max-video-preview:-1\" \/>\n<link rel=\"canonical\" href=\"https:\/\/immobilien-lindstedt.bendit.de\/en\/advisor\/property-in-the-divorce\/\" \/>\n<meta property=\"og:locale\" content=\"en_US\" \/>\n<meta property=\"og:type\" content=\"article\" \/>\n<meta property=\"og:title\" content=\"Immobilie in der Scheidung - Immobilien Lindstedt\" \/>\n<meta property=\"og:description\" content=\"Pers\u00f6nlicher PDF-Download Immobilie in der Scheidung? Diese Fehler vermeiden! Sparen Sie Nerven und Zeit. R\u00fcsten Sie sich mit aktuellem Expertenwissen und vermeiden Sie so die h\u00e4ufigsten Fehler im Scheidungskrieg. Aktuelles Expertenwissen Dieser Ratgeber kl\u00e4rt auf: G\u00fctertrennung oder Zugewinngemeinschaft? Fallen bei der Eigentums\u00fcbertragung. Realteilung &#8211; einfach erkl\u00e4rt. Wann kommt es zur Teilungsversteigerung? Argumente f\u00fcr den Verkauf [&hellip;]\" \/>\n<meta property=\"og:url\" content=\"https:\/\/immobilien-lindstedt.bendit.de\/en\/advisor\/property-in-the-divorce\/\" \/>\n<meta property=\"og:site_name\" content=\"Immobilien Lindstedt\" \/>\n<meta property=\"article:publisher\" content=\"https:\/\/www.facebook.com\/immobilienlindstedt\/\" \/>\n<meta property=\"article:modified_time\" content=\"2025-04-15T09:54:15+00:00\" \/>\n<meta property=\"og:image\" content=\"https:\/\/immobilien-lindstedt.bendit.de\/wp-content\/uploads\/2025\/04\/BOTTIMMO-GWsocialbild-Ratgeber-immobilie-in-der-scheidung_Version-1_2021-01-15-1.jpeg\" \/>\n\t<meta property=\"og:image:width\" content=\"1200\" \/>\n\t<meta property=\"og:image:height\" content=\"1200\" \/>\n\t<meta property=\"og:image:type\" content=\"image\/jpeg\" \/>\n<meta name=\"twitter:card\" content=\"summary_large_image\" \/>\n<meta name=\"twitter:site\" content=\"@ImmoLindstedt\" \/>\n<meta name=\"twitter:label1\" content=\"Est. reading time\" \/>\n\t<meta name=\"twitter:data1\" content=\"1 minute\" \/>\n<script type=\"application\/ld+json\" class=\"yoast-schema-graph\">{\"@context\":\"https:\/\/schema.org\",\"@graph\":[{\"@type\":\"WebPage\",\"@id\":\"https:\/\/immobilien-lindstedt.bendit.de\/ratgeber\/immobilie-in-der-scheidung\/\",\"url\":\"https:\/\/immobilien-lindstedt.bendit.de\/ratgeber\/immobilie-in-der-scheidung\/\",\"name\":\"Immobilie in der Scheidung - Immobilien Lindstedt\",\"isPartOf\":{\"@id\":\"https:\/\/immobilien-lindstedt.bendit.de\/en\/#website\"},\"primaryImageOfPage\":{\"@id\":\"https:\/\/immobilien-lindstedt.bendit.de\/ratgeber\/immobilie-in-der-scheidung\/#primaryimage\"},\"image\":{\"@id\":\"https:\/\/immobilien-lindstedt.bendit.de\/ratgeber\/immobilie-in-der-scheidung\/#primaryimage\"},\"thumbnailUrl\":\"https:\/\/immobilien-lindstedt.bendit.de\/wp-content\/uploads\/2025\/04\/BOTTIMMO-GWsocialbild-Ratgeber-immobilie-in-der-scheidung_Version-1_2021-01-15-1.jpeg\",\"datePublished\":\"2025-04-15T08:12:58+00:00\",\"dateModified\":\"2025-04-15T09:54:15+00:00\",\"breadcrumb\":{\"@id\":\"https:\/\/immobilien-lindstedt.bendit.de\/ratgeber\/immobilie-in-der-scheidung\/#breadcrumb\"},\"inLanguage\":\"en-US\",\"potentialAction\":[{\"@type\":\"ReadAction\",\"target\":[\"https:\/\/immobilien-lindstedt.bendit.de\/ratgeber\/immobilie-in-der-scheidung\/\"]}]},{\"@type\":\"ImageObject\",\"inLanguage\":\"en-US\",\"@id\":\"https:\/\/immobilien-lindstedt.bendit.de\/ratgeber\/immobilie-in-der-scheidung\/#primaryimage\",\"url\":\"https:\/\/immobilien-lindstedt.bendit.de\/wp-content\/uploads\/2025\/04\/BOTTIMMO-GWsocialbild-Ratgeber-immobilie-in-der-scheidung_Version-1_2021-01-15-1.jpeg\",\"contentUrl\":\"https:\/\/immobilien-lindstedt.bendit.de\/wp-content\/uploads\/2025\/04\/BOTTIMMO-GWsocialbild-Ratgeber-immobilie-in-der-scheidung_Version-1_2021-01-15-1.jpeg\",\"width\":1200,\"height\":1200},{\"@type\":\"BreadcrumbList\",\"@id\":\"https:\/\/immobilien-lindstedt.bendit.de\/ratgeber\/immobilie-in-der-scheidung\/#breadcrumb\",\"itemListElement\":[{\"@type\":\"ListItem\",\"position\":1,\"name\":\"Startseite\",\"item\":\"https:\/\/immobilien-lindstedt.bendit.de\/en\/\"},{\"@type\":\"ListItem\",\"position\":2,\"name\":\"Ratgeber\",\"item\":\"https:\/\/immobilien-lindstedt.bendit.de\/en\/advisor\/\"},{\"@type\":\"ListItem\",\"position\":3,\"name\":\"Immobilie in der Scheidung\"}]},{\"@type\":\"WebSite\",\"@id\":\"https:\/\/immobilien-lindstedt.bendit.de\/en\/#website\",\"url\":\"https:\/\/immobilien-lindstedt.bendit.de\/en\/\",\"name\":\"Immobilien Lindstedt\",\"description\":\"\",\"publisher\":{\"@id\":\"https:\/\/immobilien-lindstedt.bendit.de\/en\/#organization\"},\"potentialAction\":[{\"@type\":\"SearchAction\",\"target\":{\"@type\":\"EntryPoint\",\"urlTemplate\":\"https:\/\/immobilien-lindstedt.bendit.de\/en\/?s={search_term_string}\"},\"query-input\":{\"@type\":\"PropertyValueSpecification\",\"valueRequired\":true,\"valueName\":\"search_term_string\"}}],\"inLanguage\":\"en-US\"},{\"@type\":\"Organization\",\"@id\":\"https:\/\/immobilien-lindstedt.bendit.de\/en\/#organization\",\"name\":\"Immobilien Lindstedt\",\"url\":\"https:\/\/immobilien-lindstedt.bendit.de\/en\/\",\"logo\":{\"@type\":\"ImageObject\",\"inLanguage\":\"en-US\",\"@id\":\"https:\/\/immobilien-lindstedt.bendit.de\/en\/#\/schema\/logo\/image\/\",\"url\":\"https:\/\/immobilien-lindstedt.bendit.de\/wp-content\/uploads\/2025\/04\/logo-mit-vip-transparent.png\",\"contentUrl\":\"https:\/\/immobilien-lindstedt.bendit.de\/wp-content\/uploads\/2025\/04\/logo-mit-vip-transparent.png\",\"width\":1018,\"height\":166,\"caption\":\"Immobilien Lindstedt\"},\"image\":{\"@id\":\"https:\/\/immobilien-lindstedt.bendit.de\/en\/#\/schema\/logo\/image\/\"},\"sameAs\":[\"https:\/\/www.facebook.com\/immobilienlindstedt\/\",\"https:\/\/x.com\/ImmoLindstedt\",\"https:\/\/www.linkedin.com\/in\/christian-lindstedt-8b7044b0\/\",\"https:\/\/www.instagram.com\/immobilien_lindstedt_gmbh\/\",\"https:\/\/www.youtube.com\/c\/ImmobilienLindstedt\"]}]}<\/script>\n<!-- \/ Yoast SEO plugin. -->","yoast_head_json":{"title":"Real estate in divorce - Immobilien Lindstedt","robots":{"index":"index","follow":"follow","max-snippet":"max-snippet:-1","max-image-preview":"max-image-preview:large","max-video-preview":"max-video-preview:-1"},"canonical":"https:\/\/immobilien-lindstedt.bendit.de\/en\/advisor\/property-in-the-divorce\/","og_locale":"en_US","og_type":"article","og_title":"Immobilie in der Scheidung - Immobilien Lindstedt","og_description":"Pers\u00f6nlicher PDF-Download Immobilie in der Scheidung? Diese Fehler vermeiden! Sparen Sie Nerven und Zeit. R\u00fcsten Sie sich mit aktuellem Expertenwissen und vermeiden Sie so die h\u00e4ufigsten Fehler im Scheidungskrieg. Aktuelles Expertenwissen Dieser Ratgeber kl\u00e4rt auf: G\u00fctertrennung oder Zugewinngemeinschaft? Fallen bei der Eigentums\u00fcbertragung. Realteilung &#8211; einfach erkl\u00e4rt. Wann kommt es zur Teilungsversteigerung? Argumente f\u00fcr den Verkauf [&hellip;]","og_url":"https:\/\/immobilien-lindstedt.bendit.de\/en\/advisor\/property-in-the-divorce\/","og_site_name":"Immobilien Lindstedt","article_publisher":"https:\/\/www.facebook.com\/immobilienlindstedt\/","article_modified_time":"2025-04-15T09:54:15+00:00","og_image":[{"width":1200,"height":1200,"url":"https:\/\/immobilien-lindstedt.bendit.de\/wp-content\/uploads\/2025\/04\/BOTTIMMO-GWsocialbild-Ratgeber-immobilie-in-der-scheidung_Version-1_2021-01-15-1.jpeg","type":"image\/jpeg"}],"twitter_card":"summary_large_image","twitter_site":"@ImmoLindstedt","twitter_misc":{"Est. reading time":"1 minute"},"schema":{"@context":"https:\/\/schema.org","@graph":[{"@type":"WebPage","@id":"https:\/\/immobilien-lindstedt.bendit.de\/ratgeber\/immobilie-in-der-scheidung\/","url":"https:\/\/immobilien-lindstedt.bendit.de\/ratgeber\/immobilie-in-der-scheidung\/","name":"Real estate in divorce - Immobilien Lindstedt","isPartOf":{"@id":"https:\/\/immobilien-lindstedt.bendit.de\/en\/#website"},"primaryImageOfPage":{"@id":"https:\/\/immobilien-lindstedt.bendit.de\/ratgeber\/immobilie-in-der-scheidung\/#primaryimage"},"image":{"@id":"https:\/\/immobilien-lindstedt.bendit.de\/ratgeber\/immobilie-in-der-scheidung\/#primaryimage"},"thumbnailUrl":"https:\/\/immobilien-lindstedt.bendit.de\/wp-content\/uploads\/2025\/04\/BOTTIMMO-GWsocialbild-Ratgeber-immobilie-in-der-scheidung_Version-1_2021-01-15-1.jpeg","datePublished":"2025-04-15T08:12:58+00:00","dateModified":"2025-04-15T09:54:15+00:00","breadcrumb":{"@id":"https:\/\/immobilien-lindstedt.bendit.de\/ratgeber\/immobilie-in-der-scheidung\/#breadcrumb"},"inLanguage":"en-US","potentialAction":[{"@type":"ReadAction","target":["https:\/\/immobilien-lindstedt.bendit.de\/ratgeber\/immobilie-in-der-scheidung\/"]}]},{"@type":"ImageObject","inLanguage":"en-US","@id":"https:\/\/immobilien-lindstedt.bendit.de\/ratgeber\/immobilie-in-der-scheidung\/#primaryimage","url":"https:\/\/immobilien-lindstedt.bendit.de\/wp-content\/uploads\/2025\/04\/BOTTIMMO-GWsocialbild-Ratgeber-immobilie-in-der-scheidung_Version-1_2021-01-15-1.jpeg","contentUrl":"https:\/\/immobilien-lindstedt.bendit.de\/wp-content\/uploads\/2025\/04\/BOTTIMMO-GWsocialbild-Ratgeber-immobilie-in-der-scheidung_Version-1_2021-01-15-1.jpeg","width":1200,"height":1200},{"@type":"BreadcrumbList","@id":"https:\/\/immobilien-lindstedt.bendit.de\/ratgeber\/immobilie-in-der-scheidung\/#breadcrumb","itemListElement":[{"@type":"ListItem","position":1,"name":"Startseite","item":"https:\/\/immobilien-lindstedt.bendit.de\/en\/"},{"@type":"ListItem","position":2,"name":"Ratgeber","item":"https:\/\/immobilien-lindstedt.bendit.de\/en\/advisor\/"},{"@type":"ListItem","position":3,"name":"Immobilie in der Scheidung"}]},{"@type":"WebSite","@id":"https:\/\/immobilien-lindstedt.bendit.de\/en\/#website","url":"https:\/\/immobilien-lindstedt.bendit.de\/en\/","name":"Real Estate Lindstedt","description":"","publisher":{"@id":"https:\/\/immobilien-lindstedt.bendit.de\/en\/#organization"},"potentialAction":[{"@type":"SearchAction","target":{"@type":"EntryPoint","urlTemplate":"https:\/\/immobilien-lindstedt.bendit.de\/en\/?s={search_term_string}"},"query-input":{"@type":"PropertyValueSpecification","valueRequired":true,"valueName":"search_term_string"}}],"inLanguage":"en-US"},{"@type":"Organization","@id":"https:\/\/immobilien-lindstedt.bendit.de\/en\/#organization","name":"Real Estate Lindstedt","url":"https:\/\/immobilien-lindstedt.bendit.de\/en\/","logo":{"@type":"ImageObject","inLanguage":"en-US","@id":"https:\/\/immobilien-lindstedt.bendit.de\/en\/#\/schema\/logo\/image\/","url":"https:\/\/immobilien-lindstedt.bendit.de\/wp-content\/uploads\/2025\/04\/logo-mit-vip-transparent.png","contentUrl":"https:\/\/immobilien-lindstedt.bendit.de\/wp-content\/uploads\/2025\/04\/logo-mit-vip-transparent.png","width":1018,"height":166,"caption":"Immobilien Lindstedt"},"image":{"@id":"https:\/\/immobilien-lindstedt.bendit.de\/en\/#\/schema\/logo\/image\/"},"sameAs":["https:\/\/www.facebook.com\/immobilienlindstedt\/","https:\/\/x.com\/ImmoLindstedt","https:\/\/www.linkedin.com\/in\/christian-lindstedt-8b7044b0\/","https:\/\/www.instagram.com\/immobilien_lindstedt_gmbh\/","https:\/\/www.youtube.com\/c\/ImmobilienLindstedt"]}]}},"_links":{"self":[{"href":"https:\/\/immobilien-lindstedt.bendit.de\/en\/wp-json\/wp\/v2\/pages\/293","targetHints":{"allow":["GET"]}}],"collection":[{"href":"https:\/\/immobilien-lindstedt.bendit.de\/en\/wp-json\/wp\/v2\/pages"}],"about":[{"href":"https:\/\/immobilien-lindstedt.bendit.de\/en\/wp-json\/wp\/v2\/types\/page"}],"author":[{"embeddable":true,"href":"https:\/\/immobilien-lindstedt.bendit.de\/en\/wp-json\/wp\/v2\/users\/2"}],"replies":[{"embeddable":true,"href":"https:\/\/immobilien-lindstedt.bendit.de\/en\/wp-json\/wp\/v2\/comments?post=293"}],"version-history":[{"count":0,"href":"https:\/\/immobilien-lindstedt.bendit.de\/en\/wp-json\/wp\/v2\/pages\/293\/revisions"}],"up":[{"embeddable":true,"href":"https:\/\/immobilien-lindstedt.bendit.de\/en\/wp-json\/wp\/v2\/pages\/328"}],"wp:featuredmedia":[{"embeddable":true,"href":"https:\/\/immobilien-lindstedt.bendit.de\/en\/wp-json\/wp\/v2\/media\/297"}],"wp:attachment":[{"href":"https:\/\/immobilien-lindstedt.bendit.de\/en\/wp-json\/wp\/v2\/media?parent=293"}],"curies":[{"name":"wp","href":"https:\/\/api.w.org\/{rel}","templated":true}]}}