{"id":288,"date":"2025-04-15T10:12:56","date_gmt":"2025-04-15T08:12:56","guid":{"rendered":"https:\/\/immobilien-lindstedt-2.bendit.de\/immobilien-fakten-und-begriffe\/"},"modified":"2025-04-15T11:55:06","modified_gmt":"2025-04-15T09:55:06","slug":"immobilien-fakten-und-begriffe","status":"publish","type":"page","link":"https:\/\/immobilien-lindstedt.bendit.de\/en\/advisor\/real-estate-facts-and-concepts\/","title":{"rendered":"Real estate facts and terms"},"content":{"rendered":"<div data-elementor-type=\"wp-page\" data-elementor-id=\"288\" class=\"elementor elementor-288\">\n\t\t\t\t\t\t<section class=\"elementor-section elementor-top-section elementor-element elementor-element-10edf24e elementor-section-boxed elementor-section-height-default elementor-section-height-default\" data-id=\"10edf24e\" data-element_type=\"section\">\n\t\t\t\t\t\t<div class=\"elementor-container elementor-column-gap-default\">\n\t\t\t\t\t<div class=\"elementor-column elementor-col-50 elementor-top-column elementor-element elementor-element-1af09d97\" data-id=\"1af09d97\" data-element_type=\"column\">\n\t\t\t<div class=\"elementor-widget-wrap elementor-element-populated\">\n\t\t\t\t\t\t<div class=\"elementor-element elementor-element-2d6b455e elementor-widget elementor-widget-heading\" data-id=\"2d6b455e\" data-element_type=\"widget\" data-widget_type=\"heading.default\">\n\t\t\t\t<div class=\"elementor-widget-container\">\n\t\t\t\t\t<div class=\"elementor-heading-title elementor-size-default\">Personal PDF download<\/div>\t\t\t\t<\/div>\n\t\t\t\t<\/div>\n\t\t\t\t<div class=\"elementor-element elementor-element-36e2eecf elementor-widget elementor-widget-heading\" data-id=\"36e2eecf\" data-element_type=\"widget\" data-widget_type=\"heading.default\">\n\t\t\t\t<div class=\"elementor-widget-container\">\n\t\t\t\t\t<h5 class=\"elementor-heading-title elementor-size-default\">Compact real estate knowledge<\/h5>\t\t\t\t<\/div>\n\t\t\t\t<\/div>\n\t\t\t\t<div class=\"elementor-element elementor-element-770cc33 elementor-widget elementor-widget-text-editor\" data-id=\"770cc33\" data-element_type=\"widget\" data-widget_type=\"text-editor.default\">\n\t\t\t\t<div class=\"elementor-widget-container\">\n\t\t\t\t\t\t\t\t\t<p>Our guide explains all the relevant technical terms in easy-to-understand language. This guide is highly recommended for anyone who wants to learn a little more about the world of real estate.<\/p>\t\t\t\t\t\t\t\t<\/div>\n\t\t\t\t<\/div>\n\t\t\t\t<div class=\"elementor-element elementor-element-55210221 elementor-widget elementor-widget-image\" data-id=\"55210221\" data-element_type=\"widget\" data-widget_type=\"image.default\">\n\t\t\t\t<div class=\"elementor-widget-container\">\n\t\t\t\t\t\t\t\t\t\t\t\t\t\t\t<img fetchpriority=\"high\" decoding=\"async\" width=\"300\" height=\"300\" src=\"https:\/\/immobilien-lindstedt.bendit.de\/wp-content\/uploads\/2025\/04\/BOTTIMMO-GWsocialbild-Ratgeber-immobilien-fakten-und-begriffe_Version-1_2021-01-15-300x300.jpeg\" class=\"attachment-medium size-medium wp-image-289\" alt=\"\" srcset=\"https:\/\/immobilien-lindstedt.bendit.de\/wp-content\/uploads\/2025\/04\/BOTTIMMO-GWsocialbild-Ratgeber-immobilien-fakten-und-begriffe_Version-1_2021-01-15-300x300.jpeg 300w, https:\/\/immobilien-lindstedt.bendit.de\/wp-content\/uploads\/2025\/04\/BOTTIMMO-GWsocialbild-Ratgeber-immobilien-fakten-und-begriffe_Version-1_2021-01-15-1024x1024.jpeg 1024w, https:\/\/immobilien-lindstedt.bendit.de\/wp-content\/uploads\/2025\/04\/BOTTIMMO-GWsocialbild-Ratgeber-immobilien-fakten-und-begriffe_Version-1_2021-01-15-150x150.jpeg 150w, https:\/\/immobilien-lindstedt.bendit.de\/wp-content\/uploads\/2025\/04\/BOTTIMMO-GWsocialbild-Ratgeber-immobilien-fakten-und-begriffe_Version-1_2021-01-15-768x768.jpeg 768w, https:\/\/immobilien-lindstedt.bendit.de\/wp-content\/uploads\/2025\/04\/BOTTIMMO-GWsocialbild-Ratgeber-immobilien-fakten-und-begriffe_Version-1_2021-01-15-12x12.jpeg 12w, https:\/\/immobilien-lindstedt.bendit.de\/wp-content\/uploads\/2025\/04\/BOTTIMMO-GWsocialbild-Ratgeber-immobilien-fakten-und-begriffe_Version-1_2021-01-15-700x700.jpeg 700w, https:\/\/immobilien-lindstedt.bendit.de\/wp-content\/uploads\/2025\/04\/BOTTIMMO-GWsocialbild-Ratgeber-immobilien-fakten-und-begriffe_Version-1_2021-01-15-780x780.jpeg 780w, https:\/\/immobilien-lindstedt.bendit.de\/wp-content\/uploads\/2025\/04\/BOTTIMMO-GWsocialbild-Ratgeber-immobilien-fakten-und-begriffe_Version-1_2021-01-15-600x600.jpeg 600w, https:\/\/immobilien-lindstedt.bendit.de\/wp-content\/uploads\/2025\/04\/BOTTIMMO-GWsocialbild-Ratgeber-immobilien-fakten-und-begriffe_Version-1_2021-01-15-496x496.jpeg 496w, https:\/\/immobilien-lindstedt.bendit.de\/wp-content\/uploads\/2025\/04\/BOTTIMMO-GWsocialbild-Ratgeber-immobilien-fakten-und-begriffe_Version-1_2021-01-15.jpeg 1200w\" sizes=\"(max-width: 300px) 100vw, 300px\" \/>\t\t\t\t\t\t\t\t\t\t\t\t\t\t\t<\/div>\n\t\t\t\t<\/div>\n\t\t\t\t\t<\/div>\n\t\t<\/div>\n\t\t\t\t<div class=\"elementor-column elementor-col-50 elementor-top-column elementor-element elementor-element-1e24450c\" data-id=\"1e24450c\" data-element_type=\"column\">\n\t\t\t<div class=\"elementor-widget-wrap elementor-element-populated\">\n\t\t\t\t\t\t<div class=\"elementor-element elementor-element-74aaca54 elementor-widget elementor-widget-heading\" data-id=\"74aaca54\" data-element_type=\"widget\" data-widget_type=\"heading.default\">\n\t\t\t\t<div class=\"elementor-widget-container\">\n\t\t\t\t\t<div class=\"elementor-heading-title elementor-size-default\">Current expert knowledge<\/div>\t\t\t\t<\/div>\n\t\t\t\t<\/div>\n\t\t\t\t<div class=\"elementor-element elementor-element-4516460a elementor-widget elementor-widget-heading\" data-id=\"4516460a\" data-element_type=\"widget\" data-widget_type=\"heading.default\">\n\t\t\t\t<div class=\"elementor-widget-container\">\n\t\t\t\t\t<h5 class=\"elementor-heading-title elementor-size-default\">This guide provides information:<\/h5>\t\t\t\t<\/div>\n\t\t\t\t<\/div>\n\t\t\t\t<div class=\"elementor-element elementor-element-4f223d6c checkliste elementor-widget elementor-widget-text-editor\" data-id=\"4f223d6c\" data-element_type=\"widget\" data-settings=\"{&quot;_animation&quot;:&quot;none&quot;}\" data-widget_type=\"text-editor.default\">\n\t\t\t\t<div class=\"elementor-widget-container\">\n\t\t\t\t\t\t\t\t\t<ul><li>how a broker works and what it costs.<\/li><li>what liability obligations a broker has.<\/li><li>what you need to sell a property.<\/li><li>which administrative procedures are necessary.<\/li><li>what processes you will face until the contract is concluded.<\/li><li>what role the notary plays.<\/li><\/ul>\t\t\t\t\t\t\t\t<\/div>\n\t\t\t\t<\/div>\n\t\t\t\t\t<\/div>\n\t\t<\/div>\n\t\t\t\t\t<\/div>\n\t\t<\/section>\n\t\t\t\t<section class=\"elementor-section elementor-top-section elementor-element elementor-element-300b3c85 elementor-section-boxed elementor-section-height-default elementor-section-height-default\" data-id=\"300b3c85\" data-element_type=\"section\">\n\t\t\t\t\t\t<div class=\"elementor-container elementor-column-gap-default\">\n\t\t\t\t\t<div class=\"elementor-column elementor-col-100 elementor-top-column elementor-element elementor-element-225985d5\" data-id=\"225985d5\" data-element_type=\"column\">\n\t\t\t<div class=\"elementor-widget-wrap elementor-element-populated\">\n\t\t\t\t\t\t<div class=\"elementor-element elementor-element-7fa3a196 elementor-widget elementor-widget-text-editor\" data-id=\"7fa3a196\" data-element_type=\"widget\" data-widget_type=\"text-editor.default\">\n\t\t\t\t<div class=\"elementor-widget-container\">\n\t\t\t\t\t\t\t\t\t<p>Would you like to sell your property? The <strong>current real estate value<\/strong> plays an important role. If you have not yet determined the value, you can do so with our <a href=\"https:\/\/immobilien-lindstedt.bendit.de\/en\/real-estate-market-value-analysis\/\">Market value analysis<\/a> quickly and without obligation online.<\/p>\t\t\t\t\t\t\t\t<\/div>\n\t\t\t\t<\/div>\n\t\t\t\t<div class=\"elementor-element elementor-element-7dba0d1b elementor-widget elementor-widget-text-editor\" data-id=\"7dba0d1b\" data-element_type=\"widget\" data-widget_type=\"text-editor.default\">\n\t\t\t\t<div class=\"elementor-widget-container\">\n\t\t\t\t\t\t\t\t\t<script src=\"https:\/\/iframe.immowissen.org\/loader.min.js\" data-company=\"immobilien-lindstedt\" data-slug=\"immobilien-fakten-und-begriffe\"  data-bottimmo defer><\/script>\t\t\t\t\t\t\t\t<\/div>\n\t\t\t\t<\/div>\n\t\t\t\t<div class=\"elementor-element elementor-element-730ddc8b elementor-widget elementor-widget-text-editor\" data-id=\"730ddc8b\" data-element_type=\"widget\" data-widget_type=\"text-editor.default\">\n\t\t\t\t<div class=\"elementor-widget-container\">\n\t\t\t\t\t\t\t\t\t<p><script src=\"https:\/\/iframe.immowissen.org\/loader.min.js\" data-company=\"immobilien-lindstedt\" data-slug=\"telefonische-beratung\" data-variant=\"wizard\" data-bottimmo defer><\/script><\/p>\t\t\t\t\t\t\t\t<\/div>\n\t\t\t\t<\/div>\n\t\t\t\t\t<\/div>\n\t\t<\/div>\n\t\t\t\t\t<\/div>\n\t\t<\/section>\n\t\t\t\t<\/div>","protected":false},"excerpt":{"rendered":"<p>Personal PDF download Compact real estate knowledge Our guide explains all the relevant technical terms in easy-to-understand language. This guide is highly recommended for anyone who wants to learn a little more about the world of real estate. Up-to-date expert knowledge This guide explains: how an estate agent works and what they cost. what liability obligations an estate agent has. what you need to know to sell a property [...]<\/p>","protected":false},"author":2,"featured_media":292,"parent":328,"menu_order":0,"comment_status":"closed","ping_status":"closed","template":"","meta":{"footnotes":""},"class_list":["post-288","page","type-page","status-publish","has-post-thumbnail","hentry"],"yoast_head":"<!-- This site is optimized with the Yoast SEO plugin v26.8 - https:\/\/yoast.com\/product\/yoast-seo-wordpress\/ -->\n<title>Immobilien Fakten und Begriffe - Immobilien Lindstedt<\/title>\n<meta name=\"robots\" content=\"index, follow, max-snippet:-1, max-image-preview:large, max-video-preview:-1\" \/>\n<link rel=\"canonical\" href=\"https:\/\/immobilien-lindstedt.bendit.de\/en\/advisor\/real-estate-facts-and-concepts\/\" \/>\n<meta property=\"og:locale\" content=\"en_US\" \/>\n<meta property=\"og:type\" content=\"article\" \/>\n<meta property=\"og:title\" content=\"Immobilien Fakten und Begriffe - Immobilien Lindstedt\" \/>\n<meta property=\"og:description\" content=\"Pers\u00f6nlicher PDF-Download Immobilienwissen kompakt Unser Ratgeber erkl\u00e4rt in verst\u00e4ndlicher Sprache alle relevanten Fachbegriffe. F\u00fcr alle, die ein wenig mehr \u00fcber die Immobilienwelt lernen m\u00f6chten, ist dieser Ratgeber w\u00e4rmstens zu empfehlen. Aktuelles Expertenwissen Dieser Ratgeber kl\u00e4rt auf: wie ein Makler arbeitet und was er kostet. welche Haftungspflichten ein Makler hat. was man zum Verkauf einer Immobilie [&hellip;]\" \/>\n<meta property=\"og:url\" content=\"https:\/\/immobilien-lindstedt.bendit.de\/en\/advisor\/real-estate-facts-and-concepts\/\" \/>\n<meta property=\"og:site_name\" content=\"Immobilien Lindstedt\" \/>\n<meta property=\"article:publisher\" content=\"https:\/\/www.facebook.com\/immobilienlindstedt\/\" \/>\n<meta property=\"article:modified_time\" content=\"2025-04-15T09:55:06+00:00\" \/>\n<meta property=\"og:image\" content=\"https:\/\/immobilien-lindstedt.bendit.de\/wp-content\/uploads\/2025\/04\/BOTTIMMO-GWsocialbild-Ratgeber-immobilien-fakten-und-begriffe_Version-1_2021-01-15-1.jpeg\" \/>\n\t<meta property=\"og:image:width\" content=\"1200\" \/>\n\t<meta property=\"og:image:height\" content=\"1200\" \/>\n\t<meta property=\"og:image:type\" content=\"image\/jpeg\" \/>\n<meta name=\"twitter:card\" content=\"summary_large_image\" \/>\n<meta name=\"twitter:site\" content=\"@ImmoLindstedt\" \/>\n<meta name=\"twitter:label1\" content=\"Est. reading time\" \/>\n\t<meta name=\"twitter:data1\" content=\"1 minute\" \/>\n<script type=\"application\/ld+json\" class=\"yoast-schema-graph\">{\"@context\":\"https:\/\/schema.org\",\"@graph\":[{\"@type\":\"WebPage\",\"@id\":\"https:\/\/immobilien-lindstedt.bendit.de\/ratgeber\/immobilien-fakten-und-begriffe\/\",\"url\":\"https:\/\/immobilien-lindstedt.bendit.de\/ratgeber\/immobilien-fakten-und-begriffe\/\",\"name\":\"Immobilien Fakten und Begriffe - Immobilien Lindstedt\",\"isPartOf\":{\"@id\":\"https:\/\/immobilien-lindstedt.bendit.de\/en\/#website\"},\"primaryImageOfPage\":{\"@id\":\"https:\/\/immobilien-lindstedt.bendit.de\/ratgeber\/immobilien-fakten-und-begriffe\/#primaryimage\"},\"image\":{\"@id\":\"https:\/\/immobilien-lindstedt.bendit.de\/ratgeber\/immobilien-fakten-und-begriffe\/#primaryimage\"},\"thumbnailUrl\":\"https:\/\/immobilien-lindstedt.bendit.de\/wp-content\/uploads\/2025\/04\/BOTTIMMO-GWsocialbild-Ratgeber-immobilien-fakten-und-begriffe_Version-1_2021-01-15-1.jpeg\",\"datePublished\":\"2025-04-15T08:12:56+00:00\",\"dateModified\":\"2025-04-15T09:55:06+00:00\",\"breadcrumb\":{\"@id\":\"https:\/\/immobilien-lindstedt.bendit.de\/ratgeber\/immobilien-fakten-und-begriffe\/#breadcrumb\"},\"inLanguage\":\"en-US\",\"potentialAction\":[{\"@type\":\"ReadAction\",\"target\":[\"https:\/\/immobilien-lindstedt.bendit.de\/ratgeber\/immobilien-fakten-und-begriffe\/\"]}]},{\"@type\":\"ImageObject\",\"inLanguage\":\"en-US\",\"@id\":\"https:\/\/immobilien-lindstedt.bendit.de\/ratgeber\/immobilien-fakten-und-begriffe\/#primaryimage\",\"url\":\"https:\/\/immobilien-lindstedt.bendit.de\/wp-content\/uploads\/2025\/04\/BOTTIMMO-GWsocialbild-Ratgeber-immobilien-fakten-und-begriffe_Version-1_2021-01-15-1.jpeg\",\"contentUrl\":\"https:\/\/immobilien-lindstedt.bendit.de\/wp-content\/uploads\/2025\/04\/BOTTIMMO-GWsocialbild-Ratgeber-immobilien-fakten-und-begriffe_Version-1_2021-01-15-1.jpeg\",\"width\":1200,\"height\":1200},{\"@type\":\"BreadcrumbList\",\"@id\":\"https:\/\/immobilien-lindstedt.bendit.de\/ratgeber\/immobilien-fakten-und-begriffe\/#breadcrumb\",\"itemListElement\":[{\"@type\":\"ListItem\",\"position\":1,\"name\":\"Startseite\",\"item\":\"https:\/\/immobilien-lindstedt.bendit.de\/en\/\"},{\"@type\":\"ListItem\",\"position\":2,\"name\":\"Ratgeber\",\"item\":\"https:\/\/immobilien-lindstedt.bendit.de\/en\/advisor\/\"},{\"@type\":\"ListItem\",\"position\":3,\"name\":\"Immobilien Fakten und Begriffe\"}]},{\"@type\":\"WebSite\",\"@id\":\"https:\/\/immobilien-lindstedt.bendit.de\/en\/#website\",\"url\":\"https:\/\/immobilien-lindstedt.bendit.de\/en\/\",\"name\":\"Immobilien Lindstedt\",\"description\":\"\",\"publisher\":{\"@id\":\"https:\/\/immobilien-lindstedt.bendit.de\/en\/#organization\"},\"potentialAction\":[{\"@type\":\"SearchAction\",\"target\":{\"@type\":\"EntryPoint\",\"urlTemplate\":\"https:\/\/immobilien-lindstedt.bendit.de\/en\/?s={search_term_string}\"},\"query-input\":{\"@type\":\"PropertyValueSpecification\",\"valueRequired\":true,\"valueName\":\"search_term_string\"}}],\"inLanguage\":\"en-US\"},{\"@type\":\"Organization\",\"@id\":\"https:\/\/immobilien-lindstedt.bendit.de\/en\/#organization\",\"name\":\"Immobilien Lindstedt\",\"url\":\"https:\/\/immobilien-lindstedt.bendit.de\/en\/\",\"logo\":{\"@type\":\"ImageObject\",\"inLanguage\":\"en-US\",\"@id\":\"https:\/\/immobilien-lindstedt.bendit.de\/en\/#\/schema\/logo\/image\/\",\"url\":\"https:\/\/immobilien-lindstedt.bendit.de\/wp-content\/uploads\/2025\/04\/logo-mit-vip-transparent.png\",\"contentUrl\":\"https:\/\/immobilien-lindstedt.bendit.de\/wp-content\/uploads\/2025\/04\/logo-mit-vip-transparent.png\",\"width\":1018,\"height\":166,\"caption\":\"Immobilien Lindstedt\"},\"image\":{\"@id\":\"https:\/\/immobilien-lindstedt.bendit.de\/en\/#\/schema\/logo\/image\/\"},\"sameAs\":[\"https:\/\/www.facebook.com\/immobilienlindstedt\/\",\"https:\/\/x.com\/ImmoLindstedt\",\"https:\/\/www.linkedin.com\/in\/christian-lindstedt-8b7044b0\/\",\"https:\/\/www.instagram.com\/immobilien_lindstedt_gmbh\/\",\"https:\/\/www.youtube.com\/c\/ImmobilienLindstedt\"]}]}<\/script>\n<!-- \/ Yoast SEO plugin. -->","yoast_head_json":{"title":"Real estate facts and terms - Immobilien Lindstedt","robots":{"index":"index","follow":"follow","max-snippet":"max-snippet:-1","max-image-preview":"max-image-preview:large","max-video-preview":"max-video-preview:-1"},"canonical":"https:\/\/immobilien-lindstedt.bendit.de\/en\/advisor\/real-estate-facts-and-concepts\/","og_locale":"en_US","og_type":"article","og_title":"Immobilien Fakten und Begriffe - Immobilien Lindstedt","og_description":"Pers\u00f6nlicher PDF-Download Immobilienwissen kompakt Unser Ratgeber erkl\u00e4rt in verst\u00e4ndlicher Sprache alle relevanten Fachbegriffe. F\u00fcr alle, die ein wenig mehr \u00fcber die Immobilienwelt lernen m\u00f6chten, ist dieser Ratgeber w\u00e4rmstens zu empfehlen. Aktuelles Expertenwissen Dieser Ratgeber kl\u00e4rt auf: wie ein Makler arbeitet und was er kostet. welche Haftungspflichten ein Makler hat. was man zum Verkauf einer Immobilie [&hellip;]","og_url":"https:\/\/immobilien-lindstedt.bendit.de\/en\/advisor\/real-estate-facts-and-concepts\/","og_site_name":"Immobilien Lindstedt","article_publisher":"https:\/\/www.facebook.com\/immobilienlindstedt\/","article_modified_time":"2025-04-15T09:55:06+00:00","og_image":[{"width":1200,"height":1200,"url":"https:\/\/immobilien-lindstedt.bendit.de\/wp-content\/uploads\/2025\/04\/BOTTIMMO-GWsocialbild-Ratgeber-immobilien-fakten-und-begriffe_Version-1_2021-01-15-1.jpeg","type":"image\/jpeg"}],"twitter_card":"summary_large_image","twitter_site":"@ImmoLindstedt","twitter_misc":{"Est. reading time":"1 minute"},"schema":{"@context":"https:\/\/schema.org","@graph":[{"@type":"WebPage","@id":"https:\/\/immobilien-lindstedt.bendit.de\/ratgeber\/immobilien-fakten-und-begriffe\/","url":"https:\/\/immobilien-lindstedt.bendit.de\/ratgeber\/immobilien-fakten-und-begriffe\/","name":"Real estate facts and terms - Immobilien Lindstedt","isPartOf":{"@id":"https:\/\/immobilien-lindstedt.bendit.de\/en\/#website"},"primaryImageOfPage":{"@id":"https:\/\/immobilien-lindstedt.bendit.de\/ratgeber\/immobilien-fakten-und-begriffe\/#primaryimage"},"image":{"@id":"https:\/\/immobilien-lindstedt.bendit.de\/ratgeber\/immobilien-fakten-und-begriffe\/#primaryimage"},"thumbnailUrl":"https:\/\/immobilien-lindstedt.bendit.de\/wp-content\/uploads\/2025\/04\/BOTTIMMO-GWsocialbild-Ratgeber-immobilien-fakten-und-begriffe_Version-1_2021-01-15-1.jpeg","datePublished":"2025-04-15T08:12:56+00:00","dateModified":"2025-04-15T09:55:06+00:00","breadcrumb":{"@id":"https:\/\/immobilien-lindstedt.bendit.de\/ratgeber\/immobilien-fakten-und-begriffe\/#breadcrumb"},"inLanguage":"en-US","potentialAction":[{"@type":"ReadAction","target":["https:\/\/immobilien-lindstedt.bendit.de\/ratgeber\/immobilien-fakten-und-begriffe\/"]}]},{"@type":"ImageObject","inLanguage":"en-US","@id":"https:\/\/immobilien-lindstedt.bendit.de\/ratgeber\/immobilien-fakten-und-begriffe\/#primaryimage","url":"https:\/\/immobilien-lindstedt.bendit.de\/wp-content\/uploads\/2025\/04\/BOTTIMMO-GWsocialbild-Ratgeber-immobilien-fakten-und-begriffe_Version-1_2021-01-15-1.jpeg","contentUrl":"https:\/\/immobilien-lindstedt.bendit.de\/wp-content\/uploads\/2025\/04\/BOTTIMMO-GWsocialbild-Ratgeber-immobilien-fakten-und-begriffe_Version-1_2021-01-15-1.jpeg","width":1200,"height":1200},{"@type":"BreadcrumbList","@id":"https:\/\/immobilien-lindstedt.bendit.de\/ratgeber\/immobilien-fakten-und-begriffe\/#breadcrumb","itemListElement":[{"@type":"ListItem","position":1,"name":"Startseite","item":"https:\/\/immobilien-lindstedt.bendit.de\/en\/"},{"@type":"ListItem","position":2,"name":"Ratgeber","item":"https:\/\/immobilien-lindstedt.bendit.de\/en\/advisor\/"},{"@type":"ListItem","position":3,"name":"Immobilien Fakten und Begriffe"}]},{"@type":"WebSite","@id":"https:\/\/immobilien-lindstedt.bendit.de\/en\/#website","url":"https:\/\/immobilien-lindstedt.bendit.de\/en\/","name":"Real Estate Lindstedt","description":"","publisher":{"@id":"https:\/\/immobilien-lindstedt.bendit.de\/en\/#organization"},"potentialAction":[{"@type":"SearchAction","target":{"@type":"EntryPoint","urlTemplate":"https:\/\/immobilien-lindstedt.bendit.de\/en\/?s={search_term_string}"},"query-input":{"@type":"PropertyValueSpecification","valueRequired":true,"valueName":"search_term_string"}}],"inLanguage":"en-US"},{"@type":"Organization","@id":"https:\/\/immobilien-lindstedt.bendit.de\/en\/#organization","name":"Real Estate Lindstedt","url":"https:\/\/immobilien-lindstedt.bendit.de\/en\/","logo":{"@type":"ImageObject","inLanguage":"en-US","@id":"https:\/\/immobilien-lindstedt.bendit.de\/en\/#\/schema\/logo\/image\/","url":"https:\/\/immobilien-lindstedt.bendit.de\/wp-content\/uploads\/2025\/04\/logo-mit-vip-transparent.png","contentUrl":"https:\/\/immobilien-lindstedt.bendit.de\/wp-content\/uploads\/2025\/04\/logo-mit-vip-transparent.png","width":1018,"height":166,"caption":"Immobilien Lindstedt"},"image":{"@id":"https:\/\/immobilien-lindstedt.bendit.de\/en\/#\/schema\/logo\/image\/"},"sameAs":["https:\/\/www.facebook.com\/immobilienlindstedt\/","https:\/\/x.com\/ImmoLindstedt","https:\/\/www.linkedin.com\/in\/christian-lindstedt-8b7044b0\/","https:\/\/www.instagram.com\/immobilien_lindstedt_gmbh\/","https:\/\/www.youtube.com\/c\/ImmobilienLindstedt"]}]}},"_links":{"self":[{"href":"https:\/\/immobilien-lindstedt.bendit.de\/en\/wp-json\/wp\/v2\/pages\/288","targetHints":{"allow":["GET"]}}],"collection":[{"href":"https:\/\/immobilien-lindstedt.bendit.de\/en\/wp-json\/wp\/v2\/pages"}],"about":[{"href":"https:\/\/immobilien-lindstedt.bendit.de\/en\/wp-json\/wp\/v2\/types\/page"}],"author":[{"embeddable":true,"href":"https:\/\/immobilien-lindstedt.bendit.de\/en\/wp-json\/wp\/v2\/users\/2"}],"replies":[{"embeddable":true,"href":"https:\/\/immobilien-lindstedt.bendit.de\/en\/wp-json\/wp\/v2\/comments?post=288"}],"version-history":[{"count":0,"href":"https:\/\/immobilien-lindstedt.bendit.de\/en\/wp-json\/wp\/v2\/pages\/288\/revisions"}],"up":[{"embeddable":true,"href":"https:\/\/immobilien-lindstedt.bendit.de\/en\/wp-json\/wp\/v2\/pages\/328"}],"wp:featuredmedia":[{"embeddable":true,"href":"https:\/\/immobilien-lindstedt.bendit.de\/en\/wp-json\/wp\/v2\/media\/292"}],"wp:attachment":[{"href":"https:\/\/immobilien-lindstedt.bendit.de\/en\/wp-json\/wp\/v2\/media?parent=288"}],"curies":[{"name":"wp","href":"https:\/\/api.w.org\/{rel}","templated":true}]}}