{"id":218,"date":"2025-04-15T10:12:38","date_gmt":"2025-04-15T08:12:38","guid":{"rendered":"https:\/\/immobilien-lindstedt-2.bendit.de\/immobilie-unwiderstehlich-machen\/"},"modified":"2025-04-15T15:36:19","modified_gmt":"2025-04-15T13:36:19","slug":"immobilie-unwiderstehlich-machen","status":"publish","type":"page","link":"https:\/\/immobilien-lindstedt.bendit.de\/en\/advisor\/making-real-estate-irresistible\/","title":{"rendered":"Making real estate irresistible"},"content":{"rendered":"<div data-elementor-type=\"wp-page\" data-elementor-id=\"218\" class=\"elementor elementor-218\">\n\t\t\t\t\t\t<section class=\"elementor-section elementor-top-section elementor-element elementor-element-306aa3a7 elementor-section-boxed elementor-section-height-default elementor-section-height-default\" data-id=\"306aa3a7\" data-element_type=\"section\">\n\t\t\t\t\t\t<div class=\"elementor-container elementor-column-gap-default\">\n\t\t\t\t\t<div class=\"elementor-column elementor-col-100 elementor-top-column elementor-element elementor-element-6cc1104c\" data-id=\"6cc1104c\" data-element_type=\"column\">\n\t\t\t<div class=\"elementor-widget-wrap elementor-element-populated\">\n\t\t\t\t\t\t<div class=\"elementor-element elementor-element-2fe15074 elementor-widget elementor-widget-heading\" data-id=\"2fe15074\" data-element_type=\"widget\" data-widget_type=\"heading.default\">\n\t\t\t\t<div class=\"elementor-widget-container\">\n\t\t\t\t\t<div class=\"elementor-heading-title elementor-size-default\">Putting real estate in the right light<\/div>\t\t\t\t<\/div>\n\t\t\t\t<\/div>\n\t\t\t\t<div class=\"elementor-element elementor-element-677fa89a elementor-widget elementor-widget-heading\" data-id=\"677fa89a\" data-element_type=\"widget\" data-widget_type=\"heading.default\">\n\t\t\t\t<div class=\"elementor-widget-container\">\n\t\t\t\t\t<h5 class=\"elementor-heading-title elementor-size-default\">How to make your property irresistible to buyers<\/h5>\t\t\t\t<\/div>\n\t\t\t\t<\/div>\n\t\t\t\t<div class=\"elementor-element elementor-element-48cafce1 elementor-widget elementor-widget-text-editor\" data-id=\"48cafce1\" data-element_type=\"widget\" data-widget_type=\"text-editor.default\">\n\t\t\t\t<div class=\"elementor-widget-container\">\n\t\t\t\t\t\t\t\t\t<p><img fetchpriority=\"high\" decoding=\"async\" class=\"size-medium wp-image-23688 alignright\" src=\"https:\/\/immobilien-lindstedt.bendit.de\/wp-content\/uploads\/2025\/04\/ratgeber-immobilie-unwiderstehlich-machen.jpg\" alt=\"Guide - Making real estate irresistible\" width=\"300\" height=\"185\" \/>To sell your property at the best price, you need to impress your prospective buyers - with these tricks!<\/p><p>Would you invite guests to a party without taking a few precautions? Certainly not! You should approach your property sale in the same way and spruce up your property a little.<\/p><p>If you now think that this costs a lot of money, you are mistaken. You can make your property look much more attractive to prospective buyers with comparatively little effort. If you want to sell your property for the maximum purchase price and in the shortest possible time, you should read this article carefully to the end.<\/p><p>Tidy up, tidy up, tidy up<br \/>During viewings, prospective buyers are most irritated by things lying around. These obscure the view of the actual object of desire, so to speak: Your property. Therefore, create an environment in which there are no personal items such as photos, pinboards, toys and other bric-a-brac lying around.<\/p><p>In this way, you give a potential buyer the opportunity to imagine what their own things could look like here. Even if you are proud of your personal belongings and your 3-year-old daughter's paintings, you are distracting the prospective buyer from already mentally furnishing the place.<\/p><p>Thorough cleaning from top to bottom<br \/>After you have tidied up your property, you need to clean it completely: don't just vacuum through, but scrub thoroughly in every corner. A clean and tidy property looks much larger and more inviting. And always remember: a shiny and spacious property will sell much faster and for a better price.<\/p><p>Give your property that certain something<br \/>By doing the basic cleaning and tidying up, you have created the basis for being able to sell your property sensibly. But to make it irresistible, there's still a little something missing.<\/p><p>The most important rooms during a viewing are: Living room, bathrooms and kitchen. Repair any damage to the walls and, if necessary, invest in a bucket or two of paint and give your living room a fresh coat of paint.<\/p><p>You can add a sophisticated touch by laying a fresh tablecloth and placing a vase of fresh flowers in the center. This conveys to your prospective buyers that your property is something very special.<\/p><p>The bathrooms should only shine like this. Make sure that the fittings are shiny and, above all, don't leave any used towels lying around. Toothpaste stains on mirrors or in washbasins also do not add to the attractiveness of your property.<\/p><p>In the kitchen, it is important that no residue from the last time you cooked is visible. Dirty dishes on the worktop must be cleared away before the prospective buyer enters your property. Also make sure that no food smells make a bad impression.<\/p><p>Make light<br \/>Prospective buyers naturally want to see your property - so open all the shutters and blinds and switch on all the lights. It is unpleasant if prospective buyers have to ask several times whether the light can be switched on. This creates the suspicion that you must be hiding something about your property.<\/p><p>Lock up with your property<br \/>The last tip has nothing to do with your property, but with you, the seller. You may have lived in your property for years and have grown fond of it. Because you associate countless fond memories with your property, it is more to you than just stones with a roof on them.<\/p><p>But now is the time to let go. Realize that your property will soon have a new owner who has their own ideas and wants to implement them. Assume that your property will not remain as you have prepared it. If you are too attached to your property, it will make the sale much more difficult.<\/p><p>Our tip: Don't see your property sale as an end, but as a wonderful new beginning. This has already helped many property sellers to mentally part with their own property.<\/p><p>If, despite everything, you find it difficult to let go of your property at every viewing and every negotiation, think about letting a real estate agent handle the sale of your property for you. We will be happy to help you.<\/p><p>More tips?<br \/>If you are interested in further tips, please contact us. We will be happy to advise you on your sale.<\/p>\t\t\t\t\t\t\t\t<\/div>\n\t\t\t\t<\/div>\n\t\t\t\t\t<\/div>\n\t\t<\/div>\n\t\t\t\t\t<\/div>\n\t\t<\/section>\n\t\t\t\t<section class=\"elementor-section elementor-top-section elementor-element elementor-element-1189df4c elementor-section-boxed elementor-section-height-default elementor-section-height-default\" data-id=\"1189df4c\" data-element_type=\"section\">\n\t\t\t\t\t\t<div class=\"elementor-container elementor-column-gap-default\">\n\t\t\t\t\t<div class=\"elementor-column elementor-col-100 elementor-top-column elementor-element elementor-element-f08b8eb\" data-id=\"f08b8eb\" data-element_type=\"column\">\n\t\t\t<div class=\"elementor-widget-wrap elementor-element-populated\">\n\t\t\t\t\t\t<div class=\"elementor-element elementor-element-7492def1 elementor-widget elementor-widget-text-editor\" data-id=\"7492def1\" data-element_type=\"widget\" data-widget_type=\"text-editor.default\">\n\t\t\t\t<div class=\"elementor-widget-container\">\n\t\t\t\t\t\t\t\t\t<p>\n<div class=\"wpcf7 no-js\" id=\"wpcf7-f4284-o1\" lang=\"de-DE\" dir=\"ltr\" data-wpcf7-id=\"4284\">\n<div class=\"screen-reader-response\"><p role=\"status\" aria-live=\"polite\" aria-atomic=\"true\"><\/p> <ul><\/ul><\/div>\n<form action=\"\/en\/wp-json\/wp\/v2\/pages\/218#wpcf7-f4284-o1\" method=\"post\" class=\"wpcf7-form init\" aria-label=\"Contact form\" novalidate=\"novalidate\" data-status=\"init\" data-trp-original-action=\"\/en\/wp-json\/wp\/v2\/pages\/218#wpcf7-f4284-o1\">\n<fieldset class=\"hidden-fields-container\"><input type=\"hidden\" name=\"_wpcf7\" value=\"4284\" \/><input type=\"hidden\" name=\"_wpcf7_version\" value=\"6.1.4\" \/><input type=\"hidden\" name=\"_wpcf7_locale\" value=\"de_DE_formal\" \/><input type=\"hidden\" name=\"_wpcf7_unit_tag\" value=\"wpcf7-f4284-o1\" \/><input type=\"hidden\" name=\"_wpcf7_container_post\" value=\"0\" \/><input type=\"hidden\" name=\"_wpcf7_posted_data_hash\" value=\"\" \/><input type=\"hidden\" name=\"_wpcf7_recaptcha_response\" value=\"\" \/>\n<\/fieldset>\n<h5>Would you like to receive the entire guide?\n<\/h5>\n<p>Then request it from us free of charge. Please fill out the form:\n<\/p>\n<p><label> e-mail*<br \/>\n<span class=\"wpcf7-form-control-wrap\" data-name=\"email\"><input size=\"40\" maxlength=\"400\" class=\"wpcf7-form-control wpcf7-email wpcf7-validates-as-required wpcf7-text wpcf7-validates-as-email\" aria-required=\"true\" aria-invalid=\"false\" value=\"\" type=\"email\" name=\"email\" \/><\/span> <\/label>\n<\/p>\n<p><label> First name*<br \/>\n<span class=\"wpcf7-form-control-wrap\" data-name=\"firstname\"><input size=\"40\" maxlength=\"400\" class=\"wpcf7-form-control wpcf7-text wpcf7-validates-as-required\" aria-required=\"true\" aria-invalid=\"false\" value=\"\" type=\"text\" name=\"firstname\" \/><\/span> <\/label>\n<\/p>\n<p><label> Surname*<br \/>\n<span class=\"wpcf7-form-control-wrap\" data-name=\"lastname\"><input size=\"40\" maxlength=\"400\" class=\"wpcf7-form-control wpcf7-text wpcf7-validates-as-required\" aria-required=\"true\" aria-invalid=\"false\" value=\"\" type=\"text\" name=\"lastname\" \/><\/span> <\/label>\n<\/p>\n<p><label> Street*<br \/>\n<span class=\"wpcf7-form-control-wrap\" data-name=\"street\"><input size=\"40\" maxlength=\"400\" class=\"wpcf7-form-control wpcf7-text wpcf7-validates-as-required\" aria-required=\"true\" aria-invalid=\"false\" value=\"\" type=\"text\" name=\"street\" \/><\/span> <\/label>\n<\/p>\n<p><label> POSTCODE*<br \/>\n<span class=\"wpcf7-form-control-wrap\" data-name=\"zip\"><input size=\"40\" maxlength=\"400\" class=\"wpcf7-form-control wpcf7-text wpcf7-validates-as-required feld-plz\" aria-required=\"true\" aria-invalid=\"false\" value=\"\" type=\"text\" name=\"zip\" \/><\/span> <\/label>\n<\/p>\n<p><label> Place*<br \/>\n<span class=\"wpcf7-form-control-wrap\" data-name=\"city\"><input size=\"40\" maxlength=\"400\" class=\"wpcf7-form-control wpcf7-text wpcf7-validates-as-required feld-ort\" aria-required=\"true\" aria-invalid=\"false\" value=\"\" type=\"text\" name=\"city\" \/><\/span> <\/label>\n<\/p>\n<p><label> Telephone<br \/>\n<span class=\"wpcf7-form-control-wrap\" data-name=\"phone\"><input size=\"40\" maxlength=\"400\" class=\"wpcf7-form-control wpcf7-text\" aria-invalid=\"false\" value=\"\" type=\"text\" name=\"phone\" \/><\/span> <\/label>\n<\/p>\n<p><label> Your message (optional)<br \/>\n<span class=\"wpcf7-form-control-wrap\" data-name=\"message\"><textarea cols=\"40\" rows=\"10\" maxlength=\"2000\" class=\"wpcf7-form-control wpcf7-textarea\" aria-invalid=\"false\" name=\"message\"><\/textarea><\/span> <\/label>\n<\/p>\n<p><span class=\"wpcf7-form-control-wrap\" data-name=\"privacy-policy\"><span class=\"wpcf7-form-control wpcf7-acceptance\"><span class=\"wpcf7-list-item\"><label><input type=\"checkbox\" name=\"privacy-policy\" value=\"1\" aria-invalid=\"false\" \/><span class=\"wpcf7-list-item-label\">I have the <a href=\"https:\/\/immobilien-lindstedt.bendit.de\/en\/data-protection\/\" target=\"_blank\">Information on data protection<\/a> read. I agree that the data entered in this contact form will be stored electronically and may be used to contact me. I am aware that I can terminate this agreement at any time.<\/span><\/label><\/span><\/span><\/span>\n<\/p>\n<input class=\"wpcf7-form-control wpcf7-hidden\" value=\"Immobilie unwiderstehlich f\u00fcr K\u00e4ufer machen\" type=\"hidden\" name=\"destination-topic\" \/>\n<span class=\"wpcf7-form-control-wrap recaptcha\" data-name=\"recaptcha\"><span data-sitekey=\"6Lc4LywrAAAAANFW7YlE3oryff2-zhEs37Glgv1J\" class=\"wpcf7-form-control wpcf7-recaptcha g-recaptcha\"><\/span>\r\n<noscript>\r\n\t<div class=\"grecaptcha-noscript\">\r\n\t\t<iframe src=\"https:\/\/www.google.com\/recaptcha\/api\/fallback?k=6Lc4LywrAAAAANFW7YlE3oryff2-zhEs37Glgv1J\" frameborder=\"0\" scrolling=\"no\" width=\"310\" height=\"430\">\r\n\t\t<\/iframe>\r\n\t\t<textarea name=\"g-recaptcha-response\" rows=\"3\" cols=\"40\" placeholder=\"reCaptcha Response Here\">\r\n\t\t<\/textarea>\r\n\t<\/div>\r\n<\/noscript>\r\n<\/span>\n<p><input class=\"wpcf7-form-control wpcf7-submit has-spinner\" type=\"submit\" value=\"Send\" \/>\n<\/p><div class=\"wpcf7-response-output\" aria-hidden=\"true\"><\/div>\n<input type=\"hidden\" name=\"trp-form-language\" value=\"en\"\/><\/form>\n<\/div>\n<\/p>\t\t\t\t\t\t\t\t<\/div>\n\t\t\t\t<\/div>\n\t\t\t\t<div class=\"elementor-element elementor-element-63058e9f elementor-widget elementor-widget-text-editor\" data-id=\"63058e9f\" data-element_type=\"widget\" data-widget_type=\"text-editor.default\">\n\t\t\t\t<div class=\"elementor-widget-container\">\n\t\t\t\t\t\t\t\t\t<p><script src=\"https:\/\/iframe.immowissen.org\/loader.min.js\" data-company=\"immobilien-lindstedt\" data-slug=\"telefonische-beratung\" data-variant=\"wizard\" data-bottimmo defer><\/script><\/p>\t\t\t\t\t\t\t\t<\/div>\n\t\t\t\t<\/div>\n\t\t\t\t\t<\/div>\n\t\t<\/div>\n\t\t\t\t\t<\/div>\n\t\t<\/section>\n\t\t\t\t<\/div>","protected":false},"excerpt":{"rendered":"<p>Immobilien ins richtige Licht r\u00fccken Wie Sie Ihre Immobilie unwiderstehlich f\u00fcr K\u00e4ufer machen Um Ihre Immobilie zum besten Preis zu verkaufen, m\u00fcssen Sie Ihre Interessenten beeindrucken \u2014 mit diesen Tricks! W\u00fcrden Sie G\u00e4ste zu einer Party einladen, ohne ein paar Vorkehrungen zu treffen? Sicher nicht! Genauso sollten Sie auch Ihren Immobilienverkauf angehen und Ihre Immobilie [&hellip;]<\/p>","protected":false},"author":2,"featured_media":221,"parent":328,"menu_order":0,"comment_status":"closed","ping_status":"closed","template":"","meta":{"footnotes":""},"class_list":["post-218","page","type-page","status-publish","has-post-thumbnail","hentry"],"yoast_head":"<!-- This site is optimized with the Yoast SEO plugin v26.8 - https:\/\/yoast.com\/product\/yoast-seo-wordpress\/ -->\n<title>Immobilie unwiderstehlich machen - Immobilien Lindstedt<\/title>\n<meta name=\"robots\" content=\"index, follow, max-snippet:-1, max-image-preview:large, max-video-preview:-1\" \/>\n<link rel=\"canonical\" href=\"https:\/\/immobilien-lindstedt.bendit.de\/en\/advisor\/making-real-estate-irresistible\/\" \/>\n<meta property=\"og:locale\" content=\"en_US\" \/>\n<meta property=\"og:type\" content=\"article\" \/>\n<meta property=\"og:title\" content=\"Immobilie unwiderstehlich machen - Immobilien Lindstedt\" \/>\n<meta property=\"og:description\" content=\"Immobilien ins richtige Licht r\u00fccken Wie Sie Ihre Immobilie unwiderstehlich f\u00fcr K\u00e4ufer machen Um Ihre Immobilie zum besten Preis zu verkaufen, m\u00fcssen Sie Ihre Interessenten beeindrucken \u2014 mit diesen Tricks! W\u00fcrden Sie G\u00e4ste zu einer Party einladen, ohne ein paar Vorkehrungen zu treffen? Sicher nicht! Genauso sollten Sie auch Ihren Immobilienverkauf angehen und Ihre Immobilie [&hellip;]\" \/>\n<meta property=\"og:url\" content=\"https:\/\/immobilien-lindstedt.bendit.de\/en\/advisor\/making-real-estate-irresistible\/\" \/>\n<meta property=\"og:site_name\" content=\"Immobilien Lindstedt\" \/>\n<meta property=\"article:publisher\" content=\"https:\/\/www.facebook.com\/immobilienlindstedt\/\" \/>\n<meta property=\"article:modified_time\" content=\"2025-04-15T13:36:19+00:00\" \/>\n<meta property=\"og:image\" content=\"https:\/\/immobilien-lindstedt.bendit.de\/wp-content\/uploads\/2025\/04\/ratgeber-immobilie-unwiderstehlich-machen.jpg\" \/>\n\t<meta property=\"og:image:width\" content=\"500\" \/>\n\t<meta property=\"og:image:height\" content=\"309\" \/>\n\t<meta property=\"og:image:type\" content=\"image\/jpeg\" \/>\n<meta name=\"twitter:card\" content=\"summary_large_image\" \/>\n<meta name=\"twitter:site\" content=\"@ImmoLindstedt\" \/>\n<meta name=\"twitter:label1\" content=\"Est. reading time\" \/>\n\t<meta name=\"twitter:data1\" content=\"4 minutes\" \/>\n<script type=\"application\/ld+json\" class=\"yoast-schema-graph\">{\"@context\":\"https:\/\/schema.org\",\"@graph\":[{\"@type\":\"WebPage\",\"@id\":\"https:\/\/immobilien-lindstedt.bendit.de\/ratgeber\/immobilie-unwiderstehlich-machen\/\",\"url\":\"https:\/\/immobilien-lindstedt.bendit.de\/ratgeber\/immobilie-unwiderstehlich-machen\/\",\"name\":\"Immobilie unwiderstehlich machen - Immobilien Lindstedt\",\"isPartOf\":{\"@id\":\"https:\/\/immobilien-lindstedt.bendit.de\/en\/#website\"},\"primaryImageOfPage\":{\"@id\":\"https:\/\/immobilien-lindstedt.bendit.de\/ratgeber\/immobilie-unwiderstehlich-machen\/#primaryimage\"},\"image\":{\"@id\":\"https:\/\/immobilien-lindstedt.bendit.de\/ratgeber\/immobilie-unwiderstehlich-machen\/#primaryimage\"},\"thumbnailUrl\":\"https:\/\/immobilien-lindstedt.bendit.de\/wp-content\/uploads\/2025\/04\/ratgeber-immobilie-unwiderstehlich-machen.jpg\",\"datePublished\":\"2025-04-15T08:12:38+00:00\",\"dateModified\":\"2025-04-15T13:36:19+00:00\",\"breadcrumb\":{\"@id\":\"https:\/\/immobilien-lindstedt.bendit.de\/ratgeber\/immobilie-unwiderstehlich-machen\/#breadcrumb\"},\"inLanguage\":\"en-US\",\"potentialAction\":[{\"@type\":\"ReadAction\",\"target\":[\"https:\/\/immobilien-lindstedt.bendit.de\/ratgeber\/immobilie-unwiderstehlich-machen\/\"]}]},{\"@type\":\"ImageObject\",\"inLanguage\":\"en-US\",\"@id\":\"https:\/\/immobilien-lindstedt.bendit.de\/ratgeber\/immobilie-unwiderstehlich-machen\/#primaryimage\",\"url\":\"https:\/\/immobilien-lindstedt.bendit.de\/wp-content\/uploads\/2025\/04\/ratgeber-immobilie-unwiderstehlich-machen.jpg\",\"contentUrl\":\"https:\/\/immobilien-lindstedt.bendit.de\/wp-content\/uploads\/2025\/04\/ratgeber-immobilie-unwiderstehlich-machen.jpg\",\"width\":500,\"height\":309},{\"@type\":\"BreadcrumbList\",\"@id\":\"https:\/\/immobilien-lindstedt.bendit.de\/ratgeber\/immobilie-unwiderstehlich-machen\/#breadcrumb\",\"itemListElement\":[{\"@type\":\"ListItem\",\"position\":1,\"name\":\"Startseite\",\"item\":\"https:\/\/immobilien-lindstedt.bendit.de\/en\/\"},{\"@type\":\"ListItem\",\"position\":2,\"name\":\"Ratgeber\",\"item\":\"https:\/\/immobilien-lindstedt.bendit.de\/en\/advisor\/\"},{\"@type\":\"ListItem\",\"position\":3,\"name\":\"Immobilie unwiderstehlich machen\"}]},{\"@type\":\"WebSite\",\"@id\":\"https:\/\/immobilien-lindstedt.bendit.de\/en\/#website\",\"url\":\"https:\/\/immobilien-lindstedt.bendit.de\/en\/\",\"name\":\"Immobilien Lindstedt\",\"description\":\"\",\"publisher\":{\"@id\":\"https:\/\/immobilien-lindstedt.bendit.de\/en\/#organization\"},\"potentialAction\":[{\"@type\":\"SearchAction\",\"target\":{\"@type\":\"EntryPoint\",\"urlTemplate\":\"https:\/\/immobilien-lindstedt.bendit.de\/en\/?s={search_term_string}\"},\"query-input\":{\"@type\":\"PropertyValueSpecification\",\"valueRequired\":true,\"valueName\":\"search_term_string\"}}],\"inLanguage\":\"en-US\"},{\"@type\":\"Organization\",\"@id\":\"https:\/\/immobilien-lindstedt.bendit.de\/en\/#organization\",\"name\":\"Immobilien Lindstedt\",\"url\":\"https:\/\/immobilien-lindstedt.bendit.de\/en\/\",\"logo\":{\"@type\":\"ImageObject\",\"inLanguage\":\"en-US\",\"@id\":\"https:\/\/immobilien-lindstedt.bendit.de\/en\/#\/schema\/logo\/image\/\",\"url\":\"https:\/\/immobilien-lindstedt.bendit.de\/wp-content\/uploads\/2025\/04\/logo-mit-vip-transparent.png\",\"contentUrl\":\"https:\/\/immobilien-lindstedt.bendit.de\/wp-content\/uploads\/2025\/04\/logo-mit-vip-transparent.png\",\"width\":1018,\"height\":166,\"caption\":\"Immobilien Lindstedt\"},\"image\":{\"@id\":\"https:\/\/immobilien-lindstedt.bendit.de\/en\/#\/schema\/logo\/image\/\"},\"sameAs\":[\"https:\/\/www.facebook.com\/immobilienlindstedt\/\",\"https:\/\/x.com\/ImmoLindstedt\",\"https:\/\/www.linkedin.com\/in\/christian-lindstedt-8b7044b0\/\",\"https:\/\/www.instagram.com\/immobilien_lindstedt_gmbh\/\",\"https:\/\/www.youtube.com\/c\/ImmobilienLindstedt\"]}]}<\/script>\n<!-- \/ Yoast SEO plugin. -->","yoast_head_json":{"title":"Making real estate irresistible - Immobilien Lindstedt","robots":{"index":"index","follow":"follow","max-snippet":"max-snippet:-1","max-image-preview":"max-image-preview:large","max-video-preview":"max-video-preview:-1"},"canonical":"https:\/\/immobilien-lindstedt.bendit.de\/en\/advisor\/making-real-estate-irresistible\/","og_locale":"en_US","og_type":"article","og_title":"Immobilie unwiderstehlich machen - Immobilien Lindstedt","og_description":"Immobilien ins richtige Licht r\u00fccken Wie Sie Ihre Immobilie unwiderstehlich f\u00fcr K\u00e4ufer machen Um Ihre Immobilie zum besten Preis zu verkaufen, m\u00fcssen Sie Ihre Interessenten beeindrucken \u2014 mit diesen Tricks! W\u00fcrden Sie G\u00e4ste zu einer Party einladen, ohne ein paar Vorkehrungen zu treffen? Sicher nicht! Genauso sollten Sie auch Ihren Immobilienverkauf angehen und Ihre Immobilie [&hellip;]","og_url":"https:\/\/immobilien-lindstedt.bendit.de\/en\/advisor\/making-real-estate-irresistible\/","og_site_name":"Immobilien Lindstedt","article_publisher":"https:\/\/www.facebook.com\/immobilienlindstedt\/","article_modified_time":"2025-04-15T13:36:19+00:00","og_image":[{"width":500,"height":309,"url":"https:\/\/immobilien-lindstedt.bendit.de\/wp-content\/uploads\/2025\/04\/ratgeber-immobilie-unwiderstehlich-machen.jpg","type":"image\/jpeg"}],"twitter_card":"summary_large_image","twitter_site":"@ImmoLindstedt","twitter_misc":{"Est. reading time":"4 minutes"},"schema":{"@context":"https:\/\/schema.org","@graph":[{"@type":"WebPage","@id":"https:\/\/immobilien-lindstedt.bendit.de\/ratgeber\/immobilie-unwiderstehlich-machen\/","url":"https:\/\/immobilien-lindstedt.bendit.de\/ratgeber\/immobilie-unwiderstehlich-machen\/","name":"Making real estate irresistible - Immobilien Lindstedt","isPartOf":{"@id":"https:\/\/immobilien-lindstedt.bendit.de\/en\/#website"},"primaryImageOfPage":{"@id":"https:\/\/immobilien-lindstedt.bendit.de\/ratgeber\/immobilie-unwiderstehlich-machen\/#primaryimage"},"image":{"@id":"https:\/\/immobilien-lindstedt.bendit.de\/ratgeber\/immobilie-unwiderstehlich-machen\/#primaryimage"},"thumbnailUrl":"https:\/\/immobilien-lindstedt.bendit.de\/wp-content\/uploads\/2025\/04\/ratgeber-immobilie-unwiderstehlich-machen.jpg","datePublished":"2025-04-15T08:12:38+00:00","dateModified":"2025-04-15T13:36:19+00:00","breadcrumb":{"@id":"https:\/\/immobilien-lindstedt.bendit.de\/ratgeber\/immobilie-unwiderstehlich-machen\/#breadcrumb"},"inLanguage":"en-US","potentialAction":[{"@type":"ReadAction","target":["https:\/\/immobilien-lindstedt.bendit.de\/ratgeber\/immobilie-unwiderstehlich-machen\/"]}]},{"@type":"ImageObject","inLanguage":"en-US","@id":"https:\/\/immobilien-lindstedt.bendit.de\/ratgeber\/immobilie-unwiderstehlich-machen\/#primaryimage","url":"https:\/\/immobilien-lindstedt.bendit.de\/wp-content\/uploads\/2025\/04\/ratgeber-immobilie-unwiderstehlich-machen.jpg","contentUrl":"https:\/\/immobilien-lindstedt.bendit.de\/wp-content\/uploads\/2025\/04\/ratgeber-immobilie-unwiderstehlich-machen.jpg","width":500,"height":309},{"@type":"BreadcrumbList","@id":"https:\/\/immobilien-lindstedt.bendit.de\/ratgeber\/immobilie-unwiderstehlich-machen\/#breadcrumb","itemListElement":[{"@type":"ListItem","position":1,"name":"Startseite","item":"https:\/\/immobilien-lindstedt.bendit.de\/en\/"},{"@type":"ListItem","position":2,"name":"Ratgeber","item":"https:\/\/immobilien-lindstedt.bendit.de\/en\/advisor\/"},{"@type":"ListItem","position":3,"name":"Immobilie unwiderstehlich machen"}]},{"@type":"WebSite","@id":"https:\/\/immobilien-lindstedt.bendit.de\/en\/#website","url":"https:\/\/immobilien-lindstedt.bendit.de\/en\/","name":"Real Estate Lindstedt","description":"","publisher":{"@id":"https:\/\/immobilien-lindstedt.bendit.de\/en\/#organization"},"potentialAction":[{"@type":"SearchAction","target":{"@type":"EntryPoint","urlTemplate":"https:\/\/immobilien-lindstedt.bendit.de\/en\/?s={search_term_string}"},"query-input":{"@type":"PropertyValueSpecification","valueRequired":true,"valueName":"search_term_string"}}],"inLanguage":"en-US"},{"@type":"Organization","@id":"https:\/\/immobilien-lindstedt.bendit.de\/en\/#organization","name":"Real Estate Lindstedt","url":"https:\/\/immobilien-lindstedt.bendit.de\/en\/","logo":{"@type":"ImageObject","inLanguage":"en-US","@id":"https:\/\/immobilien-lindstedt.bendit.de\/en\/#\/schema\/logo\/image\/","url":"https:\/\/immobilien-lindstedt.bendit.de\/wp-content\/uploads\/2025\/04\/logo-mit-vip-transparent.png","contentUrl":"https:\/\/immobilien-lindstedt.bendit.de\/wp-content\/uploads\/2025\/04\/logo-mit-vip-transparent.png","width":1018,"height":166,"caption":"Immobilien Lindstedt"},"image":{"@id":"https:\/\/immobilien-lindstedt.bendit.de\/en\/#\/schema\/logo\/image\/"},"sameAs":["https:\/\/www.facebook.com\/immobilienlindstedt\/","https:\/\/x.com\/ImmoLindstedt","https:\/\/www.linkedin.com\/in\/christian-lindstedt-8b7044b0\/","https:\/\/www.instagram.com\/immobilien_lindstedt_gmbh\/","https:\/\/www.youtube.com\/c\/ImmobilienLindstedt"]}]}},"_links":{"self":[{"href":"https:\/\/immobilien-lindstedt.bendit.de\/en\/wp-json\/wp\/v2\/pages\/218","targetHints":{"allow":["GET"]}}],"collection":[{"href":"https:\/\/immobilien-lindstedt.bendit.de\/en\/wp-json\/wp\/v2\/pages"}],"about":[{"href":"https:\/\/immobilien-lindstedt.bendit.de\/en\/wp-json\/wp\/v2\/types\/page"}],"author":[{"embeddable":true,"href":"https:\/\/immobilien-lindstedt.bendit.de\/en\/wp-json\/wp\/v2\/users\/2"}],"replies":[{"embeddable":true,"href":"https:\/\/immobilien-lindstedt.bendit.de\/en\/wp-json\/wp\/v2\/comments?post=218"}],"version-history":[{"count":3,"href":"https:\/\/immobilien-lindstedt.bendit.de\/en\/wp-json\/wp\/v2\/pages\/218\/revisions"}],"predecessor-version":[{"id":10221,"href":"https:\/\/immobilien-lindstedt.bendit.de\/en\/wp-json\/wp\/v2\/pages\/218\/revisions\/10221"}],"up":[{"embeddable":true,"href":"https:\/\/immobilien-lindstedt.bendit.de\/en\/wp-json\/wp\/v2\/pages\/328"}],"wp:featuredmedia":[{"embeddable":true,"href":"https:\/\/immobilien-lindstedt.bendit.de\/en\/wp-json\/wp\/v2\/media\/221"}],"wp:attachment":[{"href":"https:\/\/immobilien-lindstedt.bendit.de\/en\/wp-json\/wp\/v2\/media?parent=218"}],"curies":[{"name":"wp","href":"https:\/\/api.w.org\/{rel}","templated":true}]}}