{"id":194,"date":"2025-04-15T10:12:37","date_gmt":"2025-04-15T08:12:37","guid":{"rendered":"https:\/\/immobilien-lindstedt-2.bendit.de\/immobilien-schnell-und-gut-verkaufen\/"},"modified":"2025-04-15T15:20:45","modified_gmt":"2025-04-15T13:20:45","slug":"immobilien-schnell-und-gut-verkaufen","status":"publish","type":"page","link":"https:\/\/immobilien-lindstedt.bendit.de\/en\/advisor\/sell-real-estate-quickly-and-well\/","title":{"rendered":"Sell real estate quickly and well"},"content":{"rendered":"<div data-elementor-type=\"wp-page\" data-elementor-id=\"194\" class=\"elementor elementor-194\">\n\t\t\t\t\t\t<section class=\"elementor-section elementor-top-section elementor-element elementor-element-48ab5355 elementor-section-boxed elementor-section-height-default elementor-section-height-default\" data-id=\"48ab5355\" data-element_type=\"section\">\n\t\t\t\t\t\t<div class=\"elementor-container elementor-column-gap-default\">\n\t\t\t\t\t<div class=\"elementor-column elementor-col-100 elementor-top-column elementor-element elementor-element-7bfac0e0\" data-id=\"7bfac0e0\" data-element_type=\"column\">\n\t\t\t<div class=\"elementor-widget-wrap elementor-element-populated\">\n\t\t\t\t\t\t<div class=\"elementor-element elementor-element-6598bff2 elementor-widget elementor-widget-heading\" data-id=\"6598bff2\" data-element_type=\"widget\" data-widget_type=\"heading.default\">\n\t\t\t\t<div class=\"elementor-widget-container\">\n\t\t\t\t\t<div class=\"elementor-heading-title elementor-size-default\">Sales strategy<\/div>\t\t\t\t<\/div>\n\t\t\t\t<\/div>\n\t\t\t\t<div class=\"elementor-element elementor-element-56822569 elementor-widget elementor-widget-heading\" data-id=\"56822569\" data-element_type=\"widget\" data-widget_type=\"heading.default\">\n\t\t\t\t<div class=\"elementor-widget-container\">\n\t\t\t\t\t<h5 class=\"elementor-heading-title elementor-size-default\">How to sell real estate quickly and well<\/h5>\t\t\t\t<\/div>\n\t\t\t\t<\/div>\n\t\t\t\t<div class=\"elementor-element elementor-element-3346a796 elementor-widget elementor-widget-text-editor\" data-id=\"3346a796\" data-element_type=\"widget\" data-widget_type=\"text-editor.default\">\n\t\t\t\t<div class=\"elementor-widget-container\">\n\t\t\t\t\t\t\t\t\t<p><img fetchpriority=\"high\" decoding=\"async\" class=\"size-medium wp-image-23815 alignright\" src=\"https:\/\/immobilien-lindstedt.bendit.de\/wp-content\/uploads\/2025\/04\/ratgeber-immobilien-schnell-und-gut-verkaufen.jpg\" alt=\"Guide - Selling real estate quickly and well\" width=\"300\" height=\"185\" \/>Selling quickly and at a good price is a fine art. Get valuable tips here.<\/p><p>Many property sellers underestimate the task of finding a buyer for their property. Listen to the good advice of an experienced real estate agent from Obernburg: selling a property can be nerve-wracking and require a good deal of patience and perseverance.<\/p><p>The aim of every real estate seller is to sell their property as quickly as possible and at a good price. In this article, we deal with precisely this problem. If you are pursuing the same goals, you should definitely read the article carefully to the end.<\/p><p><b>Tip no. 1: Enlist the help of an expert<\/b><\/p><p>It sounds like a truism: if you want to achieve first-class results, you need someone who knows the subject inside out. It would be presumptuous for someone selling a property for the first or second time to assume that they can achieve the best that can be achieved under the given circumstances.<\/p><p>And yet, there are still many people who need convincing that hiring a professional real estate agent is one of the wisest decisions anyone with a property to sell can make.<\/p><p><b>Tip no. 2: Determine the marketable price<\/b><\/p><p>Only with the right price will you be able to attract real prospective buyers to your property. If you set the price too low, you will lose money; if you set it too high, you will only attract the wrong people. These people will certainly not buy your property because it does not deliver what the purchase price promises.<\/p><p>Many property sellers rely on the illusion that perhaps the one uninformed person will come to view the property and pay them their dream price. During this hopeful wait, the clock keeps ticking and the dream of a quick sale gradually disappears into thin air.<\/p><p>Worse still: market participants are scared off and as a result ignore your property. If you also have to sell by a deadline, you expose your sales project to a not inconsiderable risk. The supply of property buyers is very limited.<\/p><p>Therefore, think carefully about what a marketable price for your property is! If you feel unsure and do not know how to determine this price, it is better to rely on the experience of a real estate agent.<\/p><p><b>Tip no. 3: Draw up a marketing plan<\/b><\/p><p>You may think that a marketing plan is only for large advertising agencies. Far from it! In order to sell your property in Berlin quickly and at a good price, the following points must be met:<\/p><p>The widest possible audience needs to know about your property.<br \/>Prospective buyers must be able to get a good picture of your property.<br \/>Your property must be advertised attractively so that interested parties are made curious and want to view your property as quickly as possible.<br \/>You can achieve all of this with a cleverly devised marketing plan from a real estate agent. It doesn't have to be expensive, but you need to know how to advertise effectively and have access to the most important channels for attracting potential buyers.<\/p><p>If you would like to find out more about the sophisticated and individual marketing plan we use to promote your property, please give us a call.<\/p><p><b>Tip no. 4: Think about additional purchase incentives<\/b><\/p><p>Real estate buyers are indecisive by nature. After all, there is a lot of money at stake and nobody wants to make a mistake. Often, prospective buyers are on the verge of deciding to buy, but lack the final impulse to go through with it. If you have the feeling that one of your prospective buyers is in just such a situation, it would be helpful if you could offer them an additional incentive.<\/p><p>These incentives could include contributing to the cost of any repairs or paying a share of the notary fees.<\/p><p><b>Tip no. 5: Tidy up<\/b><\/p><p>A property that is spick and span and without things lying all over the place always makes a more attractive impression. And that's exactly what you want to achieve: Prospective buyers should be impressed by your property!<\/p><p>It's certainly a lot of work to make your property shine. But look at it this way: it's a great opportunity to get rid of things you don't want to take with you to your new home anyway. Sooner or later you will have to do this work anyway. If you do it now, it will have a very positive effect on the duration and price of your property sale.<\/p><p><b>Summary<\/b><\/p><p>This summary of tips is intended to give you ideas on how to increase your chances of selling your property quickly and at a good price. As professional real estate agents, we can help you with every single tip to ensure that your real estate sale in Frankfurt and Berlin is a pleasant experience and that you achieve your goals.<\/p>\t\t\t\t\t\t\t\t<\/div>\n\t\t\t\t<\/div>\n\t\t\t\t\t<\/div>\n\t\t<\/div>\n\t\t\t\t\t<\/div>\n\t\t<\/section>\n\t\t\t\t<section class=\"elementor-section elementor-top-section elementor-element elementor-element-71dc1957 elementor-section-boxed elementor-section-height-default elementor-section-height-default\" data-id=\"71dc1957\" data-element_type=\"section\">\n\t\t\t\t\t\t<div class=\"elementor-container elementor-column-gap-default\">\n\t\t\t\t\t<div class=\"elementor-column elementor-col-100 elementor-top-column elementor-element elementor-element-484a21a8\" data-id=\"484a21a8\" data-element_type=\"column\">\n\t\t\t<div class=\"elementor-widget-wrap elementor-element-populated\">\n\t\t\t\t\t\t<div class=\"elementor-element elementor-element-4c414a80 elementor-widget elementor-widget-text-editor\" data-id=\"4c414a80\" data-element_type=\"widget\" data-widget_type=\"text-editor.default\">\n\t\t\t\t<div class=\"elementor-widget-container\">\n\t\t\t\t\t\t\t\t\t<p>\n<div class=\"wpcf7 no-js\" id=\"wpcf7-f4284-o1\" lang=\"de-DE\" dir=\"ltr\" data-wpcf7-id=\"4284\">\n<div class=\"screen-reader-response\"><p role=\"status\" aria-live=\"polite\" aria-atomic=\"true\"><\/p> <ul><\/ul><\/div>\n<form action=\"\/en\/wp-json\/wp\/v2\/pages\/194#wpcf7-f4284-o1\" method=\"post\" class=\"wpcf7-form init\" aria-label=\"Contact form\" novalidate=\"novalidate\" data-status=\"init\" data-trp-original-action=\"\/en\/wp-json\/wp\/v2\/pages\/194#wpcf7-f4284-o1\">\n<fieldset class=\"hidden-fields-container\"><input type=\"hidden\" name=\"_wpcf7\" value=\"4284\" \/><input type=\"hidden\" name=\"_wpcf7_version\" value=\"6.1.4\" \/><input type=\"hidden\" name=\"_wpcf7_locale\" value=\"de_DE_formal\" \/><input type=\"hidden\" name=\"_wpcf7_unit_tag\" value=\"wpcf7-f4284-o1\" \/><input type=\"hidden\" name=\"_wpcf7_container_post\" value=\"0\" \/><input type=\"hidden\" name=\"_wpcf7_posted_data_hash\" value=\"\" \/><input type=\"hidden\" name=\"_wpcf7_recaptcha_response\" value=\"\" \/>\n<\/fieldset>\n<h5>Would you like to receive the entire guide?\n<\/h5>\n<p>Then request it from us free of charge. Please fill out the form:\n<\/p>\n<p><label> e-mail*<br \/>\n<span class=\"wpcf7-form-control-wrap\" data-name=\"email\"><input size=\"40\" maxlength=\"400\" class=\"wpcf7-form-control wpcf7-email wpcf7-validates-as-required wpcf7-text wpcf7-validates-as-email\" aria-required=\"true\" aria-invalid=\"false\" value=\"\" type=\"email\" name=\"email\" \/><\/span> <\/label>\n<\/p>\n<p><label> First name*<br \/>\n<span class=\"wpcf7-form-control-wrap\" data-name=\"firstname\"><input size=\"40\" maxlength=\"400\" class=\"wpcf7-form-control wpcf7-text wpcf7-validates-as-required\" aria-required=\"true\" aria-invalid=\"false\" value=\"\" type=\"text\" name=\"firstname\" \/><\/span> <\/label>\n<\/p>\n<p><label> Surname*<br \/>\n<span class=\"wpcf7-form-control-wrap\" data-name=\"lastname\"><input size=\"40\" maxlength=\"400\" class=\"wpcf7-form-control wpcf7-text wpcf7-validates-as-required\" aria-required=\"true\" aria-invalid=\"false\" value=\"\" type=\"text\" name=\"lastname\" \/><\/span> <\/label>\n<\/p>\n<p><label> Street*<br \/>\n<span class=\"wpcf7-form-control-wrap\" data-name=\"street\"><input size=\"40\" maxlength=\"400\" class=\"wpcf7-form-control wpcf7-text wpcf7-validates-as-required\" aria-required=\"true\" aria-invalid=\"false\" value=\"\" type=\"text\" name=\"street\" \/><\/span> <\/label>\n<\/p>\n<p><label> POSTCODE*<br \/>\n<span class=\"wpcf7-form-control-wrap\" data-name=\"zip\"><input size=\"40\" maxlength=\"400\" class=\"wpcf7-form-control wpcf7-text wpcf7-validates-as-required feld-plz\" aria-required=\"true\" aria-invalid=\"false\" value=\"\" type=\"text\" name=\"zip\" \/><\/span> <\/label>\n<\/p>\n<p><label> Place*<br \/>\n<span class=\"wpcf7-form-control-wrap\" data-name=\"city\"><input size=\"40\" maxlength=\"400\" class=\"wpcf7-form-control wpcf7-text wpcf7-validates-as-required feld-ort\" aria-required=\"true\" aria-invalid=\"false\" value=\"\" type=\"text\" name=\"city\" \/><\/span> <\/label>\n<\/p>\n<p><label> Telephone<br \/>\n<span class=\"wpcf7-form-control-wrap\" data-name=\"phone\"><input size=\"40\" maxlength=\"400\" class=\"wpcf7-form-control wpcf7-text\" aria-invalid=\"false\" value=\"\" type=\"text\" name=\"phone\" \/><\/span> <\/label>\n<\/p>\n<p><label> Your message (optional)<br \/>\n<span class=\"wpcf7-form-control-wrap\" data-name=\"message\"><textarea cols=\"40\" rows=\"10\" maxlength=\"2000\" class=\"wpcf7-form-control wpcf7-textarea\" aria-invalid=\"false\" name=\"message\"><\/textarea><\/span> <\/label>\n<\/p>\n<p><span class=\"wpcf7-form-control-wrap\" data-name=\"privacy-policy\"><span class=\"wpcf7-form-control wpcf7-acceptance\"><span class=\"wpcf7-list-item\"><label><input type=\"checkbox\" name=\"privacy-policy\" value=\"1\" aria-invalid=\"false\" \/><span class=\"wpcf7-list-item-label\">I have the <a href=\"https:\/\/immobilien-lindstedt.bendit.de\/en\/data-protection\/\" target=\"_blank\">Information on data protection<\/a> read. I agree that the data entered in this contact form will be stored electronically and may be used to contact me. I am aware that I can terminate this agreement at any time.<\/span><\/label><\/span><\/span><\/span>\n<\/p>\n<input class=\"wpcf7-form-control wpcf7-hidden\" value=\"Wie Sie Immobilien schnell und gut verkaufen\" type=\"hidden\" name=\"destination-topic\" \/>\n<span class=\"wpcf7-form-control-wrap recaptcha\" data-name=\"recaptcha\"><span data-sitekey=\"6Lc4LywrAAAAANFW7YlE3oryff2-zhEs37Glgv1J\" class=\"wpcf7-form-control wpcf7-recaptcha g-recaptcha\"><\/span>\r\n<noscript>\r\n\t<div class=\"grecaptcha-noscript\">\r\n\t\t<iframe src=\"https:\/\/www.google.com\/recaptcha\/api\/fallback?k=6Lc4LywrAAAAANFW7YlE3oryff2-zhEs37Glgv1J\" frameborder=\"0\" scrolling=\"no\" width=\"310\" height=\"430\">\r\n\t\t<\/iframe>\r\n\t\t<textarea name=\"g-recaptcha-response\" rows=\"3\" cols=\"40\" placeholder=\"reCaptcha Response Here\">\r\n\t\t<\/textarea>\r\n\t<\/div>\r\n<\/noscript>\r\n<\/span>\n<p><input class=\"wpcf7-form-control wpcf7-submit has-spinner\" type=\"submit\" value=\"Send\" \/>\n<\/p><div class=\"wpcf7-response-output\" aria-hidden=\"true\"><\/div>\n<input type=\"hidden\" name=\"trp-form-language\" value=\"en\"\/><\/form>\n<\/div>\n<\/p>\t\t\t\t\t\t\t\t<\/div>\n\t\t\t\t<\/div>\n\t\t\t\t<div class=\"elementor-element elementor-element-19f4bd4a elementor-widget elementor-widget-text-editor\" data-id=\"19f4bd4a\" data-element_type=\"widget\" data-widget_type=\"text-editor.default\">\n\t\t\t\t<div class=\"elementor-widget-container\">\n\t\t\t\t\t\t\t\t\t<p><script src=\"https:\/\/iframe.immowissen.org\/loader.min.js\" data-company=\"immobilien-lindstedt\" data-slug=\"telefonische-beratung\" data-variant=\"wizard\" data-bottimmo defer><\/script><\/p>\t\t\t\t\t\t\t\t<\/div>\n\t\t\t\t<\/div>\n\t\t\t\t\t<\/div>\n\t\t<\/div>\n\t\t\t\t\t<\/div>\n\t\t<\/section>\n\t\t\t\t<\/div>","protected":false},"excerpt":{"rendered":"<p>Verkaufsstrategie Wie Sie Immobilien schnell und gut verkaufen Schnell und zum einem guten Preis zu verkaufen, ist die hohe Kunst. Hier bekommen Sie wertvolle Tipps. Viele Immobilienverk\u00e4ufer untersch\u00e4tzen die Aufgabe, einen K\u00e4ufer f\u00fcr ihr Eigentum zu finden. H\u00f6ren Sie auf den guten Rat eines erfahrenen Immobilienmaklers aus Obernburg: Der Verkauf einer Immobilie kann nervenaufreibend sein [&hellip;]<\/p>","protected":false},"author":2,"featured_media":197,"parent":328,"menu_order":0,"comment_status":"closed","ping_status":"closed","template":"","meta":{"footnotes":""},"class_list":["post-194","page","type-page","status-publish","has-post-thumbnail","hentry"],"yoast_head":"<!-- This site is optimized with the Yoast SEO plugin v26.8 - https:\/\/yoast.com\/product\/yoast-seo-wordpress\/ -->\n<title>Immobilien schnell und gut verkaufen - Immobilien Lindstedt<\/title>\n<meta name=\"robots\" content=\"index, follow, max-snippet:-1, max-image-preview:large, max-video-preview:-1\" \/>\n<link rel=\"canonical\" href=\"https:\/\/immobilien-lindstedt.bendit.de\/en\/advisor\/sell-real-estate-quickly-and-well\/\" \/>\n<meta property=\"og:locale\" content=\"en_US\" \/>\n<meta property=\"og:type\" content=\"article\" \/>\n<meta property=\"og:title\" content=\"Immobilien schnell und gut verkaufen - Immobilien Lindstedt\" \/>\n<meta property=\"og:description\" content=\"Verkaufsstrategie Wie Sie Immobilien schnell und gut verkaufen Schnell und zum einem guten Preis zu verkaufen, ist die hohe Kunst. Hier bekommen Sie wertvolle Tipps. Viele Immobilienverk\u00e4ufer untersch\u00e4tzen die Aufgabe, einen K\u00e4ufer f\u00fcr ihr Eigentum zu finden. H\u00f6ren Sie auf den guten Rat eines erfahrenen Immobilienmaklers aus Obernburg: Der Verkauf einer Immobilie kann nervenaufreibend sein [&hellip;]\" \/>\n<meta property=\"og:url\" content=\"https:\/\/immobilien-lindstedt.bendit.de\/en\/advisor\/sell-real-estate-quickly-and-well\/\" \/>\n<meta property=\"og:site_name\" content=\"Immobilien Lindstedt\" \/>\n<meta property=\"article:publisher\" content=\"https:\/\/www.facebook.com\/immobilienlindstedt\/\" \/>\n<meta property=\"article:modified_time\" content=\"2025-04-15T13:20:45+00:00\" \/>\n<meta property=\"og:image\" content=\"https:\/\/immobilien-lindstedt.bendit.de\/wp-content\/uploads\/2025\/04\/ratgeber-immobilien-schnell-und-gut-verkaufen.jpg\" \/>\n\t<meta property=\"og:image:width\" content=\"500\" \/>\n\t<meta property=\"og:image:height\" content=\"309\" \/>\n\t<meta property=\"og:image:type\" content=\"image\/jpeg\" \/>\n<meta name=\"twitter:card\" content=\"summary_large_image\" \/>\n<meta name=\"twitter:site\" content=\"@ImmoLindstedt\" \/>\n<meta name=\"twitter:label1\" content=\"Est. reading time\" \/>\n\t<meta name=\"twitter:data1\" content=\"4 minutes\" \/>\n<script type=\"application\/ld+json\" class=\"yoast-schema-graph\">{\"@context\":\"https:\/\/schema.org\",\"@graph\":[{\"@type\":\"WebPage\",\"@id\":\"https:\/\/immobilien-lindstedt.bendit.de\/ratgeber\/immobilien-schnell-und-gut-verkaufen\/\",\"url\":\"https:\/\/immobilien-lindstedt.bendit.de\/ratgeber\/immobilien-schnell-und-gut-verkaufen\/\",\"name\":\"Immobilien schnell und gut verkaufen - Immobilien Lindstedt\",\"isPartOf\":{\"@id\":\"https:\/\/immobilien-lindstedt.bendit.de\/en\/#website\"},\"primaryImageOfPage\":{\"@id\":\"https:\/\/immobilien-lindstedt.bendit.de\/ratgeber\/immobilien-schnell-und-gut-verkaufen\/#primaryimage\"},\"image\":{\"@id\":\"https:\/\/immobilien-lindstedt.bendit.de\/ratgeber\/immobilien-schnell-und-gut-verkaufen\/#primaryimage\"},\"thumbnailUrl\":\"https:\/\/immobilien-lindstedt.bendit.de\/wp-content\/uploads\/2025\/04\/ratgeber-immobilien-schnell-und-gut-verkaufen.jpg\",\"datePublished\":\"2025-04-15T08:12:37+00:00\",\"dateModified\":\"2025-04-15T13:20:45+00:00\",\"breadcrumb\":{\"@id\":\"https:\/\/immobilien-lindstedt.bendit.de\/ratgeber\/immobilien-schnell-und-gut-verkaufen\/#breadcrumb\"},\"inLanguage\":\"en-US\",\"potentialAction\":[{\"@type\":\"ReadAction\",\"target\":[\"https:\/\/immobilien-lindstedt.bendit.de\/ratgeber\/immobilien-schnell-und-gut-verkaufen\/\"]}]},{\"@type\":\"ImageObject\",\"inLanguage\":\"en-US\",\"@id\":\"https:\/\/immobilien-lindstedt.bendit.de\/ratgeber\/immobilien-schnell-und-gut-verkaufen\/#primaryimage\",\"url\":\"https:\/\/immobilien-lindstedt.bendit.de\/wp-content\/uploads\/2025\/04\/ratgeber-immobilien-schnell-und-gut-verkaufen.jpg\",\"contentUrl\":\"https:\/\/immobilien-lindstedt.bendit.de\/wp-content\/uploads\/2025\/04\/ratgeber-immobilien-schnell-und-gut-verkaufen.jpg\",\"width\":500,\"height\":309},{\"@type\":\"BreadcrumbList\",\"@id\":\"https:\/\/immobilien-lindstedt.bendit.de\/ratgeber\/immobilien-schnell-und-gut-verkaufen\/#breadcrumb\",\"itemListElement\":[{\"@type\":\"ListItem\",\"position\":1,\"name\":\"Startseite\",\"item\":\"https:\/\/immobilien-lindstedt.bendit.de\/en\/\"},{\"@type\":\"ListItem\",\"position\":2,\"name\":\"Ratgeber\",\"item\":\"https:\/\/immobilien-lindstedt.bendit.de\/en\/advisor\/\"},{\"@type\":\"ListItem\",\"position\":3,\"name\":\"Immobilien schnell und gut verkaufen\"}]},{\"@type\":\"WebSite\",\"@id\":\"https:\/\/immobilien-lindstedt.bendit.de\/en\/#website\",\"url\":\"https:\/\/immobilien-lindstedt.bendit.de\/en\/\",\"name\":\"Immobilien Lindstedt\",\"description\":\"\",\"publisher\":{\"@id\":\"https:\/\/immobilien-lindstedt.bendit.de\/en\/#organization\"},\"potentialAction\":[{\"@type\":\"SearchAction\",\"target\":{\"@type\":\"EntryPoint\",\"urlTemplate\":\"https:\/\/immobilien-lindstedt.bendit.de\/en\/?s={search_term_string}\"},\"query-input\":{\"@type\":\"PropertyValueSpecification\",\"valueRequired\":true,\"valueName\":\"search_term_string\"}}],\"inLanguage\":\"en-US\"},{\"@type\":\"Organization\",\"@id\":\"https:\/\/immobilien-lindstedt.bendit.de\/en\/#organization\",\"name\":\"Immobilien Lindstedt\",\"url\":\"https:\/\/immobilien-lindstedt.bendit.de\/en\/\",\"logo\":{\"@type\":\"ImageObject\",\"inLanguage\":\"en-US\",\"@id\":\"https:\/\/immobilien-lindstedt.bendit.de\/en\/#\/schema\/logo\/image\/\",\"url\":\"https:\/\/immobilien-lindstedt.bendit.de\/wp-content\/uploads\/2025\/04\/logo-mit-vip-transparent.png\",\"contentUrl\":\"https:\/\/immobilien-lindstedt.bendit.de\/wp-content\/uploads\/2025\/04\/logo-mit-vip-transparent.png\",\"width\":1018,\"height\":166,\"caption\":\"Immobilien Lindstedt\"},\"image\":{\"@id\":\"https:\/\/immobilien-lindstedt.bendit.de\/en\/#\/schema\/logo\/image\/\"},\"sameAs\":[\"https:\/\/www.facebook.com\/immobilienlindstedt\/\",\"https:\/\/x.com\/ImmoLindstedt\",\"https:\/\/www.linkedin.com\/in\/christian-lindstedt-8b7044b0\/\",\"https:\/\/www.instagram.com\/immobilien_lindstedt_gmbh\/\",\"https:\/\/www.youtube.com\/c\/ImmobilienLindstedt\"]}]}<\/script>\n<!-- \/ Yoast SEO plugin. -->","yoast_head_json":{"title":"Sell real estate quickly and well - Immobilien Lindstedt","robots":{"index":"index","follow":"follow","max-snippet":"max-snippet:-1","max-image-preview":"max-image-preview:large","max-video-preview":"max-video-preview:-1"},"canonical":"https:\/\/immobilien-lindstedt.bendit.de\/en\/advisor\/sell-real-estate-quickly-and-well\/","og_locale":"en_US","og_type":"article","og_title":"Immobilien schnell und gut verkaufen - Immobilien Lindstedt","og_description":"Verkaufsstrategie Wie Sie Immobilien schnell und gut verkaufen Schnell und zum einem guten Preis zu verkaufen, ist die hohe Kunst. Hier bekommen Sie wertvolle Tipps. Viele Immobilienverk\u00e4ufer untersch\u00e4tzen die Aufgabe, einen K\u00e4ufer f\u00fcr ihr Eigentum zu finden. H\u00f6ren Sie auf den guten Rat eines erfahrenen Immobilienmaklers aus Obernburg: Der Verkauf einer Immobilie kann nervenaufreibend sein [&hellip;]","og_url":"https:\/\/immobilien-lindstedt.bendit.de\/en\/advisor\/sell-real-estate-quickly-and-well\/","og_site_name":"Immobilien Lindstedt","article_publisher":"https:\/\/www.facebook.com\/immobilienlindstedt\/","article_modified_time":"2025-04-15T13:20:45+00:00","og_image":[{"width":500,"height":309,"url":"https:\/\/immobilien-lindstedt.bendit.de\/wp-content\/uploads\/2025\/04\/ratgeber-immobilien-schnell-und-gut-verkaufen.jpg","type":"image\/jpeg"}],"twitter_card":"summary_large_image","twitter_site":"@ImmoLindstedt","twitter_misc":{"Est. reading time":"4 minutes"},"schema":{"@context":"https:\/\/schema.org","@graph":[{"@type":"WebPage","@id":"https:\/\/immobilien-lindstedt.bendit.de\/ratgeber\/immobilien-schnell-und-gut-verkaufen\/","url":"https:\/\/immobilien-lindstedt.bendit.de\/ratgeber\/immobilien-schnell-und-gut-verkaufen\/","name":"Sell real estate quickly and well - Immobilien Lindstedt","isPartOf":{"@id":"https:\/\/immobilien-lindstedt.bendit.de\/en\/#website"},"primaryImageOfPage":{"@id":"https:\/\/immobilien-lindstedt.bendit.de\/ratgeber\/immobilien-schnell-und-gut-verkaufen\/#primaryimage"},"image":{"@id":"https:\/\/immobilien-lindstedt.bendit.de\/ratgeber\/immobilien-schnell-und-gut-verkaufen\/#primaryimage"},"thumbnailUrl":"https:\/\/immobilien-lindstedt.bendit.de\/wp-content\/uploads\/2025\/04\/ratgeber-immobilien-schnell-und-gut-verkaufen.jpg","datePublished":"2025-04-15T08:12:37+00:00","dateModified":"2025-04-15T13:20:45+00:00","breadcrumb":{"@id":"https:\/\/immobilien-lindstedt.bendit.de\/ratgeber\/immobilien-schnell-und-gut-verkaufen\/#breadcrumb"},"inLanguage":"en-US","potentialAction":[{"@type":"ReadAction","target":["https:\/\/immobilien-lindstedt.bendit.de\/ratgeber\/immobilien-schnell-und-gut-verkaufen\/"]}]},{"@type":"ImageObject","inLanguage":"en-US","@id":"https:\/\/immobilien-lindstedt.bendit.de\/ratgeber\/immobilien-schnell-und-gut-verkaufen\/#primaryimage","url":"https:\/\/immobilien-lindstedt.bendit.de\/wp-content\/uploads\/2025\/04\/ratgeber-immobilien-schnell-und-gut-verkaufen.jpg","contentUrl":"https:\/\/immobilien-lindstedt.bendit.de\/wp-content\/uploads\/2025\/04\/ratgeber-immobilien-schnell-und-gut-verkaufen.jpg","width":500,"height":309},{"@type":"BreadcrumbList","@id":"https:\/\/immobilien-lindstedt.bendit.de\/ratgeber\/immobilien-schnell-und-gut-verkaufen\/#breadcrumb","itemListElement":[{"@type":"ListItem","position":1,"name":"Startseite","item":"https:\/\/immobilien-lindstedt.bendit.de\/en\/"},{"@type":"ListItem","position":2,"name":"Ratgeber","item":"https:\/\/immobilien-lindstedt.bendit.de\/en\/advisor\/"},{"@type":"ListItem","position":3,"name":"Immobilien schnell und gut verkaufen"}]},{"@type":"WebSite","@id":"https:\/\/immobilien-lindstedt.bendit.de\/en\/#website","url":"https:\/\/immobilien-lindstedt.bendit.de\/en\/","name":"Real Estate Lindstedt","description":"","publisher":{"@id":"https:\/\/immobilien-lindstedt.bendit.de\/en\/#organization"},"potentialAction":[{"@type":"SearchAction","target":{"@type":"EntryPoint","urlTemplate":"https:\/\/immobilien-lindstedt.bendit.de\/en\/?s={search_term_string}"},"query-input":{"@type":"PropertyValueSpecification","valueRequired":true,"valueName":"search_term_string"}}],"inLanguage":"en-US"},{"@type":"Organization","@id":"https:\/\/immobilien-lindstedt.bendit.de\/en\/#organization","name":"Real Estate Lindstedt","url":"https:\/\/immobilien-lindstedt.bendit.de\/en\/","logo":{"@type":"ImageObject","inLanguage":"en-US","@id":"https:\/\/immobilien-lindstedt.bendit.de\/en\/#\/schema\/logo\/image\/","url":"https:\/\/immobilien-lindstedt.bendit.de\/wp-content\/uploads\/2025\/04\/logo-mit-vip-transparent.png","contentUrl":"https:\/\/immobilien-lindstedt.bendit.de\/wp-content\/uploads\/2025\/04\/logo-mit-vip-transparent.png","width":1018,"height":166,"caption":"Immobilien Lindstedt"},"image":{"@id":"https:\/\/immobilien-lindstedt.bendit.de\/en\/#\/schema\/logo\/image\/"},"sameAs":["https:\/\/www.facebook.com\/immobilienlindstedt\/","https:\/\/x.com\/ImmoLindstedt","https:\/\/www.linkedin.com\/in\/christian-lindstedt-8b7044b0\/","https:\/\/www.instagram.com\/immobilien_lindstedt_gmbh\/","https:\/\/www.youtube.com\/c\/ImmobilienLindstedt"]}]}},"_links":{"self":[{"href":"https:\/\/immobilien-lindstedt.bendit.de\/en\/wp-json\/wp\/v2\/pages\/194","targetHints":{"allow":["GET"]}}],"collection":[{"href":"https:\/\/immobilien-lindstedt.bendit.de\/en\/wp-json\/wp\/v2\/pages"}],"about":[{"href":"https:\/\/immobilien-lindstedt.bendit.de\/en\/wp-json\/wp\/v2\/types\/page"}],"author":[{"embeddable":true,"href":"https:\/\/immobilien-lindstedt.bendit.de\/en\/wp-json\/wp\/v2\/users\/2"}],"replies":[{"embeddable":true,"href":"https:\/\/immobilien-lindstedt.bendit.de\/en\/wp-json\/wp\/v2\/comments?post=194"}],"version-history":[{"count":3,"href":"https:\/\/immobilien-lindstedt.bendit.de\/en\/wp-json\/wp\/v2\/pages\/194\/revisions"}],"predecessor-version":[{"id":10206,"href":"https:\/\/immobilien-lindstedt.bendit.de\/en\/wp-json\/wp\/v2\/pages\/194\/revisions\/10206"}],"up":[{"embeddable":true,"href":"https:\/\/immobilien-lindstedt.bendit.de\/en\/wp-json\/wp\/v2\/pages\/328"}],"wp:featuredmedia":[{"embeddable":true,"href":"https:\/\/immobilien-lindstedt.bendit.de\/en\/wp-json\/wp\/v2\/media\/197"}],"wp:attachment":[{"href":"https:\/\/immobilien-lindstedt.bendit.de\/en\/wp-json\/wp\/v2\/media?parent=194"}],"curies":[{"name":"wp","href":"https:\/\/api.w.org\/{rel}","templated":true}]}}