{"id":190,"date":"2025-04-15T10:12:37","date_gmt":"2025-04-15T08:12:37","guid":{"rendered":"https:\/\/immobilien-lindstedt-2.bendit.de\/wann-ein-niedriges-angebot-annehmen\/"},"modified":"2025-04-15T15:21:27","modified_gmt":"2025-04-15T13:21:27","slug":"wann-ein-niedriges-angebot-annehmen","status":"publish","type":"page","link":"https:\/\/immobilien-lindstedt.bendit.de\/en\/advisor\/when-to-accept-a-low-offer\/","title":{"rendered":"When to accept a low offer"},"content":{"rendered":"<div data-elementor-type=\"wp-page\" data-elementor-id=\"190\" class=\"elementor elementor-190\">\n\t\t\t\t\t\t<section class=\"elementor-section elementor-top-section elementor-element elementor-element-5bf05f4b elementor-section-boxed elementor-section-height-default elementor-section-height-default\" data-id=\"5bf05f4b\" data-element_type=\"section\">\n\t\t\t\t\t\t<div class=\"elementor-container elementor-column-gap-default\">\n\t\t\t\t\t<div class=\"elementor-column elementor-col-100 elementor-top-column elementor-element elementor-element-4b3b9bc4\" data-id=\"4b3b9bc4\" data-element_type=\"column\">\n\t\t\t<div class=\"elementor-widget-wrap elementor-element-populated\">\n\t\t\t\t\t\t<div class=\"elementor-element elementor-element-9ec53e5 elementor-widget elementor-widget-heading\" data-id=\"9ec53e5\" data-element_type=\"widget\" data-widget_type=\"heading.default\">\n\t\t\t\t<div class=\"elementor-widget-container\">\n\t\t\t\t\t<div class=\"elementor-heading-title elementor-size-default\">Sales strategy<\/div>\t\t\t\t<\/div>\n\t\t\t\t<\/div>\n\t\t\t\t<div class=\"elementor-element elementor-element-782c6cf8 elementor-widget elementor-widget-heading\" data-id=\"782c6cf8\" data-element_type=\"widget\" data-widget_type=\"heading.default\">\n\t\t\t\t<div class=\"elementor-widget-container\">\n\t\t\t\t\t<h5 class=\"elementor-heading-title elementor-size-default\">When sellers should accept a low offer<\/h5>\t\t\t\t<\/div>\n\t\t\t\t<\/div>\n\t\t\t\t<div class=\"elementor-element elementor-element-2e30d1c7 elementor-widget elementor-widget-text-editor\" data-id=\"2e30d1c7\" data-element_type=\"widget\" data-widget_type=\"text-editor.default\">\n\t\t\t\t<div class=\"elementor-widget-container\">\n\t\t\t\t\t\t\t\t\t<p><img fetchpriority=\"high\" decoding=\"async\" class=\"size-medium wp-image-23832 alignright\" src=\"https:\/\/immobilien-lindstedt.bendit.de\/wp-content\/uploads\/2025\/04\/ratgeber-wann-ein-niedriges-angebot-annehmen.jpg\" alt=\"Guide - When to accept a low offer\" width=\"300\" height=\"185\" \/>Are you only ever getting offers below your asking price? Here is some valuable advice that will save you money!<\/p><p>Many property sellers are determined to sell their property as quickly as possible. Some know that selling a property is a nerve-wracking task that can disrupt the normal daily routine.<\/p><p>Others need to have sold by a certain date because subsequent financing depends on it. Under this pressure, some property sellers are tempted to accept even a low offer just to get the property sold and get back to business as usual. This article would like to give you a few tips on how you can better decide what to do in such a situation.<\/p><p>Analyze your financial situation<br \/>Many real estate salespeople are guided by their feelings. This may often work well, but you will usually make better decisions if you try to find rational reasons. Before you accept an offer, you should be clear about your financial situation. A quick sale certainly has many advantages, but ultimately a lot of money is at stake and who can afford to recklessly give up a nice sum of money?<\/p><p>If you are even in the situation of losing your property to foreclosure, then accepting a low offer is probably your only sensible option. A foreclosure sale usually brings significantly less than if you sell your property on the \"open\" market.<\/p><p>Sale on a key date<br \/>If you need the proceeds of your property sale for other financing by a certain deadline and that day X is soon, then you are in an unpleasant situation. It is now irrelevant whether it was because you went to market with the wrong price and whether you waited too long for the unsuspecting buyer to pay you your desired price for your property. You are now in this situation and have to make the best of it.<\/p><p>Many people cannot withstand the pressure and sell their property at too low a price out of fear. They act out of the motivation that they want to save what can still be saved. They see this as their only option. This may often be the case, but sometimes there are still alternatives if you look for them. In any case, talk to your bank to see if there are any refinancing options. Above all, don't just talk to one bank! We are in the fortunate position that there are banks a dime a dozen in Germany. You will only find out whether there is a better solution for you if you take action and look for it.<\/p><p>We also recommend that you speak to a professional real estate agent. Estate agents have often solved such cases to everyone's satisfaction. In any case, it is better than having to accept a ridiculously low offer.<\/p><p>When is an offer even low?<br \/>Many property sellers require a certain amount for subsequent financing and any offers lower than this amount are deemed unacceptable. We have already discussed the problems with this approach in other articles. But there is also the opposite case: a property seller bought his property years ago for 300,000 euros, for example. Now someone offers him 320,000 euros for the property. Can this be a low offer, even though it is higher than the purchase price at the time? Yes, it can!<\/p><p>The real estate market is changing and so are property prices. You should always consult a real estate agent to get a reliable estimate of the value of your property. Perhaps properties like yours in your region are currently very popular and you can achieve a better price. It would be a shame to miss out on this extra money without necessity.<\/p><p>Summary<br \/>Whatever your reasons for considering a low offer, you should seek expert help. You can do this by seeking advice from a real estate agent and\/or a financing expert. Don't make any rash decisions just because your neighbors or work colleagues think you should accept a low offer. It is better to rely on the advice of real estate experts.<\/p>\t\t\t\t\t\t\t\t<\/div>\n\t\t\t\t<\/div>\n\t\t\t\t\t<\/div>\n\t\t<\/div>\n\t\t\t\t\t<\/div>\n\t\t<\/section>\n\t\t\t\t<section class=\"elementor-section elementor-top-section elementor-element elementor-element-3227f057 elementor-section-boxed elementor-section-height-default elementor-section-height-default\" data-id=\"3227f057\" data-element_type=\"section\">\n\t\t\t\t\t\t<div class=\"elementor-container elementor-column-gap-default\">\n\t\t\t\t\t<div class=\"elementor-column elementor-col-100 elementor-top-column elementor-element elementor-element-3aca8532\" data-id=\"3aca8532\" data-element_type=\"column\">\n\t\t\t<div class=\"elementor-widget-wrap elementor-element-populated\">\n\t\t\t\t\t\t<div class=\"elementor-element elementor-element-4fa69089 elementor-widget elementor-widget-text-editor\" data-id=\"4fa69089\" data-element_type=\"widget\" data-widget_type=\"text-editor.default\">\n\t\t\t\t<div class=\"elementor-widget-container\">\n\t\t\t\t\t\t\t\t\t<p>\n<div class=\"wpcf7 no-js\" id=\"wpcf7-f4284-o1\" lang=\"de-DE\" dir=\"ltr\" data-wpcf7-id=\"4284\">\n<div class=\"screen-reader-response\"><p role=\"status\" aria-live=\"polite\" aria-atomic=\"true\"><\/p> <ul><\/ul><\/div>\n<form action=\"\/en\/wp-json\/wp\/v2\/pages\/190#wpcf7-f4284-o1\" method=\"post\" class=\"wpcf7-form init\" aria-label=\"Contact form\" novalidate=\"novalidate\" data-status=\"init\" data-trp-original-action=\"\/en\/wp-json\/wp\/v2\/pages\/190#wpcf7-f4284-o1\">\n<fieldset class=\"hidden-fields-container\"><input type=\"hidden\" name=\"_wpcf7\" value=\"4284\" \/><input type=\"hidden\" name=\"_wpcf7_version\" value=\"6.1.4\" \/><input type=\"hidden\" name=\"_wpcf7_locale\" value=\"de_DE_formal\" \/><input type=\"hidden\" name=\"_wpcf7_unit_tag\" value=\"wpcf7-f4284-o1\" \/><input type=\"hidden\" name=\"_wpcf7_container_post\" value=\"0\" \/><input type=\"hidden\" name=\"_wpcf7_posted_data_hash\" value=\"\" \/><input type=\"hidden\" name=\"_wpcf7_recaptcha_response\" value=\"\" \/>\n<\/fieldset>\n<h5>Would you like to receive the entire guide?\n<\/h5>\n<p>Then request it from us free of charge. Please fill out the form:\n<\/p>\n<p><label> e-mail*<br \/>\n<span class=\"wpcf7-form-control-wrap\" data-name=\"email\"><input size=\"40\" maxlength=\"400\" class=\"wpcf7-form-control wpcf7-email wpcf7-validates-as-required wpcf7-text wpcf7-validates-as-email\" aria-required=\"true\" aria-invalid=\"false\" value=\"\" type=\"email\" name=\"email\" \/><\/span> <\/label>\n<\/p>\n<p><label> First name*<br \/>\n<span class=\"wpcf7-form-control-wrap\" data-name=\"firstname\"><input size=\"40\" maxlength=\"400\" class=\"wpcf7-form-control wpcf7-text wpcf7-validates-as-required\" aria-required=\"true\" aria-invalid=\"false\" value=\"\" type=\"text\" name=\"firstname\" \/><\/span> <\/label>\n<\/p>\n<p><label> Surname*<br \/>\n<span class=\"wpcf7-form-control-wrap\" data-name=\"lastname\"><input size=\"40\" maxlength=\"400\" class=\"wpcf7-form-control wpcf7-text wpcf7-validates-as-required\" aria-required=\"true\" aria-invalid=\"false\" value=\"\" type=\"text\" name=\"lastname\" \/><\/span> <\/label>\n<\/p>\n<p><label> Street*<br \/>\n<span class=\"wpcf7-form-control-wrap\" data-name=\"street\"><input size=\"40\" maxlength=\"400\" class=\"wpcf7-form-control wpcf7-text wpcf7-validates-as-required\" aria-required=\"true\" aria-invalid=\"false\" value=\"\" type=\"text\" name=\"street\" \/><\/span> <\/label>\n<\/p>\n<p><label> POSTCODE*<br \/>\n<span class=\"wpcf7-form-control-wrap\" data-name=\"zip\"><input size=\"40\" maxlength=\"400\" class=\"wpcf7-form-control wpcf7-text wpcf7-validates-as-required feld-plz\" aria-required=\"true\" aria-invalid=\"false\" value=\"\" type=\"text\" name=\"zip\" \/><\/span> <\/label>\n<\/p>\n<p><label> Place*<br \/>\n<span class=\"wpcf7-form-control-wrap\" data-name=\"city\"><input size=\"40\" maxlength=\"400\" class=\"wpcf7-form-control wpcf7-text wpcf7-validates-as-required feld-ort\" aria-required=\"true\" aria-invalid=\"false\" value=\"\" type=\"text\" name=\"city\" \/><\/span> <\/label>\n<\/p>\n<p><label> Telephone<br \/>\n<span class=\"wpcf7-form-control-wrap\" data-name=\"phone\"><input size=\"40\" maxlength=\"400\" class=\"wpcf7-form-control wpcf7-text\" aria-invalid=\"false\" value=\"\" type=\"text\" name=\"phone\" \/><\/span> <\/label>\n<\/p>\n<p><label> Your message (optional)<br \/>\n<span class=\"wpcf7-form-control-wrap\" data-name=\"message\"><textarea cols=\"40\" rows=\"10\" maxlength=\"2000\" class=\"wpcf7-form-control wpcf7-textarea\" aria-invalid=\"false\" name=\"message\"><\/textarea><\/span> <\/label>\n<\/p>\n<p><span class=\"wpcf7-form-control-wrap\" data-name=\"privacy-policy\"><span class=\"wpcf7-form-control wpcf7-acceptance\"><span class=\"wpcf7-list-item\"><label><input type=\"checkbox\" name=\"privacy-policy\" value=\"1\" aria-invalid=\"false\" \/><span class=\"wpcf7-list-item-label\">I have the <a href=\"https:\/\/immobilien-lindstedt.bendit.de\/en\/data-protection\/\" target=\"_blank\">Information on data protection<\/a> read. I agree that the data entered in this contact form will be stored electronically and may be used to contact me. I am aware that I can terminate this agreement at any time.<\/span><\/label><\/span><\/span><\/span>\n<\/p>\n<input class=\"wpcf7-form-control wpcf7-hidden\" value=\"Wann Verk\u00e4ufer ein niedriges Angebot annehmen sollten\" type=\"hidden\" name=\"destination-topic\" \/>\n<span class=\"wpcf7-form-control-wrap recaptcha\" data-name=\"recaptcha\"><span data-sitekey=\"6Lc4LywrAAAAANFW7YlE3oryff2-zhEs37Glgv1J\" class=\"wpcf7-form-control wpcf7-recaptcha g-recaptcha\"><\/span>\r\n<noscript>\r\n\t<div class=\"grecaptcha-noscript\">\r\n\t\t<iframe src=\"https:\/\/www.google.com\/recaptcha\/api\/fallback?k=6Lc4LywrAAAAANFW7YlE3oryff2-zhEs37Glgv1J\" frameborder=\"0\" scrolling=\"no\" width=\"310\" height=\"430\">\r\n\t\t<\/iframe>\r\n\t\t<textarea name=\"g-recaptcha-response\" rows=\"3\" cols=\"40\" placeholder=\"reCaptcha Response Here\">\r\n\t\t<\/textarea>\r\n\t<\/div>\r\n<\/noscript>\r\n<\/span>\n<p><input class=\"wpcf7-form-control wpcf7-submit has-spinner\" type=\"submit\" value=\"Send\" \/>\n<\/p><div class=\"wpcf7-response-output\" aria-hidden=\"true\"><\/div>\n<input type=\"hidden\" name=\"trp-form-language\" value=\"en\"\/><\/form>\n<\/div>\n<\/p>\t\t\t\t\t\t\t\t<\/div>\n\t\t\t\t<\/div>\n\t\t\t\t<div class=\"elementor-element elementor-element-43371391 elementor-widget elementor-widget-text-editor\" data-id=\"43371391\" data-element_type=\"widget\" data-widget_type=\"text-editor.default\">\n\t\t\t\t<div class=\"elementor-widget-container\">\n\t\t\t\t\t\t\t\t\t<p><script src=\"https:\/\/iframe.immowissen.org\/loader.min.js\" data-company=\"immobilien-lindstedt\" data-slug=\"telefonische-beratung\" data-variant=\"wizard\" data-bottimmo defer><\/script><\/p>\t\t\t\t\t\t\t\t<\/div>\n\t\t\t\t<\/div>\n\t\t\t\t\t<\/div>\n\t\t<\/div>\n\t\t\t\t\t<\/div>\n\t\t<\/section>\n\t\t\t\t<\/div>","protected":false},"excerpt":{"rendered":"<p>Verkaufsstrategie Wann Verk\u00e4ufer ein niedriges Angebot annehmen sollten Sie bekommen immer nur Angebote unterhalb Ihrer Preisvorstellung? Hier gibt es wertvolle Ratschl\u00e4ge, die Ihnen Geld sparen! Viele Immobilienverk\u00e4ufer haben sich vorgenommen, ihre Immobilie m\u00f6glichst schnell zu verkaufen. Manche wissen, dass ein Immobilienverkauf eine nervenaufreibende Aufgabe ist, die den normalen Tagesablauf ganz sch\u00f6n durcheinander bringen kann. Andere [&hellip;]<\/p>","protected":false},"author":2,"featured_media":193,"parent":328,"menu_order":0,"comment_status":"closed","ping_status":"closed","template":"","meta":{"footnotes":""},"class_list":["post-190","page","type-page","status-publish","has-post-thumbnail","hentry"],"yoast_head":"<!-- This site is optimized with the Yoast SEO plugin v26.8 - https:\/\/yoast.com\/product\/yoast-seo-wordpress\/ -->\n<title>Wann ein niedriges Angebot annehmen - Immobilien Lindstedt<\/title>\n<meta name=\"robots\" content=\"index, follow, max-snippet:-1, max-image-preview:large, max-video-preview:-1\" \/>\n<link rel=\"canonical\" href=\"https:\/\/immobilien-lindstedt.bendit.de\/en\/advisor\/when-to-accept-a-low-offer\/\" \/>\n<meta property=\"og:locale\" content=\"en_US\" \/>\n<meta property=\"og:type\" content=\"article\" \/>\n<meta property=\"og:title\" content=\"Wann ein niedriges Angebot annehmen - Immobilien Lindstedt\" \/>\n<meta property=\"og:description\" content=\"Verkaufsstrategie Wann Verk\u00e4ufer ein niedriges Angebot annehmen sollten Sie bekommen immer nur Angebote unterhalb Ihrer Preisvorstellung? Hier gibt es wertvolle Ratschl\u00e4ge, die Ihnen Geld sparen! Viele Immobilienverk\u00e4ufer haben sich vorgenommen, ihre Immobilie m\u00f6glichst schnell zu verkaufen. Manche wissen, dass ein Immobilienverkauf eine nervenaufreibende Aufgabe ist, die den normalen Tagesablauf ganz sch\u00f6n durcheinander bringen kann. Andere [&hellip;]\" \/>\n<meta property=\"og:url\" content=\"https:\/\/immobilien-lindstedt.bendit.de\/en\/advisor\/when-to-accept-a-low-offer\/\" \/>\n<meta property=\"og:site_name\" content=\"Immobilien Lindstedt\" \/>\n<meta property=\"article:publisher\" content=\"https:\/\/www.facebook.com\/immobilienlindstedt\/\" \/>\n<meta property=\"article:modified_time\" content=\"2025-04-15T13:21:27+00:00\" \/>\n<meta property=\"og:image\" content=\"https:\/\/immobilien-lindstedt.bendit.de\/wp-content\/uploads\/2025\/04\/ratgeber-wann-ein-niedriges-angebot-annehmen.jpg\" \/>\n\t<meta property=\"og:image:width\" content=\"500\" \/>\n\t<meta property=\"og:image:height\" content=\"309\" \/>\n\t<meta property=\"og:image:type\" content=\"image\/jpeg\" \/>\n<meta name=\"twitter:card\" content=\"summary_large_image\" \/>\n<meta name=\"twitter:site\" content=\"@ImmoLindstedt\" \/>\n<meta name=\"twitter:label1\" content=\"Est. reading time\" \/>\n\t<meta name=\"twitter:data1\" content=\"4 minutes\" \/>\n<script type=\"application\/ld+json\" class=\"yoast-schema-graph\">{\"@context\":\"https:\/\/schema.org\",\"@graph\":[{\"@type\":\"WebPage\",\"@id\":\"https:\/\/immobilien-lindstedt.bendit.de\/ratgeber\/wann-ein-niedriges-angebot-annehmen\/\",\"url\":\"https:\/\/immobilien-lindstedt.bendit.de\/ratgeber\/wann-ein-niedriges-angebot-annehmen\/\",\"name\":\"Wann ein niedriges Angebot annehmen - Immobilien Lindstedt\",\"isPartOf\":{\"@id\":\"https:\/\/immobilien-lindstedt.bendit.de\/en\/#website\"},\"primaryImageOfPage\":{\"@id\":\"https:\/\/immobilien-lindstedt.bendit.de\/ratgeber\/wann-ein-niedriges-angebot-annehmen\/#primaryimage\"},\"image\":{\"@id\":\"https:\/\/immobilien-lindstedt.bendit.de\/ratgeber\/wann-ein-niedriges-angebot-annehmen\/#primaryimage\"},\"thumbnailUrl\":\"https:\/\/immobilien-lindstedt.bendit.de\/wp-content\/uploads\/2025\/04\/ratgeber-wann-ein-niedriges-angebot-annehmen.jpg\",\"datePublished\":\"2025-04-15T08:12:37+00:00\",\"dateModified\":\"2025-04-15T13:21:27+00:00\",\"breadcrumb\":{\"@id\":\"https:\/\/immobilien-lindstedt.bendit.de\/ratgeber\/wann-ein-niedriges-angebot-annehmen\/#breadcrumb\"},\"inLanguage\":\"en-US\",\"potentialAction\":[{\"@type\":\"ReadAction\",\"target\":[\"https:\/\/immobilien-lindstedt.bendit.de\/ratgeber\/wann-ein-niedriges-angebot-annehmen\/\"]}]},{\"@type\":\"ImageObject\",\"inLanguage\":\"en-US\",\"@id\":\"https:\/\/immobilien-lindstedt.bendit.de\/ratgeber\/wann-ein-niedriges-angebot-annehmen\/#primaryimage\",\"url\":\"https:\/\/immobilien-lindstedt.bendit.de\/wp-content\/uploads\/2025\/04\/ratgeber-wann-ein-niedriges-angebot-annehmen.jpg\",\"contentUrl\":\"https:\/\/immobilien-lindstedt.bendit.de\/wp-content\/uploads\/2025\/04\/ratgeber-wann-ein-niedriges-angebot-annehmen.jpg\",\"width\":500,\"height\":309},{\"@type\":\"BreadcrumbList\",\"@id\":\"https:\/\/immobilien-lindstedt.bendit.de\/ratgeber\/wann-ein-niedriges-angebot-annehmen\/#breadcrumb\",\"itemListElement\":[{\"@type\":\"ListItem\",\"position\":1,\"name\":\"Startseite\",\"item\":\"https:\/\/immobilien-lindstedt.bendit.de\/en\/\"},{\"@type\":\"ListItem\",\"position\":2,\"name\":\"Ratgeber\",\"item\":\"https:\/\/immobilien-lindstedt.bendit.de\/en\/advisor\/\"},{\"@type\":\"ListItem\",\"position\":3,\"name\":\"Wann ein niedriges Angebot annehmen\"}]},{\"@type\":\"WebSite\",\"@id\":\"https:\/\/immobilien-lindstedt.bendit.de\/en\/#website\",\"url\":\"https:\/\/immobilien-lindstedt.bendit.de\/en\/\",\"name\":\"Immobilien Lindstedt\",\"description\":\"\",\"publisher\":{\"@id\":\"https:\/\/immobilien-lindstedt.bendit.de\/en\/#organization\"},\"potentialAction\":[{\"@type\":\"SearchAction\",\"target\":{\"@type\":\"EntryPoint\",\"urlTemplate\":\"https:\/\/immobilien-lindstedt.bendit.de\/en\/?s={search_term_string}\"},\"query-input\":{\"@type\":\"PropertyValueSpecification\",\"valueRequired\":true,\"valueName\":\"search_term_string\"}}],\"inLanguage\":\"en-US\"},{\"@type\":\"Organization\",\"@id\":\"https:\/\/immobilien-lindstedt.bendit.de\/en\/#organization\",\"name\":\"Immobilien Lindstedt\",\"url\":\"https:\/\/immobilien-lindstedt.bendit.de\/en\/\",\"logo\":{\"@type\":\"ImageObject\",\"inLanguage\":\"en-US\",\"@id\":\"https:\/\/immobilien-lindstedt.bendit.de\/en\/#\/schema\/logo\/image\/\",\"url\":\"https:\/\/immobilien-lindstedt.bendit.de\/wp-content\/uploads\/2025\/04\/logo-mit-vip-transparent.png\",\"contentUrl\":\"https:\/\/immobilien-lindstedt.bendit.de\/wp-content\/uploads\/2025\/04\/logo-mit-vip-transparent.png\",\"width\":1018,\"height\":166,\"caption\":\"Immobilien Lindstedt\"},\"image\":{\"@id\":\"https:\/\/immobilien-lindstedt.bendit.de\/en\/#\/schema\/logo\/image\/\"},\"sameAs\":[\"https:\/\/www.facebook.com\/immobilienlindstedt\/\",\"https:\/\/x.com\/ImmoLindstedt\",\"https:\/\/www.linkedin.com\/in\/christian-lindstedt-8b7044b0\/\",\"https:\/\/www.instagram.com\/immobilien_lindstedt_gmbh\/\",\"https:\/\/www.youtube.com\/c\/ImmobilienLindstedt\"]}]}<\/script>\n<!-- \/ Yoast SEO plugin. -->","yoast_head_json":{"title":"When to accept a low offer - Immobilien Lindstedt","robots":{"index":"index","follow":"follow","max-snippet":"max-snippet:-1","max-image-preview":"max-image-preview:large","max-video-preview":"max-video-preview:-1"},"canonical":"https:\/\/immobilien-lindstedt.bendit.de\/en\/advisor\/when-to-accept-a-low-offer\/","og_locale":"en_US","og_type":"article","og_title":"Wann ein niedriges Angebot annehmen - Immobilien Lindstedt","og_description":"Verkaufsstrategie Wann Verk\u00e4ufer ein niedriges Angebot annehmen sollten Sie bekommen immer nur Angebote unterhalb Ihrer Preisvorstellung? Hier gibt es wertvolle Ratschl\u00e4ge, die Ihnen Geld sparen! Viele Immobilienverk\u00e4ufer haben sich vorgenommen, ihre Immobilie m\u00f6glichst schnell zu verkaufen. Manche wissen, dass ein Immobilienverkauf eine nervenaufreibende Aufgabe ist, die den normalen Tagesablauf ganz sch\u00f6n durcheinander bringen kann. Andere [&hellip;]","og_url":"https:\/\/immobilien-lindstedt.bendit.de\/en\/advisor\/when-to-accept-a-low-offer\/","og_site_name":"Immobilien Lindstedt","article_publisher":"https:\/\/www.facebook.com\/immobilienlindstedt\/","article_modified_time":"2025-04-15T13:21:27+00:00","og_image":[{"width":500,"height":309,"url":"https:\/\/immobilien-lindstedt.bendit.de\/wp-content\/uploads\/2025\/04\/ratgeber-wann-ein-niedriges-angebot-annehmen.jpg","type":"image\/jpeg"}],"twitter_card":"summary_large_image","twitter_site":"@ImmoLindstedt","twitter_misc":{"Est. reading time":"4 minutes"},"schema":{"@context":"https:\/\/schema.org","@graph":[{"@type":"WebPage","@id":"https:\/\/immobilien-lindstedt.bendit.de\/ratgeber\/wann-ein-niedriges-angebot-annehmen\/","url":"https:\/\/immobilien-lindstedt.bendit.de\/ratgeber\/wann-ein-niedriges-angebot-annehmen\/","name":"When to accept a low offer - Immobilien Lindstedt","isPartOf":{"@id":"https:\/\/immobilien-lindstedt.bendit.de\/en\/#website"},"primaryImageOfPage":{"@id":"https:\/\/immobilien-lindstedt.bendit.de\/ratgeber\/wann-ein-niedriges-angebot-annehmen\/#primaryimage"},"image":{"@id":"https:\/\/immobilien-lindstedt.bendit.de\/ratgeber\/wann-ein-niedriges-angebot-annehmen\/#primaryimage"},"thumbnailUrl":"https:\/\/immobilien-lindstedt.bendit.de\/wp-content\/uploads\/2025\/04\/ratgeber-wann-ein-niedriges-angebot-annehmen.jpg","datePublished":"2025-04-15T08:12:37+00:00","dateModified":"2025-04-15T13:21:27+00:00","breadcrumb":{"@id":"https:\/\/immobilien-lindstedt.bendit.de\/ratgeber\/wann-ein-niedriges-angebot-annehmen\/#breadcrumb"},"inLanguage":"en-US","potentialAction":[{"@type":"ReadAction","target":["https:\/\/immobilien-lindstedt.bendit.de\/ratgeber\/wann-ein-niedriges-angebot-annehmen\/"]}]},{"@type":"ImageObject","inLanguage":"en-US","@id":"https:\/\/immobilien-lindstedt.bendit.de\/ratgeber\/wann-ein-niedriges-angebot-annehmen\/#primaryimage","url":"https:\/\/immobilien-lindstedt.bendit.de\/wp-content\/uploads\/2025\/04\/ratgeber-wann-ein-niedriges-angebot-annehmen.jpg","contentUrl":"https:\/\/immobilien-lindstedt.bendit.de\/wp-content\/uploads\/2025\/04\/ratgeber-wann-ein-niedriges-angebot-annehmen.jpg","width":500,"height":309},{"@type":"BreadcrumbList","@id":"https:\/\/immobilien-lindstedt.bendit.de\/ratgeber\/wann-ein-niedriges-angebot-annehmen\/#breadcrumb","itemListElement":[{"@type":"ListItem","position":1,"name":"Startseite","item":"https:\/\/immobilien-lindstedt.bendit.de\/en\/"},{"@type":"ListItem","position":2,"name":"Ratgeber","item":"https:\/\/immobilien-lindstedt.bendit.de\/en\/advisor\/"},{"@type":"ListItem","position":3,"name":"Wann ein niedriges Angebot annehmen"}]},{"@type":"WebSite","@id":"https:\/\/immobilien-lindstedt.bendit.de\/en\/#website","url":"https:\/\/immobilien-lindstedt.bendit.de\/en\/","name":"Real Estate Lindstedt","description":"","publisher":{"@id":"https:\/\/immobilien-lindstedt.bendit.de\/en\/#organization"},"potentialAction":[{"@type":"SearchAction","target":{"@type":"EntryPoint","urlTemplate":"https:\/\/immobilien-lindstedt.bendit.de\/en\/?s={search_term_string}"},"query-input":{"@type":"PropertyValueSpecification","valueRequired":true,"valueName":"search_term_string"}}],"inLanguage":"en-US"},{"@type":"Organization","@id":"https:\/\/immobilien-lindstedt.bendit.de\/en\/#organization","name":"Real Estate Lindstedt","url":"https:\/\/immobilien-lindstedt.bendit.de\/en\/","logo":{"@type":"ImageObject","inLanguage":"en-US","@id":"https:\/\/immobilien-lindstedt.bendit.de\/en\/#\/schema\/logo\/image\/","url":"https:\/\/immobilien-lindstedt.bendit.de\/wp-content\/uploads\/2025\/04\/logo-mit-vip-transparent.png","contentUrl":"https:\/\/immobilien-lindstedt.bendit.de\/wp-content\/uploads\/2025\/04\/logo-mit-vip-transparent.png","width":1018,"height":166,"caption":"Immobilien Lindstedt"},"image":{"@id":"https:\/\/immobilien-lindstedt.bendit.de\/en\/#\/schema\/logo\/image\/"},"sameAs":["https:\/\/www.facebook.com\/immobilienlindstedt\/","https:\/\/x.com\/ImmoLindstedt","https:\/\/www.linkedin.com\/in\/christian-lindstedt-8b7044b0\/","https:\/\/www.instagram.com\/immobilien_lindstedt_gmbh\/","https:\/\/www.youtube.com\/c\/ImmobilienLindstedt"]}]}},"_links":{"self":[{"href":"https:\/\/immobilien-lindstedt.bendit.de\/en\/wp-json\/wp\/v2\/pages\/190","targetHints":{"allow":["GET"]}}],"collection":[{"href":"https:\/\/immobilien-lindstedt.bendit.de\/en\/wp-json\/wp\/v2\/pages"}],"about":[{"href":"https:\/\/immobilien-lindstedt.bendit.de\/en\/wp-json\/wp\/v2\/types\/page"}],"author":[{"embeddable":true,"href":"https:\/\/immobilien-lindstedt.bendit.de\/en\/wp-json\/wp\/v2\/users\/2"}],"replies":[{"embeddable":true,"href":"https:\/\/immobilien-lindstedt.bendit.de\/en\/wp-json\/wp\/v2\/comments?post=190"}],"version-history":[{"count":3,"href":"https:\/\/immobilien-lindstedt.bendit.de\/en\/wp-json\/wp\/v2\/pages\/190\/revisions"}],"predecessor-version":[{"id":10209,"href":"https:\/\/immobilien-lindstedt.bendit.de\/en\/wp-json\/wp\/v2\/pages\/190\/revisions\/10209"}],"up":[{"embeddable":true,"href":"https:\/\/immobilien-lindstedt.bendit.de\/en\/wp-json\/wp\/v2\/pages\/328"}],"wp:featuredmedia":[{"embeddable":true,"href":"https:\/\/immobilien-lindstedt.bendit.de\/en\/wp-json\/wp\/v2\/media\/193"}],"wp:attachment":[{"href":"https:\/\/immobilien-lindstedt.bendit.de\/en\/wp-json\/wp\/v2\/media?parent=190"}],"curies":[{"name":"wp","href":"https:\/\/api.w.org\/{rel}","templated":true}]}}