{"id":175,"date":"2025-04-15T10:12:34","date_gmt":"2025-04-15T08:12:34","guid":{"rendered":"https:\/\/immobilien-lindstedt-2.bendit.de\/energetische-sanierung\/"},"modified":"2025-04-15T11:52:15","modified_gmt":"2025-04-15T09:52:15","slug":"energetische-sanierung","status":"publish","type":"page","link":"https:\/\/immobilien-lindstedt.bendit.de\/en\/advisor\/energy-refurbishment\/","title":{"rendered":"Energy-efficient refurbishment"},"content":{"rendered":"<div data-elementor-type=\"wp-page\" data-elementor-id=\"175\" class=\"elementor elementor-175\">\n\t\t\t\t\t\t<section class=\"elementor-section elementor-top-section elementor-element elementor-element-5794d3d7 elementor-section-boxed elementor-section-height-default elementor-section-height-default\" data-id=\"5794d3d7\" data-element_type=\"section\">\n\t\t\t\t\t\t<div class=\"elementor-container elementor-column-gap-default\">\n\t\t\t\t\t<div class=\"elementor-column elementor-col-50 elementor-top-column elementor-element elementor-element-1d5a4385\" data-id=\"1d5a4385\" data-element_type=\"column\">\n\t\t\t<div class=\"elementor-widget-wrap elementor-element-populated\">\n\t\t\t\t\t\t<div class=\"elementor-element elementor-element-7ebd2879 elementor-widget elementor-widget-heading\" data-id=\"7ebd2879\" data-element_type=\"widget\" data-widget_type=\"heading.default\">\n\t\t\t\t<div class=\"elementor-widget-container\">\n\t\t\t\t\t<div class=\"elementor-heading-title elementor-size-default\">Personal PDF download<\/div>\t\t\t\t<\/div>\n\t\t\t\t<\/div>\n\t\t\t\t<div class=\"elementor-element elementor-element-565e2f31 elementor-widget elementor-widget-heading\" data-id=\"565e2f31\" data-element_type=\"widget\" data-widget_type=\"heading.default\">\n\t\t\t\t<div class=\"elementor-widget-container\">\n\t\t\t\t\t<h5 class=\"elementor-heading-title elementor-size-default\">Energy-efficient refurbishment: What's really behind it<\/h5>\t\t\t\t<\/div>\n\t\t\t\t<\/div>\n\t\t\t\t<div class=\"elementor-element elementor-element-5c481dea elementor-widget elementor-widget-text-editor\" data-id=\"5c481dea\" data-element_type=\"widget\" data-widget_type=\"text-editor.default\">\n\t\t\t\t<div class=\"elementor-widget-container\">\n\t\t\t\t\t\t\t\t\t<div class=\"sm:text-lg\" data-v-7ab8b4dd=\"\"><div data-v-7ab8b4dd=\"\"><p class=\"\">Private households account for a quarter of national energy consumption. Accordingly, the topic of saving energy is now finding its way into the real estate industry faster than ever. Sustainability and environmental protection are among the most important issues of the future - as a property owner, you are now experiencing the consequences in your own house or apartment. Subsidies are being launched and support has been promised. A great opportunity? Absolutely! At the same time, government regulation also presents you with challenges.<\/p><\/div><\/div>\t\t\t\t\t\t\t\t<\/div>\n\t\t\t\t<\/div>\n\t\t\t\t<div class=\"elementor-element elementor-element-23dbfb0e elementor-widget elementor-widget-image\" data-id=\"23dbfb0e\" data-element_type=\"widget\" data-widget_type=\"image.default\">\n\t\t\t\t<div class=\"elementor-widget-container\">\n\t\t\t\t\t\t\t\t\t\t\t\t\t\t\t<img fetchpriority=\"high\" decoding=\"async\" width=\"212\" height=\"300\" src=\"https:\/\/immobilien-lindstedt.bendit.de\/wp-content\/uploads\/2025\/04\/ratgeber-energetische-sanierung-212x300.jpg\" class=\"attachment-medium size-medium wp-image-176\" alt=\"\" srcset=\"https:\/\/immobilien-lindstedt.bendit.de\/wp-content\/uploads\/2025\/04\/ratgeber-energetische-sanierung-212x300.jpg 212w, https:\/\/immobilien-lindstedt.bendit.de\/wp-content\/uploads\/2025\/04\/ratgeber-energetische-sanierung-724x1024.jpg 724w, https:\/\/immobilien-lindstedt.bendit.de\/wp-content\/uploads\/2025\/04\/ratgeber-energetische-sanierung-768x1087.jpg 768w, https:\/\/immobilien-lindstedt.bendit.de\/wp-content\/uploads\/2025\/04\/ratgeber-energetische-sanierung-1086x1536.jpg 1086w, https:\/\/immobilien-lindstedt.bendit.de\/wp-content\/uploads\/2025\/04\/ratgeber-energetische-sanierung-8x12.jpg 8w, https:\/\/immobilien-lindstedt.bendit.de\/wp-content\/uploads\/2025\/04\/ratgeber-energetische-sanierung-424x600.jpg 424w, https:\/\/immobilien-lindstedt.bendit.de\/wp-content\/uploads\/2025\/04\/ratgeber-energetische-sanierung-496x702.jpg 496w, https:\/\/immobilien-lindstedt.bendit.de\/wp-content\/uploads\/2025\/04\/ratgeber-energetische-sanierung.jpg 1239w\" sizes=\"(max-width: 212px) 100vw, 212px\" \/>\t\t\t\t\t\t\t\t\t\t\t\t\t\t\t<\/div>\n\t\t\t\t<\/div>\n\t\t\t\t\t<\/div>\n\t\t<\/div>\n\t\t\t\t<div class=\"elementor-column elementor-col-50 elementor-top-column elementor-element elementor-element-194da00b\" data-id=\"194da00b\" data-element_type=\"column\">\n\t\t\t<div class=\"elementor-widget-wrap elementor-element-populated\">\n\t\t\t\t\t\t<div class=\"elementor-element elementor-element-4698c276 elementor-widget elementor-widget-heading\" data-id=\"4698c276\" data-element_type=\"widget\" data-widget_type=\"heading.default\">\n\t\t\t\t<div class=\"elementor-widget-container\">\n\t\t\t\t\t<div class=\"elementor-heading-title elementor-size-default\">This is what politicians want - and what you need to know!<\/div>\t\t\t\t<\/div>\n\t\t\t\t<\/div>\n\t\t\t\t<div class=\"elementor-element elementor-element-188c11e0 elementor-widget elementor-widget-heading\" data-id=\"188c11e0\" data-element_type=\"widget\" data-widget_type=\"heading.default\">\n\t\t\t\t<div class=\"elementor-widget-container\">\n\t\t\t\t\t<h5 class=\"elementor-heading-title elementor-size-default\">This guide provides information:<\/h5>\t\t\t\t<\/div>\n\t\t\t\t<\/div>\n\t\t\t\t<div class=\"elementor-element elementor-element-6ea98b97 checkliste elementor-widget elementor-widget-text-editor\" data-id=\"6ea98b97\" data-element_type=\"widget\" data-settings=\"{&quot;_animation&quot;:&quot;none&quot;}\" data-widget_type=\"text-editor.default\">\n\t\t\t\t<div class=\"elementor-widget-container\">\n\t\t\t\t\t\t\t\t\t<ul><li>When is energy-efficient refurbishment mandatory?<\/li><li>Which measures really make sense?<\/li><li>What can (and may) you do yourself?<\/li><li>Are there alternatives to refurbishment?<\/li><li>What funding opportunities are there?<\/li><\/ul>\t\t\t\t\t\t\t\t<\/div>\n\t\t\t\t<\/div>\n\t\t\t\t\t<\/div>\n\t\t<\/div>\n\t\t\t\t\t<\/div>\n\t\t<\/section>\n\t\t\t\t<section class=\"elementor-section elementor-top-section elementor-element elementor-element-2becfa70 elementor-section-boxed elementor-section-height-default elementor-section-height-default\" data-id=\"2becfa70\" data-element_type=\"section\">\n\t\t\t\t\t\t<div class=\"elementor-container elementor-column-gap-default\">\n\t\t\t\t\t<div class=\"elementor-column elementor-col-100 elementor-top-column elementor-element elementor-element-2856088d\" data-id=\"2856088d\" data-element_type=\"column\">\n\t\t\t<div class=\"elementor-widget-wrap elementor-element-populated\">\n\t\t\t\t\t\t<div class=\"elementor-element elementor-element-29259cfa elementor-widget elementor-widget-text-editor\" data-id=\"29259cfa\" data-element_type=\"widget\" data-widget_type=\"text-editor.default\">\n\t\t\t\t<div class=\"elementor-widget-container\">\n\t\t\t\t\t\t\t\t\t<p>Do you want (or need) to renovate your property to make it more energy efficient? Then you are not on your own. This guide will give you an initial overview of this complex topic and help you plan the next steps. As your personal real estate experts, we will be happy to assist you. We will show you the opportunities (increase in value!) as well as the risks (fines!) and possibilities (funding pots!). Want more than just reading? Then let's talk about it in person. We will be happy to call you back at a time of your choosing.<\/p>\t\t\t\t\t\t\t\t<\/div>\n\t\t\t\t<\/div>\n\t\t\t\t<div class=\"elementor-element elementor-element-3ca61fc1 elementor-widget elementor-widget-text-editor\" data-id=\"3ca61fc1\" data-element_type=\"widget\" data-widget_type=\"text-editor.default\">\n\t\t\t\t<div class=\"elementor-widget-container\">\n\t\t\t\t\t\t\t\t\t<p><script src=\"https:\/\/iframe.immowissen.org\/loader.min.js\" data-company=\"immobilien-lindstedt\" data-slug=\"energetische-sanierung\" data-bottimmo defer><\/script><\/p>\t\t\t\t\t\t\t\t<\/div>\n\t\t\t\t<\/div>\n\t\t\t\t<div class=\"elementor-element elementor-element-7422e651 elementor-widget elementor-widget-text-editor\" data-id=\"7422e651\" data-element_type=\"widget\" data-widget_type=\"text-editor.default\">\n\t\t\t\t<div class=\"elementor-widget-container\">\n\t\t\t\t\t\t\t\t\t<p><script src=\"https:\/\/iframe.immowissen.org\/loader.min.js\" data-company=\"immobilien-lindstedt\" data-slug=\"telefonische-beratung\" data-variant=\"wizard\" data-bottimmo defer><\/script><\/p>\t\t\t\t\t\t\t\t<\/div>\n\t\t\t\t<\/div>\n\t\t\t\t\t<\/div>\n\t\t<\/div>\n\t\t\t\t\t<\/div>\n\t\t<\/section>\n\t\t\t\t<\/div>","protected":false},"excerpt":{"rendered":"<p>Personal PDF download Energy-efficient refurbishment: What's really behind it Private households account for a quarter of national energy consumption. Accordingly, the topic of energy saving is now finding its way into the real estate industry faster than ever. Sustainability and environmental protection are among the most important issues of the future - now you as a property owner are experiencing the consequences in your own house or apartment. Funding offers are being [...]<\/p>","protected":false},"author":2,"featured_media":179,"parent":328,"menu_order":0,"comment_status":"closed","ping_status":"closed","template":"","meta":{"footnotes":""},"class_list":["post-175","page","type-page","status-publish","has-post-thumbnail","hentry"],"yoast_head":"<!-- This site is optimized with the Yoast SEO plugin v26.8 - https:\/\/yoast.com\/product\/yoast-seo-wordpress\/ -->\n<title>Energetische Sanierung - Immobilien Lindstedt<\/title>\n<meta name=\"robots\" content=\"index, follow, max-snippet:-1, max-image-preview:large, max-video-preview:-1\" \/>\n<link rel=\"canonical\" href=\"https:\/\/immobilien-lindstedt.bendit.de\/en\/advisor\/energy-refurbishment\/\" \/>\n<meta property=\"og:locale\" content=\"en_US\" \/>\n<meta property=\"og:type\" content=\"article\" \/>\n<meta property=\"og:title\" content=\"Energetische Sanierung - Immobilien Lindstedt\" \/>\n<meta property=\"og:description\" content=\"Pers\u00f6nlicher PDF-Download Energetisches Sanieren: Das steckt wirklich dahinter Ein Viertel des nationalen Energieverbrauchs entf\u00e4llt auf Privathaushalte. Entsprechend h\u00e4lt das Thema Energiesparen nun rasanter denn je Einzug in die Immobilienwirtschaft. Nachhaltigkeit und Umweltschutz geh\u00f6ren zu den wichtigsten Zukunftsthemen \u2013 jetzt erleben Sie als Immobilieneigent\u00fcmer die Konsequenzen im eigenen Haus oder der eigenen Wohnung. F\u00f6rderangebote werden auf [&hellip;]\" \/>\n<meta property=\"og:url\" content=\"https:\/\/immobilien-lindstedt.bendit.de\/en\/advisor\/energy-refurbishment\/\" \/>\n<meta property=\"og:site_name\" content=\"Immobilien Lindstedt\" \/>\n<meta property=\"article:publisher\" content=\"https:\/\/www.facebook.com\/immobilienlindstedt\/\" \/>\n<meta property=\"article:modified_time\" content=\"2025-04-15T09:52:15+00:00\" \/>\n<meta property=\"og:image\" content=\"https:\/\/immobilien-lindstedt.bendit.de\/wp-content\/uploads\/2025\/04\/BOTTIMMO-GWsocialbild-Ratgeber-sanierung-einer-immobilie_Version-1_2021-01-15.jpeg\" \/>\n\t<meta property=\"og:image:width\" content=\"1200\" \/>\n\t<meta property=\"og:image:height\" content=\"1200\" \/>\n\t<meta property=\"og:image:type\" content=\"image\/jpeg\" \/>\n<meta name=\"twitter:card\" content=\"summary_large_image\" \/>\n<meta name=\"twitter:site\" content=\"@ImmoLindstedt\" \/>\n<meta name=\"twitter:label1\" content=\"Est. reading time\" \/>\n\t<meta name=\"twitter:data1\" content=\"1 minute\" \/>\n<script type=\"application\/ld+json\" class=\"yoast-schema-graph\">{\"@context\":\"https:\/\/schema.org\",\"@graph\":[{\"@type\":\"WebPage\",\"@id\":\"https:\/\/immobilien-lindstedt.bendit.de\/ratgeber\/energetische-sanierung\/\",\"url\":\"https:\/\/immobilien-lindstedt.bendit.de\/ratgeber\/energetische-sanierung\/\",\"name\":\"Energetische Sanierung - Immobilien Lindstedt\",\"isPartOf\":{\"@id\":\"https:\/\/immobilien-lindstedt.bendit.de\/en\/#website\"},\"primaryImageOfPage\":{\"@id\":\"https:\/\/immobilien-lindstedt.bendit.de\/ratgeber\/energetische-sanierung\/#primaryimage\"},\"image\":{\"@id\":\"https:\/\/immobilien-lindstedt.bendit.de\/ratgeber\/energetische-sanierung\/#primaryimage\"},\"thumbnailUrl\":\"https:\/\/immobilien-lindstedt.bendit.de\/wp-content\/uploads\/2025\/04\/BOTTIMMO-GWsocialbild-Ratgeber-sanierung-einer-immobilie_Version-1_2021-01-15.jpeg\",\"datePublished\":\"2025-04-15T08:12:34+00:00\",\"dateModified\":\"2025-04-15T09:52:15+00:00\",\"breadcrumb\":{\"@id\":\"https:\/\/immobilien-lindstedt.bendit.de\/ratgeber\/energetische-sanierung\/#breadcrumb\"},\"inLanguage\":\"en-US\",\"potentialAction\":[{\"@type\":\"ReadAction\",\"target\":[\"https:\/\/immobilien-lindstedt.bendit.de\/ratgeber\/energetische-sanierung\/\"]}]},{\"@type\":\"ImageObject\",\"inLanguage\":\"en-US\",\"@id\":\"https:\/\/immobilien-lindstedt.bendit.de\/ratgeber\/energetische-sanierung\/#primaryimage\",\"url\":\"https:\/\/immobilien-lindstedt.bendit.de\/wp-content\/uploads\/2025\/04\/BOTTIMMO-GWsocialbild-Ratgeber-sanierung-einer-immobilie_Version-1_2021-01-15.jpeg\",\"contentUrl\":\"https:\/\/immobilien-lindstedt.bendit.de\/wp-content\/uploads\/2025\/04\/BOTTIMMO-GWsocialbild-Ratgeber-sanierung-einer-immobilie_Version-1_2021-01-15.jpeg\",\"width\":1200,\"height\":1200},{\"@type\":\"BreadcrumbList\",\"@id\":\"https:\/\/immobilien-lindstedt.bendit.de\/ratgeber\/energetische-sanierung\/#breadcrumb\",\"itemListElement\":[{\"@type\":\"ListItem\",\"position\":1,\"name\":\"Startseite\",\"item\":\"https:\/\/immobilien-lindstedt.bendit.de\/en\/\"},{\"@type\":\"ListItem\",\"position\":2,\"name\":\"Ratgeber\",\"item\":\"https:\/\/immobilien-lindstedt.bendit.de\/en\/advisor\/\"},{\"@type\":\"ListItem\",\"position\":3,\"name\":\"Energetische Sanierung\"}]},{\"@type\":\"WebSite\",\"@id\":\"https:\/\/immobilien-lindstedt.bendit.de\/en\/#website\",\"url\":\"https:\/\/immobilien-lindstedt.bendit.de\/en\/\",\"name\":\"Immobilien Lindstedt\",\"description\":\"\",\"publisher\":{\"@id\":\"https:\/\/immobilien-lindstedt.bendit.de\/en\/#organization\"},\"potentialAction\":[{\"@type\":\"SearchAction\",\"target\":{\"@type\":\"EntryPoint\",\"urlTemplate\":\"https:\/\/immobilien-lindstedt.bendit.de\/en\/?s={search_term_string}\"},\"query-input\":{\"@type\":\"PropertyValueSpecification\",\"valueRequired\":true,\"valueName\":\"search_term_string\"}}],\"inLanguage\":\"en-US\"},{\"@type\":\"Organization\",\"@id\":\"https:\/\/immobilien-lindstedt.bendit.de\/en\/#organization\",\"name\":\"Immobilien Lindstedt\",\"url\":\"https:\/\/immobilien-lindstedt.bendit.de\/en\/\",\"logo\":{\"@type\":\"ImageObject\",\"inLanguage\":\"en-US\",\"@id\":\"https:\/\/immobilien-lindstedt.bendit.de\/en\/#\/schema\/logo\/image\/\",\"url\":\"https:\/\/immobilien-lindstedt.bendit.de\/wp-content\/uploads\/2025\/04\/logo-mit-vip-transparent.png\",\"contentUrl\":\"https:\/\/immobilien-lindstedt.bendit.de\/wp-content\/uploads\/2025\/04\/logo-mit-vip-transparent.png\",\"width\":1018,\"height\":166,\"caption\":\"Immobilien Lindstedt\"},\"image\":{\"@id\":\"https:\/\/immobilien-lindstedt.bendit.de\/en\/#\/schema\/logo\/image\/\"},\"sameAs\":[\"https:\/\/www.facebook.com\/immobilienlindstedt\/\",\"https:\/\/x.com\/ImmoLindstedt\",\"https:\/\/www.linkedin.com\/in\/christian-lindstedt-8b7044b0\/\",\"https:\/\/www.instagram.com\/immobilien_lindstedt_gmbh\/\",\"https:\/\/www.youtube.com\/c\/ImmobilienLindstedt\"]}]}<\/script>\n<!-- \/ Yoast SEO plugin. -->","yoast_head_json":{"title":"Energy-efficient renovation - Immobilien Lindstedt","robots":{"index":"index","follow":"follow","max-snippet":"max-snippet:-1","max-image-preview":"max-image-preview:large","max-video-preview":"max-video-preview:-1"},"canonical":"https:\/\/immobilien-lindstedt.bendit.de\/en\/advisor\/energy-refurbishment\/","og_locale":"en_US","og_type":"article","og_title":"Energetische Sanierung - Immobilien Lindstedt","og_description":"Pers\u00f6nlicher PDF-Download Energetisches Sanieren: Das steckt wirklich dahinter Ein Viertel des nationalen Energieverbrauchs entf\u00e4llt auf Privathaushalte. Entsprechend h\u00e4lt das Thema Energiesparen nun rasanter denn je Einzug in die Immobilienwirtschaft. Nachhaltigkeit und Umweltschutz geh\u00f6ren zu den wichtigsten Zukunftsthemen \u2013 jetzt erleben Sie als Immobilieneigent\u00fcmer die Konsequenzen im eigenen Haus oder der eigenen Wohnung. F\u00f6rderangebote werden auf [&hellip;]","og_url":"https:\/\/immobilien-lindstedt.bendit.de\/en\/advisor\/energy-refurbishment\/","og_site_name":"Immobilien Lindstedt","article_publisher":"https:\/\/www.facebook.com\/immobilienlindstedt\/","article_modified_time":"2025-04-15T09:52:15+00:00","og_image":[{"width":1200,"height":1200,"url":"https:\/\/immobilien-lindstedt.bendit.de\/wp-content\/uploads\/2025\/04\/BOTTIMMO-GWsocialbild-Ratgeber-sanierung-einer-immobilie_Version-1_2021-01-15.jpeg","type":"image\/jpeg"}],"twitter_card":"summary_large_image","twitter_site":"@ImmoLindstedt","twitter_misc":{"Est. reading time":"1 minute"},"schema":{"@context":"https:\/\/schema.org","@graph":[{"@type":"WebPage","@id":"https:\/\/immobilien-lindstedt.bendit.de\/ratgeber\/energetische-sanierung\/","url":"https:\/\/immobilien-lindstedt.bendit.de\/ratgeber\/energetische-sanierung\/","name":"Energy-efficient renovation - Immobilien Lindstedt","isPartOf":{"@id":"https:\/\/immobilien-lindstedt.bendit.de\/en\/#website"},"primaryImageOfPage":{"@id":"https:\/\/immobilien-lindstedt.bendit.de\/ratgeber\/energetische-sanierung\/#primaryimage"},"image":{"@id":"https:\/\/immobilien-lindstedt.bendit.de\/ratgeber\/energetische-sanierung\/#primaryimage"},"thumbnailUrl":"https:\/\/immobilien-lindstedt.bendit.de\/wp-content\/uploads\/2025\/04\/BOTTIMMO-GWsocialbild-Ratgeber-sanierung-einer-immobilie_Version-1_2021-01-15.jpeg","datePublished":"2025-04-15T08:12:34+00:00","dateModified":"2025-04-15T09:52:15+00:00","breadcrumb":{"@id":"https:\/\/immobilien-lindstedt.bendit.de\/ratgeber\/energetische-sanierung\/#breadcrumb"},"inLanguage":"en-US","potentialAction":[{"@type":"ReadAction","target":["https:\/\/immobilien-lindstedt.bendit.de\/ratgeber\/energetische-sanierung\/"]}]},{"@type":"ImageObject","inLanguage":"en-US","@id":"https:\/\/immobilien-lindstedt.bendit.de\/ratgeber\/energetische-sanierung\/#primaryimage","url":"https:\/\/immobilien-lindstedt.bendit.de\/wp-content\/uploads\/2025\/04\/BOTTIMMO-GWsocialbild-Ratgeber-sanierung-einer-immobilie_Version-1_2021-01-15.jpeg","contentUrl":"https:\/\/immobilien-lindstedt.bendit.de\/wp-content\/uploads\/2025\/04\/BOTTIMMO-GWsocialbild-Ratgeber-sanierung-einer-immobilie_Version-1_2021-01-15.jpeg","width":1200,"height":1200},{"@type":"BreadcrumbList","@id":"https:\/\/immobilien-lindstedt.bendit.de\/ratgeber\/energetische-sanierung\/#breadcrumb","itemListElement":[{"@type":"ListItem","position":1,"name":"Startseite","item":"https:\/\/immobilien-lindstedt.bendit.de\/en\/"},{"@type":"ListItem","position":2,"name":"Ratgeber","item":"https:\/\/immobilien-lindstedt.bendit.de\/en\/advisor\/"},{"@type":"ListItem","position":3,"name":"Energetische Sanierung"}]},{"@type":"WebSite","@id":"https:\/\/immobilien-lindstedt.bendit.de\/en\/#website","url":"https:\/\/immobilien-lindstedt.bendit.de\/en\/","name":"Real Estate Lindstedt","description":"","publisher":{"@id":"https:\/\/immobilien-lindstedt.bendit.de\/en\/#organization"},"potentialAction":[{"@type":"SearchAction","target":{"@type":"EntryPoint","urlTemplate":"https:\/\/immobilien-lindstedt.bendit.de\/en\/?s={search_term_string}"},"query-input":{"@type":"PropertyValueSpecification","valueRequired":true,"valueName":"search_term_string"}}],"inLanguage":"en-US"},{"@type":"Organization","@id":"https:\/\/immobilien-lindstedt.bendit.de\/en\/#organization","name":"Real Estate Lindstedt","url":"https:\/\/immobilien-lindstedt.bendit.de\/en\/","logo":{"@type":"ImageObject","inLanguage":"en-US","@id":"https:\/\/immobilien-lindstedt.bendit.de\/en\/#\/schema\/logo\/image\/","url":"https:\/\/immobilien-lindstedt.bendit.de\/wp-content\/uploads\/2025\/04\/logo-mit-vip-transparent.png","contentUrl":"https:\/\/immobilien-lindstedt.bendit.de\/wp-content\/uploads\/2025\/04\/logo-mit-vip-transparent.png","width":1018,"height":166,"caption":"Immobilien Lindstedt"},"image":{"@id":"https:\/\/immobilien-lindstedt.bendit.de\/en\/#\/schema\/logo\/image\/"},"sameAs":["https:\/\/www.facebook.com\/immobilienlindstedt\/","https:\/\/x.com\/ImmoLindstedt","https:\/\/www.linkedin.com\/in\/christian-lindstedt-8b7044b0\/","https:\/\/www.instagram.com\/immobilien_lindstedt_gmbh\/","https:\/\/www.youtube.com\/c\/ImmobilienLindstedt"]}]}},"_links":{"self":[{"href":"https:\/\/immobilien-lindstedt.bendit.de\/en\/wp-json\/wp\/v2\/pages\/175","targetHints":{"allow":["GET"]}}],"collection":[{"href":"https:\/\/immobilien-lindstedt.bendit.de\/en\/wp-json\/wp\/v2\/pages"}],"about":[{"href":"https:\/\/immobilien-lindstedt.bendit.de\/en\/wp-json\/wp\/v2\/types\/page"}],"author":[{"embeddable":true,"href":"https:\/\/immobilien-lindstedt.bendit.de\/en\/wp-json\/wp\/v2\/users\/2"}],"replies":[{"embeddable":true,"href":"https:\/\/immobilien-lindstedt.bendit.de\/en\/wp-json\/wp\/v2\/comments?post=175"}],"version-history":[{"count":0,"href":"https:\/\/immobilien-lindstedt.bendit.de\/en\/wp-json\/wp\/v2\/pages\/175\/revisions"}],"up":[{"embeddable":true,"href":"https:\/\/immobilien-lindstedt.bendit.de\/en\/wp-json\/wp\/v2\/pages\/328"}],"wp:featuredmedia":[{"embeddable":true,"href":"https:\/\/immobilien-lindstedt.bendit.de\/en\/wp-json\/wp\/v2\/media\/179"}],"wp:attachment":[{"href":"https:\/\/immobilien-lindstedt.bendit.de\/en\/wp-json\/wp\/v2\/media?parent=175"}],"curies":[{"name":"wp","href":"https:\/\/api.w.org\/{rel}","templated":true}]}}